{"id":12176,"date":"2020-07-30T17:07:21","date_gmt":"2020-07-30T17:07:21","guid":{"rendered":"https:\/\/live-english.net\/?page_id=12176"},"modified":"2023-06-14T06:13:39","modified_gmt":"2023-06-14T06:13:39","slug":"faux-debutants","status":"publish","type":"page","link":"https:\/\/live-english.net\/fr\/cours-anglais-ligne\/cours-conversation-anglais\/faux-debutants\/","title":{"rendered":"Cours de conversation en anglais pour faux-d\u00e9butants"},"content":{"rendered":"<p>Si vous \u00eates un adulte qui ne pratiquez pas l&rsquo;anglais, vous \u00eates sans doute arriv\u00e9 \u00e0 la conclusion que l&rsquo;anglais est partout et qu&rsquo;il est temps pour vous de vous y mettre pour atteindre un niveau op\u00e9rationnel en anglais.<\/p>\n<p>Nos professeurs d&rsquo;anglais, sp\u00e9cialistes du niveau faux-d\u00e9butant, sont form\u00e9s \u00e0 nos m\u00e9thodes sp\u00e9cifiques qui vous aideront \u00e0 progresser en anglais.<\/p>\n<p>Si vous \u00eates plut\u00f4t int\u00e9ress\u00e9 par de la conversation anglaise pour niveaux plus avanc\u00e9s, consultez notre page d\u00e9di\u00e9e aux <a title=\"cours de conversation en anglais\" href=\"https:\/\/live-english.net\/english-courses\/spoken-english-course\/\">cours de conversation en anglais<\/a>.<br \/>\n<aside id=\"custom_html-81\" class=\"widget_text widget widget_custom_html amr_widget\"><div class=\"textwidget custom-html-widget\"><!--EN-->\r\n<aside id=\"custom_html-82\" class=\"widget_text widget widget_custom_html amr_widget\"><div class=\"textwidget custom-html-widget\"><a href=\"https:\/\/member.booknstart.com\/trial-registration?lg=fr&amp;referred_by=sCTA&amp;office_id=3\" title=\"Book a Free Trial Lesson\" target=\"_blank\" rel=\"noopener\"><img decoding=\"async\" src=\"https:\/\/live-english.net\/wp-content\/uploads\/2023\/02\/sCTA-fr2.jpg\" alt=\"Book your Free English Trial lesson\" \/><\/a><\/div><\/aside> <!--FR-->\r\n<!--IT-->\r\n<!--DE-->\r\n <!--ES-->\r\n <!--HE\r\n[do_widget id=custom_html-72] <!--RU-->\r\n<div>\r\n\t<br><br>\r\n<\/div><\/div><\/aside><\/p>\n<h2>Qu&rsquo;est-ce que le cours d&rsquo;anglais de conversation pour les faux-d\u00e9butants?<\/h2>\n<p>Il n&rsquo;est jamais trop tard pour apprendre l&rsquo;anglais. Ces cours ont \u00e9t\u00e9 con\u00e7us pour aider les adultes qui n&rsquo;ont pas \u00e9t\u00e9 suffisamment form\u00e9s en anglais et qui ont besoin d&rsquo;atteindre le niveau sup\u00e9rieur en anglais.<\/p>\n<p>Les professeurs d&rsquo;anglais qui enseignent aux faux-d\u00e9butants sont anglophones, ont \u00e9t\u00e9 form\u00e9s \u00e0 nos m\u00e9thodes et cr\u00e9ent un environnement bienveillant pour \u00eatre capable d&rsquo;apprendre l&rsquo;anglais en anglais.<\/p>\n<h2>Qu&rsquo;inclut le cours d&rsquo;anglais de conversation pour les faux-d\u00e9butants?<\/h2>\n<p><img fetchpriority=\"high\" decoding=\"async\" src=\"https:\/\/live-english.net\/wp-content\/uploads\/2023\/05\/elementary-levels-1024x1024.jpg\" alt=\"\" width=\"750\" height=\"422\" class=\"alignnone size-large wp-image-26851\" \/><br \/>\nCes cours comportent:<\/p>\n<ul>\n<li>des cours particuliers d&rsquo;anglais de conversation par Skype ou par Zoom \u00e0 votre rythme<\/li>\n<li>une r\u00e9vision des bases de grammaire et de vocabulaire<\/li>\n<li>des exercices propos\u00e9s pour consolider ce qui a \u00e9t\u00e9 appris en cours<\/li>\n<li>une attention particuli\u00e8re sur la prononciation anglaise<\/li>\n<\/ul>\n<h2>A qui sont destin\u00e9s les cours de conversation anglaise pour faux-d\u00e9butants?<\/h2>\n<p>Ces cours sont r\u00e9serv\u00e9s aux adultes qui n&rsquo;ont pas eu l&rsquo;opportunit\u00e9 de pratiquer l&rsquo;anglais depuis le lyc\u00e9e ou l&rsquo;universit\u00e9 et qui ont pour objectif de ma\u00eetriser l&rsquo;anglais.<\/p>\n<p>Notre m\u00e9thode est bas\u00e9e sur le concept de l&rsquo;immersion compl\u00e8te, qui est, \u00e0 notre sens, le meilleur mpyen de progresser en anglais et d&rsquo;apprendre l&rsquo;anglais en anglais. Il faut donc noter que ces cours ne sont pas adapt\u00e9s aux d\u00e9butants complets. Si vous avez au moins le niveau A2, vous trouverez \u00e0 travers ces cours, les outils et la pratique pour faire passer votre anglais au niveau sup\u00e9rieur.<\/p>\n<p>Etes-vous int\u00e9ress\u00e9 par des cours d&rsquo;anglais de conversation pour les faux-d\u00e9butants? Inscrivez-vous d\u00e8s maintenant et sans engagement \u00e0 un <a title=\"cours d&#039;essai gratuit d&#039;anglais\" href=\"https:\/\/live-english.net\/free-trial\/\">cours d&rsquo;essai gratuit d&rsquo;anglais<\/a> et d\u00e9couvrez par vous-m\u00eame comment des cours particuliers par Skype ou Zoom peuvent vous permettre de parler anglais en toute confiance.<\/p>\n <aside id=\"custom_html-66\" class=\"widget_text widget widget_custom_html amr_widget\"><div class=\"textwidget custom-html-widget\"><div>\r\n\t<br><br>\r\n<\/div>\r\n<!--EN-->\r\n<aside id=\"custom_html-74\" class=\"widget_text widget widget_custom_html amr_widget\"><div class=\"textwidget custom-html-widget\"><div><a href=\"https:\/\/member.booknstart.com\/trial-registration?lg=fr&amp;referred_by=CTA&amp;office_id=3\" title=\"Book a Free Trial Lesson\" target=\"_blank\" rel=\"noopener\"><img alt=\"Book your free English trial lesson\" src='https:\/\/live-english.net\/wp-content\/uploads\/2023\/02\/CTA-cours-gratuit.jpg'><\/a>\t\r\n<\/div><\/div><\/aside> <!--FR-->\r\n<!--IT-->\r\n<!--DE-->\r\n <!--ES-->\r\n <!--HE-->\r\n <!--RU--><\/div><\/aside>","protected":false},"excerpt":{"rendered":"<p>Si vous \u00eates un adulte qui ne pratiquez pas l&rsquo;anglais, vous \u00eates sans doute arriv\u00e9 \u00e0 la conclusion que l&rsquo;anglais est partout et qu&rsquo;il est temps pour vous de vous y mettre pour atteindre un niveau op\u00e9rationnel en anglais. Nos<\/p>\n","protected":false},"author":1,"featured_media":28973,"parent":266,"menu_order":0,"comment_status":"closed","ping_status":"closed","template":"","meta":{"_monsterinsights_skip_tracking":false,"_monsterinsights_sitenote_active":false,"_monsterinsights_sitenote_note":"","_monsterinsights_sitenote_category":0,"footnotes":""},"class_list":["post-12176","page","type-page","status-publish","hentry"],"_links":{"self":[{"href":"https:\/\/live-english.net\/fr\/wp-json\/wp\/v2\/pages\/12176","targetHints":{"allow":["GET"]}}],"collection":[{"href":"https:\/\/live-english.net\/fr\/wp-json\/wp\/v2\/pages"}],"about":[{"href":"https:\/\/live-english.net\/fr\/wp-json\/wp\/v2\/types\/page"}],"author":[{"embeddable":true,"href":"https:\/\/live-english.net\/fr\/wp-json\/wp\/v2\/users\/1"}],"replies":[{"embeddable":true,"href":"https:\/\/live-english.net\/fr\/wp-json\/wp\/v2\/comments?post=12176"}],"version-history":[{"count":4,"href":"https:\/\/live-english.net\/fr\/wp-json\/wp\/v2\/pages\/12176\/revisions"}],"predecessor-version":[{"id":26860,"href":"https:\/\/live-english.net\/fr\/wp-json\/wp\/v2\/pages\/12176\/revisions\/26860"}],"up":[{"embeddable":true,"href":"https:\/\/live-english.net\/fr\/wp-json\/wp\/v2\/pages\/266"}],"wp:featuredmedia":[{"embeddable":true,"href":"https:\/\/live-english.net\/fr\/wp-json\/wp\/v2\/media\/28973"}],"wp:attachment":[{"href":"https:\/\/live-english.net\/fr\/wp-json\/wp\/v2\/media?parent=12176"}],"curies":[{"name":"wp","href":"https:\/\/api.w.org\/{rel}","templated":true}]}}