{"id":23953,"date":"2023-02-07T14:29:15","date_gmt":"2023-02-07T14:29:15","guid":{"rendered":"https:\/\/live-english.net\/?page_id=23953"},"modified":"2023-06-23T09:05:47","modified_gmt":"2023-06-23T09:05:47","slug":"cambridge","status":"publish","type":"page","link":"https:\/\/live-english.net\/fr\/cours-anglais-ligne\/preparation-examen-anglais\/cambridge\/","title":{"rendered":"Pr\u00e9paration aux Examens de Cambridge"},"content":{"rendered":"<p>Une pr\u00e9paration aux examens de Cambridge avec Live-English.net vous permettra de couvrir tout ce dont vous aurez besoin pour r\u00e9ussir votre examen d&rsquo;anglais. Les professeurs d&rsquo;anglais en ligne charg\u00e9s d&rsquo;enseigner ces cours ont \u00e9t\u00e9 form\u00e9s aux diff\u00e9rentes \u00e9preuves de l&rsquo;examen. Certains d&rsquo;entre eux sont m\u00eame examinateurs officiels.<\/p>\n<p>Le cours d&rsquo;essai gratuit avec l&rsquo;un de nos professeurs vous donnera l&rsquo;occasion de discuter de la ou les parties de l&rsquo;examen de Cambridge pour lesquelles vous avez le plus besoin d&rsquo;aide. L&rsquo;\u00e9valuation de votre niveau d&rsquo;anglais vous permettra de commencer votre pr\u00e9paration \u00e0 l&rsquo;examen de la meilleure fa\u00e7on.<\/p>\n<p>En effet, pour optimiser sa pr\u00e9paration \u00e0 l&rsquo;examen de Cambridge, il est essentiel de d\u00e9finir vos objectifs et \u00e9valuer o\u00f9 vous en \u00eates. Ce sera le meilleur moyen de pr\u00e9parer et de r\u00e9ussir l&rsquo;examen en question.<br \/>\n<aside id=\"custom_html-81\" class=\"widget_text widget widget_custom_html amr_widget\"><div class=\"textwidget custom-html-widget\"><!--EN-->\r\n<aside id=\"custom_html-82\" class=\"widget_text widget widget_custom_html amr_widget\"><div class=\"textwidget custom-html-widget\"><a href=\"https:\/\/member.booknstart.com\/trial-registration?lg=fr&amp;referred_by=sCTA&amp;office_id=3\" title=\"Book a Free Trial Lesson\" target=\"_blank\" rel=\"noopener\"><img decoding=\"async\" src=\"https:\/\/live-english.net\/wp-content\/uploads\/2023\/02\/sCTA-fr2.jpg\" alt=\"Book your Free English Trial lesson\" \/><\/a><\/div><\/aside> <!--FR-->\r\n<!--IT-->\r\n<!--DE-->\r\n <!--ES-->\r\n <!--HE\r\n[do_widget id=custom_html-72] <!--RU-->\r\n<div>\r\n\t<br><br>\r\n<\/div><\/div><\/aside><\/p>\n<h2>Les examens de Cambridge\u00a0en quelques mots<\/h2>\n<p>Les examens de Cambridge sont diff\u00e9rents examens d&rsquo;anglais correspondant \u00e0 diff\u00e9rents niveau. Chacun d&rsquo;eux d\u00e9livre un certificat sans date d&rsquo;expiration ! Ce sont les examens d&rsquo;anglais les plus populaires et aussi les plus reconnus puisqu&rsquo;ils sont accept\u00e9s par les entreprises et les universit\u00e9s du monde entier.<\/p>\n<h2>Qu&rsquo;est-ce qui est inclus dans la pr\u00e9paration \u00e0 l&rsquo;examen de Cambridge\u00a0?<\/h2>\n<ul>\n<li>Vous recevrez une introduction \u00e0 l&rsquo;examen de Cambridge, vous ferez des exercices issus des tests officiels afin de vous familiariser avec les types d&rsquo;exercices comprendre pour mieux comprendre ce que l&rsquo;on attend de vous.<\/li>\n<li>Vous r\u00e9p\u00e9terez des exercices types de l&rsquo;examen de Cambridge auquel vous vous pr\u00e9parez<\/li>\n<li>Vous serez conseill\u00e9 sur la fa\u00e7on d&rsquo;am\u00e9liorer votre niveau d&rsquo;anglais<\/li>\n<li>Enfin, vous serez soutenu par votre professeur, qui vous aidera \u00e0 renforcer votre confiance en vous avant l&rsquo;examen.<\/li>\n<\/ul>\n<h2>Quels examens de Cambridge pouvez-vous vous pr\u00e9parer avec Live-English\u00a0?<\/h2>\n<div id=\"attachment_15380\" style=\"width: 490px\" class=\"wp-caption alignnone\"><img fetchpriority=\"high\" decoding=\"async\" aria-describedby=\"caption-attachment-15380\" class=\"size-full wp-image-15380\" src=\"https:\/\/live-english.net\/wp-content\/uploads\/2023\/02\/Prepare-cambridge-exams.jpg\" alt=\"\" width=\"480\" height=\"480\" \/><p id=\"caption-attachment-15380\" class=\"wp-caption-text\">Examens de Cambridge<\/p><\/div>\n<h3>B2 First (anciennement Cambridge English\u00a0: First Certificate in English (FCE)<\/h3>\n<p>B2 First est l&rsquo;examen de Cambridge le plus populaire, anciennement connu sous le nom de Cambridge English First FCE. Cet examen prouve que vous avez une bonne formation en anglais, que vous pouvez vivre et travailler dans un pays anglophone et qu&rsquo;il est accept\u00e9 par des milliers d&rsquo;entreprises et d&rsquo;\u00e9tablissements d&rsquo;enseignement dans le monde entier.<\/p>\n<p>R\u00e9ussir cet examen montre que vous \u00eates capable d&rsquo;exprimer votre opinion en anglais \u00e9crit et parl\u00e9, d&rsquo;\u00e9crire clairement et d&rsquo;\u00eatre capable de r\u00e9diger des rapports, des lettres, etc.<\/p>\n<h3>C1 Advanced (anciennement Cambridge English\u00a0: Advanced CAE)<\/h3>\n<p>C&rsquo;est une qualification de plus haut niveau qui montre que vous avez les comp\u00e9tences linguistiques que les employeurs et les universit\u00e9s recherchent. Il comporte 5 sections : lecture, \u00e9criture, \u00e9coute, anglais utilis\u00e9 et parl\u00e9. Les \u00e9tudiants qui r\u00e9ussissent le C1 Avanc\u00e9 peuvent communiquer couramment, \u00e0 un niveau professionnel, mais aussi suivre un cursus acad\u00e9mique.<\/p>\n<h3>C2\u00a0Proficiency (anciennement connu sous le nom de Cambridge English\u00a0: Proficiency CPE)<\/h3>\n<p>C&rsquo;est la qualification la plus \u00e9lev\u00e9e &#8211; la preuve que vous \u00eates un locuteur tr\u00e8s comp\u00e9tent en anglais. Cet examen est le plus difficile de tous les examens et r\u00e9ussir cet examen signifie que vous \u00eates capable de travailler ou d&rsquo;\u00e9tudier et de communiquer efficacement dans un environnement professionnel et acad\u00e9mique.<\/p>\n<h2>\u00c0 qui s&rsquo;adresse le cours de pr\u00e9paration aux examens de Cambridge en ligne\u00a0?<\/h2>\n<p>Il s&rsquo;adresse \u00e0 tous ceux qui souhaitent obtenir un examen officiel international reconnu par les universit\u00e9s et les entreprises du monde entier. En pr\u00e9parant cet examen, vous serez amen\u00e9 \u00e0 d\u00e9velopper vos comp\u00e9tences en communication dans la vie r\u00e9elle et \u00e0 vraiment am\u00e9liorer votre anglais. Dans le m\u00eame temps, les certificats d&rsquo;examen de Cambridge seront un atout majeur pour postuler \u00e0 un poste dans des entreprises du monde entier ou \u00e0 des programmes d&rsquo;\u00e9tudes sup\u00e9rieures dans des universit\u00e9s.<\/p>\n<p><strong>Souhaitez-vous en savoir plus sur le cours de pr\u00e9paration aux examens de Cambridge\u00a0? Inscrivez-vous maintenant pour un <a title=\"le\u00e7on d&#039;essai gratuite d&#039;anglais\" href=\"https:\/\/live-english.net\/free-trial\/\">cours d&rsquo;essai gratuite<\/a> et discutez de vos besoins et objectifs avec l&rsquo;un de nos professeurs en ligne.<\/strong><\/p>\n<h2>Pour aller plus loin<\/h2>\n<ul>\n<li>D\u00e9couvrez l&rsquo;<a title=\"Examen C1 avanc\u00e9\" href=\"https:\/\/live-english.net\/certificate-advanced-english-cae-exam\/\">Examen C1 avanc\u00e9<\/a><\/li>\n<li>D\u00e9tails sur <a title=\"\u00e9preuve de compr\u00e9hension orale de l&#039;examen de Cambridge\" href=\"https:\/\/live-english.net\/cambridge-proficiency-listening-exam\/\">l&rsquo;\u00e9preuve de compr\u00e9hension orale de l&rsquo;examen de Cambridge<\/a><\/li>\n<li>Conseils pour se pr\u00e9parer au <a title=\"B2 First Speaking test\" href=\"https:\/\/live-english.net\/first-certificate-in-english-exam-fce-speaking-test\/\">B2 First Speaking test<\/a><\/li>\n<\/ul>\n <aside id=\"custom_html-66\" class=\"widget_text widget widget_custom_html amr_widget\"><div class=\"textwidget custom-html-widget\"><div>\r\n\t<br><br>\r\n<\/div>\r\n<!--EN-->\r\n<aside id=\"custom_html-74\" class=\"widget_text widget widget_custom_html amr_widget\"><div class=\"textwidget custom-html-widget\"><div><a href=\"https:\/\/member.booknstart.com\/trial-registration?lg=fr&amp;referred_by=CTA&amp;office_id=3\" title=\"Book a Free Trial Lesson\" target=\"_blank\" rel=\"noopener\"><img alt=\"Book your free English trial lesson\" src='https:\/\/live-english.net\/wp-content\/uploads\/2023\/02\/CTA-cours-gratuit.jpg'><\/a>\t\r\n<\/div><\/div><\/aside> <!--FR-->\r\n<!--IT-->\r\n<!--DE-->\r\n <!--ES-->\r\n <!--HE-->\r\n <!--RU--><\/div><\/aside>","protected":false},"excerpt":{"rendered":"<p>Une pr\u00e9paration aux examens de Cambridge avec Live-English.net vous permettra de couvrir tout ce dont vous aurez besoin pour r\u00e9ussir votre examen d&rsquo;anglais. Les professeurs d&rsquo;anglais en ligne charg\u00e9s d&rsquo;enseigner ces cours ont \u00e9t\u00e9 form\u00e9s aux diff\u00e9rentes \u00e9preuves de l&rsquo;examen.<\/p>\n","protected":false},"author":1,"featured_media":29701,"parent":280,"menu_order":0,"comment_status":"closed","ping_status":"closed","template":"","meta":{"footnotes":""},"class_list":["post-23953","page","type-page","status-publish","hentry"],"_links":{"self":[{"href":"https:\/\/live-english.net\/fr\/wp-json\/wp\/v2\/pages\/23953","targetHints":{"allow":["GET"]}}],"collection":[{"href":"https:\/\/live-english.net\/fr\/wp-json\/wp\/v2\/pages"}],"about":[{"href":"https:\/\/live-english.net\/fr\/wp-json\/wp\/v2\/types\/page"}],"author":[{"embeddable":true,"href":"https:\/\/live-english.net\/fr\/wp-json\/wp\/v2\/users\/1"}],"replies":[{"embeddable":true,"href":"https:\/\/live-english.net\/fr\/wp-json\/wp\/v2\/comments?post=23953"}],"version-history":[{"count":6,"href":"https:\/\/live-english.net\/fr\/wp-json\/wp\/v2\/pages\/23953\/revisions"}],"predecessor-version":[{"id":29709,"href":"https:\/\/live-english.net\/fr\/wp-json\/wp\/v2\/pages\/23953\/revisions\/29709"}],"up":[{"embeddable":true,"href":"https:\/\/live-english.net\/fr\/wp-json\/wp\/v2\/pages\/280"}],"wp:featuredmedia":[{"embeddable":true,"href":"https:\/\/live-english.net\/fr\/wp-json\/wp\/v2\/media\/29701"}],"wp:attachment":[{"href":"https:\/\/live-english.net\/fr\/wp-json\/wp\/v2\/media?parent=23953"}],"curies":[{"name":"wp","href":"https:\/\/api.w.org\/{rel}","templated":true}]}}