{"id":277,"date":"2018-06-03T19:27:14","date_gmt":"2018-06-03T19:27:14","guid":{"rendered":"https:\/\/live-english.net\/?page_id=277"},"modified":"2025-11-12T13:30:45","modified_gmt":"2025-11-12T13:30:45","slug":"cours-anglais-affaires","status":"publish","type":"page","link":"https:\/\/live-english.net\/fr\/cours-anglais-ligne\/cours-anglais-affaires\/","title":{"rendered":"Cours d&rsquo;anglais des affaires et anglais professionnel"},"content":{"rendered":"<p>L&rsquo;anglais est la langue des affaires par excellence. Aussi n&rsquo;est-il pas \u00e9tonnant que l&rsquo;anglais des affaires et l&rsquo;anglais professionnel en g\u00e9n\u00e9ral soient un centre d&rsquo;int\u00e9r\u00eat certain aurp\u00e8s de nos apprenants, et vous aussi sans doute si vous \u00eates arriv\u00e9 sur cette page.<\/p>\n<p>Live-English.net a con\u00e7u un programme d&rsquo;anglais des affaires et professionnel pour aider tous ceux qui souhaitent pouvoir s&rsquo;exprimer en anglais plus ais\u00e9ment dans un contexte professionnel. En effet, un bon niveau d&rsquo;anglais permet de ne pas \u00eatre \u00e0 la traine lorsqu&rsquo;on est amen\u00e9 \u00e0 travailler avec des coll\u00e8gues ou partenaires \u00e9trangers.<\/p>\n<h2>L&rsquo;anglais des affaires en ligne, un atout pour votre d\u00e9veloppement de carri\u00e8re<\/h2>\n<p>En tant que professionnel, chef d&rsquo;entreprise, consultant, il est probablement tr\u00e8s difficile de trouver le temps de se consacrer \u00e0 l&rsquo;apprentissage de l&rsquo;anglais. Et pourtant, c&rsquo;est une comp\u00e9tence cruciale pour son d\u00e9veloppement de carri\u00e8re. Gr\u00e2ce aux cours d&rsquo;angais de Live-English.net, que se soit par Zoom ou par Google Meet, vous pourrez \u00e9tudier efficacement sur les points qui vous int\u00e9ressent et sur les th\u00e8mes qui sont importants pour vous de ma\u00eetriser.<br \/>\n<aside id=\"custom_html-81\" class=\"widget_text widget widget_custom_html amr_widget\"><div class=\"textwidget custom-html-widget\"><!--EN-->\r\n<aside id=\"custom_html-82\" class=\"widget_text widget widget_custom_html amr_widget\"><div class=\"textwidget custom-html-widget\"><a href=\"https:\/\/member.booknstart.com\/trial-registration?lg=fr&amp;referred_by=sCTA&amp;office_id=3\" title=\"Book a Free Trial Lesson\" target=\"_blank\" rel=\"noopener\"><img decoding=\"async\" src=\"https:\/\/live-english.net\/wp-content\/uploads\/2023\/02\/sCTA-fr2.jpg\" alt=\"Book your Free English Trial lesson\" \/><\/a><\/div><\/aside> <!--FR-->\r\n<!--IT-->\r\n<!--DE-->\r\n <!--ES-->\r\n <!--HE\r\n[do_widget id=custom_html-72] <!--RU-->\r\n<div>\r\n\t<br><br>\r\n<\/div><\/div><\/aside><\/p>\n<h2>L&rsquo;anglais des affaires en ligne<\/h2>\n<p>Avec notre cours d&rsquo;anglais des affaires par Internet, vous pourrez:<\/p>\n<ul>\n<li>Choisir un parcours adapt\u00e9 \u00e0 votre domaine professionnel et utiliser les ressources adapt\u00e9es.<\/li>\n<li>Etudier avec les professeurs qui sont sp\u00e9cialis\u00e9s dans votre domaine professionnel.<\/li>\n<li>Am\u00e9liorer votre capacit\u00e9 \u00e0 communiquer ais\u00e9ment en anglais dans un cadre professionnel.<\/li>\n<li>D\u00e9couvrir les secrets pour communiquer en anglais avec un anglais sans faute et en allant droit au but.<\/li>\n<\/ul>\n<h2>Choisissez votrre parcours d&rsquo;anglais des affaires et d&rsquo;anglais professionnel<\/h2>\n<ul>\n<li><a title=\"Anglais des affaires g\u00e9n\u00e9ral\" href=\"https:\/\/live-english.net\/english-courses\/business-english-course\/general-business-english\/\">Anglais des affaires g\u00e9n\u00e9ral<\/a> &#8211; \u00e9tudiez l&rsquo;anglais des affaires de fa\u00e7on globale et passez en revue de nombreux th\u00e8mes professionnels.<\/li>\n<li><a title=\"Ressources humaines\" href=\"https:\/\/live-english.net\/english-courses\/business-english-course\/business-english-course-human-resources\/\">Ressources humaines<\/a> &#8211; d\u00e9batez sur des sujets li\u00e9s aux ressources humaines avec des professeurs d&rsquo;anglais anglophones qui ont de l&rsquo;exp\u00e9rience dans les ressources humaines.<\/li>\n<li><a title=\"Finance &amp; comptabilit\u00e9\" href=\"https:\/\/live-english.net\/english-courses\/business-english-course\/business-english-course-finance-accounting\/\">Finance &amp; comptabilit\u00e9<\/a>&#8211; am\u00e9liorez votre anglais \u00e0 travers les nombreux aspects de la finance et de la comptabilit\u00e9: la banque, la bourse, la finance, l&rsquo;assurance, etc.<\/li>\n<li><a title=\"Vente et marketing\" href=\"https:\/\/live-english.net\/english-courses\/business-english-course\/business-english-sales-marketing\/\">Vente et marketing<\/a> &#8211; \u00e9tudiez ce domaine en constante \u00e9volution et soyez au courant de ce qui se passe outre-Atlantique et outre-Manche.<\/li>\n<li><a title=\"Sciences &amp; technologies\" href=\"https:\/\/live-english.net\/english-courses\/business-english-course\/professional-english-course-science-technology\/\">Sciences &amp; technologies<\/a>&#8211; montez d&rsquo;un cran votre niveau d&rsquo;anglais en vous concentrant sur des ressources li\u00e9es aux sciences et aux technologies.<\/li>\n<li><a title=\"Anglais m\u00e9dical\" href=\"https:\/\/live-english.net\/english-courses\/business-english-course\/professional-english-course-medical-english\/\">Anglais m\u00e9dical<\/a> &#8211; Si vous travaillez directement ou indirectement dans le domaine m\u00e9dical, ces cours vous permettront de mieux communiquer en anglais avec des coll\u00e8gues ou des patients.<\/li>\n<li><a title=\"D\u00e9veloppement personnel\" href=\"https:\/\/live-english.net\/english-courses\/business-english-course\/business-english-course-personal-development\/\">D\u00e9veloppement personnel<\/a> &#8211;\u00a0 am\u00e9liorez votre anglais autour des <em>Soft Skills<\/em>! Si vous \u00eates un manager, un consultant, un coach, et que votre niveau d&rsquo;anglais est interm\u00e9diaire \u00e0 avanc\u00e9, ce cours est pour vous.<\/li>\n<\/ul>\n<p style=\"text-align: center;\"><iframe title=\"YouTube video player\" src=\"https:\/\/www.youtube.com\/embed\/DrV8sjnqrOI\" width=\"560\" height=\"315\" frameborder=\"0\" allowfullscreen=\"allowfullscreen\"><\/iframe><\/p>\n<p>Si vous avez un <a title=\"entretien d&#039;embauche en anglais \u00e0 pr\u00e9parer\" href=\"https:\/\/live-english.net\/fr\/cours-anglais-ligne\/preparation-entretien-anglais\/\">entretien d&#8217;embauche en anglais \u00e0 pr\u00e9parer<\/a>, vous pourrez utiliser vos cours pour vous entrainer aux questions types d&rsquo;entretien et prendre des cours de fa\u00e7on intensive.<\/p>\n<p>Tous nos cours d&rsquo;anglais des affaires comprennent de la <a title=\"conversation en anglais\" href=\"https:\/\/live-english.net\/fr\/cours-anglais-ligne\/cours-conversation-anglais\/\">conversation en anglais<\/a>, car dans toute situation professionnelle, on est amen\u00e9 \u00e0 parler de la pluie et du beau temps et il faut savoir le faire en anglais!<\/p>\n<p style=\"text-align: center;\"><strong>Besoin d&rsquo;aide pour choisir le bon parcours?<br \/>\n<a href=\"https:\/\/live-english.net\/free-evaluation\/\">Prenez rendez-vous pour un cours d&rsquo;essai gratuit<\/a> avec l&rsquo;un de nos professeurs.\u00a0<\/strong><\/p>\n<h2>Des cours d&rsquo;anglais des affaires efficaces<\/h2>\n<p>Vous ne perderez pas de temps dans les transports pour vous rendre dans une \u00e9cole de langue. Vous ne serez pas d\u00e9pendants des autres participants d&rsquo;une classe d&rsquo;anglais. Les cours sont tourn\u00e9s vers vos besoins et vos objectifs. Vous pourrez facilement planifier des cours de 30 min, que se soit avant d&rsquo;aller au travail, \u00e0 la pause d\u00e9jeuner ou le soir une fois rentr\u00e9 \u00e0 la maison. Choisissez la plage horaire qui vous convient et nous sommes l\u00e0 pour vous aider \u00e0 am\u00e9liorer votre anglais des affaires!<\/p>\n<h2>Des professeurs d&rsquo;anglais des affaires en ligne exp\u00e9riment\u00e9s<\/h2>\n<p>Quand vous choisissez d&rsquo;\u00e9tudier l&rsquo;anglais des affaires sp\u00e9cifiquement, vous aurez en face de vous des professeurs d&rsquo;anglais anglophones, certifi\u00e9s et \u00e9galement sp\u00e9cialis\u00e9s en anglais des affaires. Nous recrutons et formons les professeurs d&rsquo;anglais des affaires qui proviennent souvent du monde des affaires eux-m\u00eame. Ainsi les cours s&rsquo;enrichissent d&rsquo;une connaissance pointue des domaines qui vous passionnent selon votre sp\u00e9cialit\u00e9: la finance, les ressources humaines, la vente, le marketing et bien d&rsquo;autres encore.<\/p>\n<h2>La formule Premium<\/h2>\n<p>Nos cours d&rsquo;anglais Premium sont \u00e9galement un excellent moyen de se pr\u00e9parer avant une pr\u00e9sentation en anglais. Vous pourrez amener vos propres supports en toute confidentialit\u00e9.<\/p>\n<p>Parmi les nombreux avantages de la formule Premium, vous avez acc\u00e8s en plus \u00e0 nos <strong>cours d&rsquo;anglais \u00e0 l&rsquo;\u00e9crit<\/strong>, \u00e0 un <strong>compte-rendu Premium<\/strong> apr\u00e8s chaque session, <strong>un enregistrement des cours <\/strong> sur demande, un acc\u00e8s complet \u00e0 la <strong>Study Box,<\/strong> notre plate-forme d&rsquo;apprentissage en ligne, et un acc\u00e8s exclusif \u00e0 notre Communaut\u00e9 Premium.<\/p>\n<table>\n<tbody>\n<tr>\n<td bgcolor=\"#F8F8F8\" width=\"500\">\n<h2 style=\"text-align: center;\">Livret d&rsquo;anglais des affaires<\/h2>\n<p>Les cours d&rsquo;anglais des affaires se nourrissent de diff\u00e9rent types de resources p\u00e9dagogiques. En plus des articles d&rsquo;actualit\u00e9 commerciale disponibles dans la Study Box, nous mettons \u00e0 disposition de nos apprenants un livret d&rsquo;anglais des affaires qui couvre des sujets vari\u00e9s \u00e0 travers des mises en situation. L&rsquo;anglais commercial n&rsquo;aura plus de secret pour vous et vous ma\u00eetriserez le vocable utilis\u00e9 dans votre domaine.<\/p>\n<p><img decoding=\"async\" class=\"aligncenter size-medium wp-image-3372\" src=\"https:\/\/live-english.net\/wp-content\/uploads\/2022\/12\/business-english-ebook.jpeg\" alt=\"ebook d'anglais des affaires\" height=\"300\" \/><\/p>\n<p>Recevez gratuitement un chapitre du livret d&rsquo;anglais des affaires en vous inscrivant ci-dessous:<\/p>\n<hr \/>\n<form class=\"af-form-wrapper\" accept-charset=\"UTF-8\" action=\"https:\/\/member.booknstart.com\/lead\" method=\"post\">\n<div style=\"display: none;\"><input name=\"office\" type=\"hidden\" value=\"3\" \/><br \/>\n<input name=\"email\" type=\"hidden\" value=\"\" \/><br \/>\n<input name=\"lg\" type=\"hidden\" value=\"fr\" \/><br \/>\n<input name=\"leadsource\" type=\"hidden\" value=\"3\" \/><br \/>\n<input name=\"redirect\" type=\"hidden\" value=\"21\" \/><\/div>\n<div id=\"af-form-484139495\" class=\"af-form\">\n<div id=\"af-body-484139495\" class=\"af-body af-standards\">\n<div class=\"af-element\">\n<p><label class=\"previewLabel\" for=\"awf_field-34440661-first\">Pr\u00e9nom:<\/label><\/p>\n<div class=\"af-textWrap\"><input id=\"awf_field-34440661-first\" class=\"text\" tabindex=\"400\" name=\"fname\" type=\"text\" value=\"\" \/><\/div>\n<div class=\"af-clear\"><\/div>\n<\/div>\n<div class=\"af-element\">\n<p><label class=\"previewLabel\" for=\"awf_field-34440661-last\">Nom:<\/label><\/p>\n<div class=\"af-textWrap\"><input id=\"awf_field-34440661-last\" class=\"text\" tabindex=\"401\" name=\"lname\" type=\"text\" value=\"\" \/><\/div>\n<div class=\"af-clear\"><\/div>\n<\/div>\n<div class=\"af-element\">\n<p><label class=\"previewLabel\" for=\"awf_field-34440662\">Email: <\/label><\/p>\n<div class=\"af-textWrap\"><input id=\"awf_field-34440662\" class=\"text\" tabindex=\"402\" name=\"alternate\" type=\"text\" value=\"\" \/><\/div>\n<div class=\"af-clear\"><\/div>\n<\/div>\n<div class=\"af-element buttonContainer\">\n<p><input class=\"submit\" tabindex=\"403\" name=\"submit\" type=\"submit\" value=\"Envoyez\" \/><\/p>\n<div class=\"af-clear\"><\/div>\n<\/div>\n<div class=\"af-element privacyPolicy\" style=\"text-align: center;\">\n<p>Nous respectons les directives europ\u00e9ennes en terme de protection des donn\u00e9es personnelles RGPD<\/p>\n<div class=\"af-clear\"><\/div>\n<\/div>\n<\/div>\n<\/div>\n<\/form>\n<\/td>\n<\/tr>\n<\/tbody>\n<\/table>\n<h2>Le blog d&rsquo;anglais des affaires<\/h2>\n<p>N&rsquo;h\u00e9sitez pas \u00e0 visiter notre blog pour trouver des conseils et des resources pour am\u00e9liorer son anglais des affaires en ligne.<\/p>\n<h2>Pour aller plus loin:<\/h2>\n<ul>\n<li>Retrouvez nos conseils sur notre\u00a0<a title=\"blog d&#039;anglais des affaires\" href=\"https:\/\/live-english.net\/fr\/category\/anglais-affaires\/\">blog d&rsquo;anglais des affaires<\/a>, et and am\u00e9liorez votre anglais des affaires d\u00e8s maintenant!<\/li>\n<li>D\u00e9couvrez pourquoi nous conseillons\u00a0de prendre vos <a title=\"cours d&#039;anglais des affaires par Zoom\" href=\"https:\/\/live-english.net\/online-english-school\/english-video-conference-zoom\/\">cours d&rsquo;anglais des affaires par Zoom<\/a>?<\/li>\n<li>Est-ce que les <a title=\"cours d&#039;anglais des affaires par t\u00e9l\u00e9phone\" href=\"https:\/\/live-english.net\/online-english-school\/english-by-phone\/\">cours d&rsquo;anglais des affaires par t\u00e9l\u00e9phone<\/a>\u00a0marchent?<\/li>\n<li>Consultez les\u00a0<a title=\"avis apprenants Live-English.net\" href=\"https:\/\/live-english.net\/testimonials-students\/\"><em>success stories<\/em> des apprenants Live-English.net<\/a> du monde entier!<\/li>\n<\/ul>\n<hr \/>\n <aside id=\"custom_html-66\" class=\"widget_text widget widget_custom_html amr_widget\"><div class=\"textwidget custom-html-widget\"><div>\r\n\t<br><br>\r\n<\/div>\r\n<!--EN-->\r\n<aside id=\"custom_html-74\" class=\"widget_text widget widget_custom_html amr_widget\"><div class=\"textwidget custom-html-widget\"><div><a href=\"https:\/\/member.booknstart.com\/trial-registration?lg=fr&amp;referred_by=CTA&amp;office_id=3\" title=\"Book a Free Trial Lesson\" target=\"_blank\" rel=\"noopener\"><img alt=\"Book your free English trial lesson\" src='https:\/\/live-english.net\/wp-content\/uploads\/2023\/02\/CTA-cours-gratuit.jpg'><\/a>\t\r\n<\/div><\/div><\/aside> <!--FR-->\r\n<!--IT-->\r\n<!--DE-->\r\n <!--ES-->\r\n <!--HE-->\r\n <!--RU--><\/div><\/aside>","protected":false},"excerpt":{"rendered":"<p>L&rsquo;anglais est la langue des affaires par excellence. Aussi n&rsquo;est-il pas \u00e9tonnant que l&rsquo;anglais des affaires et l&rsquo;anglais professionnel en g\u00e9n\u00e9ral soient un centre d&rsquo;int\u00e9r\u00eat certain aurp\u00e8s de nos apprenants, et vous aussi sans doute si vous \u00eates arriv\u00e9 sur<\/p>\n","protected":false},"author":1,"featured_media":24930,"parent":268,"menu_order":0,"comment_status":"closed","ping_status":"closed","template":"","meta":{"_monsterinsights_skip_tracking":false,"_monsterinsights_sitenote_active":false,"_monsterinsights_sitenote_note":"","_monsterinsights_sitenote_category":0,"footnotes":""},"class_list":["post-277","page","type-page","status-publish","hentry"],"_links":{"self":[{"href":"https:\/\/live-english.net\/fr\/wp-json\/wp\/v2\/pages\/277","targetHints":{"allow":["GET"]}}],"collection":[{"href":"https:\/\/live-english.net\/fr\/wp-json\/wp\/v2\/pages"}],"about":[{"href":"https:\/\/live-english.net\/fr\/wp-json\/wp\/v2\/types\/page"}],"author":[{"embeddable":true,"href":"https:\/\/live-english.net\/fr\/wp-json\/wp\/v2\/users\/1"}],"replies":[{"embeddable":true,"href":"https:\/\/live-english.net\/fr\/wp-json\/wp\/v2\/comments?post=277"}],"version-history":[{"count":6,"href":"https:\/\/live-english.net\/fr\/wp-json\/wp\/v2\/pages\/277\/revisions"}],"predecessor-version":[{"id":43807,"href":"https:\/\/live-english.net\/fr\/wp-json\/wp\/v2\/pages\/277\/revisions\/43807"}],"up":[{"embeddable":true,"href":"https:\/\/live-english.net\/fr\/wp-json\/wp\/v2\/pages\/268"}],"wp:featuredmedia":[{"embeddable":true,"href":"https:\/\/live-english.net\/fr\/wp-json\/wp\/v2\/media\/24930"}],"wp:attachment":[{"href":"https:\/\/live-english.net\/fr\/wp-json\/wp\/v2\/media?parent=277"}],"curies":[{"name":"wp","href":"https:\/\/api.w.org\/{rel}","templated":true}]}}