{"id":280,"date":"2018-06-03T19:56:40","date_gmt":"2018-06-03T19:56:40","guid":{"rendered":"https:\/\/live-english.net\/?page_id=280"},"modified":"2023-09-18T08:17:24","modified_gmt":"2023-09-18T08:17:24","slug":"preparation-examen-anglais","status":"publish","type":"page","link":"https:\/\/live-english.net\/fr\/cours-anglais-ligne\/preparation-examen-anglais\/","title":{"rendered":"Pr\u00e9paration \u00e0 un examen d&rsquo;anglais"},"content":{"rendered":"\t\t<div data-elementor-type=\"wp-page\" data-elementor-id=\"280\" class=\"elementor elementor-280 elementor-111\" data-elementor-post-type=\"page\">\n\t\t\t\t\t\t<section class=\"elementor-section elementor-top-section elementor-element elementor-element-4d44f4e6 elementor-section-boxed elementor-section-height-default elementor-section-height-default\" data-id=\"4d44f4e6\" data-element_type=\"section\">\n\t\t\t\t\t\t<div class=\"elementor-container elementor-column-gap-default\">\n\t\t\t\t\t<div class=\"elementor-column elementor-col-100 elementor-top-column elementor-element elementor-element-d59550f\" data-id=\"d59550f\" data-element_type=\"column\">\n\t\t\t<div class=\"elementor-widget-wrap elementor-element-populated\">\n\t\t\t\t\t\t<div class=\"elementor-element elementor-element-7d1ea9ab elementor-widget elementor-widget-text-editor\" data-id=\"7d1ea9ab\" data-element_type=\"widget\" data-widget_type=\"text-editor.default\">\n\t\t\t\t<div class=\"elementor-widget-container\">\n\t\t\t\t\t\t\t\t\t<p>Pr\u00e9parez vos examens d\u2019anglais sans bouger de chez vous et communiquez par Skype ou par t\u00e9l\u00e9phone en direct live avec nos professeurs d\u2019anglais Live-English.net.<\/p><p>Pour vous aider \u00e0 r\u00e9ussir votre examen d\u2019anglais, nous mettons \u00e0 votre dispostion des professeurs d\u2019anglais, exclusivement anglo-saxons, qui ont de longues ann\u00e9es d\u2019exp\u00e9rience dans l\u2019enseignement de l\u2019anglais comme langue \u00e9trang\u00e8re, et qui connaissent bien les examens internationaux que vous devez passer.<br \/><aside id=\"custom_html-81\" class=\"widget_text widget widget_custom_html amr_widget\"><div class=\"textwidget custom-html-widget\"><!--EN-->\r\n<aside id=\"custom_html-82\" class=\"widget_text widget widget_custom_html amr_widget\"><div class=\"textwidget custom-html-widget\"><a href=\"https:\/\/member.booknstart.com\/trial-registration?lg=fr&#038;referred_by=sCTA&#038;office_id=3\" title=\"Book a Free Trial Lesson\" target=\"_blank\" rel=\"noopener\"><img decoding=\"async\" src=\"https:\/\/live-english.net\/wp-content\/uploads\/2023\/02\/sCTA-fr2.jpg\" alt=\"Book your Free English Trial lesson\" \/><\/a><\/div><\/aside> <!--FR-->\r\n<!--IT-->\r\n<!--DE-->\r\n <!--ES-->\r\n <!--HE\r\n[do_widget id=custom_html-72] <!--RU-->\r\n<div>\r\n\t<br><br>\r\n<\/div><\/div><\/aside><\/p><h2>Les examens d\u2019anglais auxquels nous pr\u00e9parons<\/h2><p>Chaque examen d&rsquo;anglais repose sur des besoins et objectifs diff\u00e9rents, et des \u00e9preuves qui reposent sur diff\u00e9rents exercices \u00e0 pr\u00e9parer.<\/p><ul><li>TOEIC: un examen tr\u00e8s populaire pour prouver son niveau d&rsquo;anglais \u00e0 un \u00e9ventuel employeur<\/li><li>TOEFL IBT: utile si l&rsquo;on doit se rendre dans une universit\u00e9 am\u00e9ricaines<\/li><li><a title=\"IELTS\" href=\"https:\/\/live-english.net\/fr\/cours-anglais-ligne\/preparation-examen-anglais\/ielts\/\">IELTS<\/a>: n\u00e9cessaire pour obtenir un visa pour certains pays anglophones comme l&rsquo;Australie<\/li><li>First Certificate of Cambridge: si vous souhaitez donner des preuves de votre ma\u00eetrise de l&rsquo;anglais<\/li><li>Proficiency Certificate of Cambridge: pour montrer que vous \u00eates au dessus de la moyenne et que vous avez un excellent niveau d&rsquo;anglais<\/li><li>les oraux d\u2019anglais des concours aux grandes \u00e9coles: les fameux oraux qu&rsquo;il ne faut pas n\u00e9gliger car ils sont la cl\u00e9s des admissions aux grandes \u00e9coles<\/li><\/ul>\t\t\t\t\t\t\t\t<\/div>\n\t\t\t\t<\/div>\n\t\t\t\t\t<\/div>\n\t\t<\/div>\n\t\t\t\t\t<\/div>\n\t\t<\/section>\n\t\t\t\t<section class=\"elementor-section elementor-top-section elementor-element elementor-element-abfb4a9 elementor-section-boxed elementor-section-height-default elementor-section-height-default\" data-id=\"abfb4a9\" data-element_type=\"section\">\n\t\t\t\t\t\t<div class=\"elementor-container elementor-column-gap-default\">\n\t\t\t\t\t<div class=\"elementor-column elementor-col-100 elementor-top-column elementor-element elementor-element-3fb8514\" data-id=\"3fb8514\" data-element_type=\"column\">\n\t\t\t<div class=\"elementor-widget-wrap\">\n\t\t\t\t\t\t\t<\/div>\n\t\t<\/div>\n\t\t\t\t\t<\/div>\n\t\t<\/section>\n\t\t\t\t<section class=\"elementor-section elementor-top-section elementor-element elementor-element-291ffa7 elementor-section-stretched elementor-section-boxed elementor-section-height-default elementor-section-height-default\" data-id=\"291ffa7\" data-element_type=\"section\" data-settings=\"{&quot;stretch_section&quot;:&quot;section-stretched&quot;}\">\n\t\t\t\t\t\t<div class=\"elementor-container elementor-column-gap-default\">\n\t\t\t\t\t<div class=\"elementor-column elementor-col-25 elementor-top-column elementor-element elementor-element-92764e8\" data-id=\"92764e8\" data-element_type=\"column\">\n\t\t\t<div class=\"elementor-widget-wrap elementor-element-populated\">\n\t\t\t\t\t\t<div class=\"elementor-element elementor-element-146bed5 elementor-cta--skin-classic elementor-animated-content elementor-bg-transform elementor-bg-transform-zoom-in elementor-widget elementor-widget-call-to-action\" data-id=\"146bed5\" data-element_type=\"widget\" data-widget_type=\"call-to-action.default\">\n\t\t\t\t<div class=\"elementor-widget-container\">\n\t\t\t\t\t\t\t<div class=\"elementor-cta\">\n\t\t\t\t\t<div class=\"elementor-cta__bg-wrapper\">\n\t\t\t\t<div class=\"elementor-cta__bg elementor-bg\" style=\"background-image: url(https:\/\/live-english.net\/wp-content\/uploads\/2023\/06\/Preparation-a-examen-IELTS-1024x576.jpg);\" role=\"img\" aria-label=\"Pr\u00e9paration \u00e0 L&#039;examen de l&#039;IELTS\"><\/div>\n\t\t\t\t<div class=\"elementor-cta__bg-overlay\"><\/div>\n\t\t\t<\/div>\n\t\t\t\t\t\t\t<div class=\"elementor-cta__content\">\n\t\t\t\t\n\t\t\t\t\t\t\t\t\t<h2 class=\"elementor-cta__title elementor-cta__content-item elementor-content-item\">\n\t\t\t\t\t\t<a title=\"Pr\u00e9paration examen IELTS\" href=\"https:\/\/live-english.net\/fr\/cours-anglais-ligne\/preparation-examen-anglais\/ielts\/\"> Pr\u00e9paration \u00e0 l\u2019examen de l\u2019IELTS<\/a>\t\t\t\t\t<\/h2>\n\t\t\t\t\n\t\t\t\t\n\t\t\t\t\t\t\t\t\t<div class=\"elementor-cta__button-wrapper elementor-cta__content-item elementor-content-item \">\n\t\t\t\t\t<a class=\"elementor-cta__button elementor-button elementor-size-\" href=\"https:\/\/live-english.net\/fr\/cours-anglais-ligne\/preparation-examen-anglais\/ielts\/\" title=\"IELTS Preparation course\">\n\t\t\t\t\t\tPlus d'infos\t\t\t\t\t<\/a>\n\t\t\t\t\t<\/div>\n\t\t\t\t\t\t\t<\/div>\n\t\t\t\t\t\t<\/div>\n\t\t\t\t\t\t<\/div>\n\t\t\t\t<\/div>\n\t\t\t\t\t<\/div>\n\t\t<\/div>\n\t\t\t\t<div class=\"elementor-column elementor-col-25 elementor-top-column elementor-element elementor-element-57209da\" data-id=\"57209da\" data-element_type=\"column\">\n\t\t\t<div class=\"elementor-widget-wrap elementor-element-populated\">\n\t\t\t\t\t\t<div class=\"elementor-element elementor-element-1e8de8b elementor-cta--skin-classic elementor-animated-content elementor-bg-transform elementor-bg-transform-zoom-in elementor-widget elementor-widget-call-to-action\" data-id=\"1e8de8b\" data-element_type=\"widget\" data-widget_type=\"call-to-action.default\">\n\t\t\t\t<div class=\"elementor-widget-container\">\n\t\t\t\t\t\t\t<div class=\"elementor-cta\">\n\t\t\t\t\t<div class=\"elementor-cta__bg-wrapper\">\n\t\t\t\t<div class=\"elementor-cta__bg elementor-bg\" style=\"background-image: url(https:\/\/live-english.net\/wp-content\/uploads\/2023\/07\/Cours-de-preparation-au-TOEIC-1024x576.jpg);\" role=\"img\" aria-label=\"Cours de pr\u00e9paration au TOEIC\"><\/div>\n\t\t\t\t<div class=\"elementor-cta__bg-overlay\"><\/div>\n\t\t\t<\/div>\n\t\t\t\t\t\t\t<div class=\"elementor-cta__content\">\n\t\t\t\t\n\t\t\t\t\t\t\t\t\t<h2 class=\"elementor-cta__title elementor-cta__content-item elementor-content-item\">\n\t\t\t\t\t\t<a title=\"Cours de pr\u00e9paration au TOEIC\" href=\"https:\/\/live-english.net\/fr\/cours-anglais-ligne\/preparation-examen-anglais\/toeic\/\"> Cours de pr\u00e9paration au TOEIC<\/a>\t\t\t\t\t<\/h2>\n\t\t\t\t\n\t\t\t\t\n\t\t\t\t\t\t\t\t\t<div class=\"elementor-cta__button-wrapper elementor-cta__content-item elementor-content-item \">\n\t\t\t\t\t<a class=\"elementor-cta__button elementor-button elementor-size-\" href=\"https:\/\/live-english.net\/fr\/cours-anglais-ligne\/preparation-examen-anglais\/toeic\/\" title=\"TOEIC Preparation course\">\n\t\t\t\t\t\tPlus d'infos\t\t\t\t\t<\/a>\n\t\t\t\t\t<\/div>\n\t\t\t\t\t\t\t<\/div>\n\t\t\t\t\t\t<\/div>\n\t\t\t\t\t\t<\/div>\n\t\t\t\t<\/div>\n\t\t\t\t\t<\/div>\n\t\t<\/div>\n\t\t\t\t<div class=\"elementor-column elementor-col-25 elementor-top-column elementor-element elementor-element-7deeda6\" data-id=\"7deeda6\" data-element_type=\"column\">\n\t\t\t<div class=\"elementor-widget-wrap elementor-element-populated\">\n\t\t\t\t\t\t<div class=\"elementor-element elementor-element-eeeaf51 elementor-cta--skin-classic elementor-animated-content elementor-bg-transform elementor-bg-transform-zoom-in elementor-widget elementor-widget-call-to-action\" data-id=\"eeeaf51\" data-element_type=\"widget\" data-widget_type=\"call-to-action.default\">\n\t\t\t\t<div class=\"elementor-widget-container\">\n\t\t\t\t\t\t\t<div class=\"elementor-cta\">\n\t\t\t\t\t<div class=\"elementor-cta__bg-wrapper\">\n\t\t\t\t<div class=\"elementor-cta__bg elementor-bg\" style=\"background-image: url(https:\/\/live-english.net\/wp-content\/uploads\/2023\/07\/Cours-de-preparation-au-TOEFL-1024x576.jpg);\" role=\"img\" aria-label=\"Cours de pr\u00e9paration au TOEFL\"><\/div>\n\t\t\t\t<div class=\"elementor-cta__bg-overlay\"><\/div>\n\t\t\t<\/div>\n\t\t\t\t\t\t\t<div class=\"elementor-cta__content\">\n\t\t\t\t\n\t\t\t\t\t\t\t\t\t<h2 class=\"elementor-cta__title elementor-cta__content-item elementor-content-item\">\n\t\t\t\t\t\t<a title=\"Cours de pr\u00e9paration au TOEFL\" href=\"https:\/\/live-english.net\/fr\/cours-anglais-ligne\/preparation-examen-anglais\/toefl\/\"> Cours de pr\u00e9paration au TOEFL<\/a>\t\t\t\t\t<\/h2>\n\t\t\t\t\n\t\t\t\t\n\t\t\t\t\t\t\t\t\t<div class=\"elementor-cta__button-wrapper elementor-cta__content-item elementor-content-item \">\n\t\t\t\t\t<a class=\"elementor-cta__button elementor-button elementor-size-\" href=\"https:\/\/live-english.net\/fr\/cours-anglais-ligne\/preparation-examen-anglais\/toefl\/\" title=\"TOEFL Preparation course\">\n\t\t\t\t\t\tPlus d'infos\t\t\t\t\t<\/a>\n\t\t\t\t\t<\/div>\n\t\t\t\t\t\t\t<\/div>\n\t\t\t\t\t\t<\/div>\n\t\t\t\t\t\t<\/div>\n\t\t\t\t<\/div>\n\t\t\t\t\t<\/div>\n\t\t<\/div>\n\t\t\t\t<div class=\"elementor-column elementor-col-25 elementor-top-column elementor-element elementor-element-0753f72\" data-id=\"0753f72\" data-element_type=\"column\">\n\t\t\t<div class=\"elementor-widget-wrap elementor-element-populated\">\n\t\t\t\t\t\t<div class=\"elementor-element elementor-element-f41a543 elementor-cta--skin-classic elementor-animated-content elementor-bg-transform elementor-bg-transform-zoom-in elementor-widget elementor-widget-call-to-action\" data-id=\"f41a543\" data-element_type=\"widget\" data-widget_type=\"call-to-action.default\">\n\t\t\t\t<div class=\"elementor-widget-container\">\n\t\t\t\t\t\t\t<div class=\"elementor-cta\">\n\t\t\t\t\t<div class=\"elementor-cta__bg-wrapper\">\n\t\t\t\t<div class=\"elementor-cta__bg elementor-bg\" style=\"background-image: url(https:\/\/live-english.net\/wp-content\/uploads\/2023\/06\/Live-English-website-Banner-18-1024x576.jpg);\" role=\"img\" aria-label=\"Pr\u00e9paration aux Examens de Cambridge\"><\/div>\n\t\t\t\t<div class=\"elementor-cta__bg-overlay\"><\/div>\n\t\t\t<\/div>\n\t\t\t\t\t\t\t<div class=\"elementor-cta__content\">\n\t\t\t\t\n\t\t\t\t\t\t\t\t\t<h2 class=\"elementor-cta__title elementor-cta__content-item elementor-content-item\">\n\t\t\t\t\t\t<a title=\"Pr\u00e9paration aux Examens de Cambridge\" href=\"https:\/\/live-english.net\/fr\/cours-anglais-ligne\/preparation-examen-anglais\/cambridge\/\"> Pr\u00e9paration aux Examens de Cambridge<\/a>\t\t\t\t\t<\/h2>\n\t\t\t\t\n\t\t\t\t\n\t\t\t\t\t\t\t\t\t<div class=\"elementor-cta__button-wrapper elementor-cta__content-item elementor-content-item \">\n\t\t\t\t\t<a class=\"elementor-cta__button elementor-button elementor-size-\" href=\"https:\/\/live-english.net\/fr\/cours-anglais-ligne\/preparation-examen-anglais\/cambridge\/\" title=\"Cambridge Exams\">\n\t\t\t\t\t\tPlus d'infos\t\t\t\t\t<\/a>\n\t\t\t\t\t<\/div>\n\t\t\t\t\t\t\t<\/div>\n\t\t\t\t\t\t<\/div>\n\t\t\t\t\t\t<\/div>\n\t\t\t\t<\/div>\n\t\t\t\t\t<\/div>\n\t\t<\/div>\n\t\t\t\t\t<\/div>\n\t\t<\/section>\n\t\t\t\t<section class=\"elementor-section elementor-top-section elementor-element elementor-element-195278b elementor-section-boxed elementor-section-height-default elementor-section-height-default\" data-id=\"195278b\" data-element_type=\"section\">\n\t\t\t\t\t\t<div class=\"elementor-container elementor-column-gap-default\">\n\t\t\t\t\t<div class=\"elementor-column elementor-col-100 elementor-top-column elementor-element elementor-element-f9773c3\" data-id=\"f9773c3\" data-element_type=\"column\">\n\t\t\t<div class=\"elementor-widget-wrap elementor-element-populated\">\n\t\t\t\t\t\t<div class=\"elementor-element elementor-element-29b7672 elementor-widget elementor-widget-text-editor\" data-id=\"29b7672\" data-element_type=\"widget\" data-widget_type=\"text-editor.default\">\n\t\t\t\t<div class=\"elementor-widget-container\">\n\t\t\t\t\t\t\t\t\t<p>Jeremy, professeur d&rsquo;anglais en ligne \u00e0 Live-English.net, vous donne ses conseils si vous devez choisir entre le IELTS, les examens de Cambridge ou the TOEFL:<\/p>\t\t\t\t\t\t\t\t<\/div>\n\t\t\t\t<\/div>\n\t\t\t\t<div class=\"elementor-element elementor-element-0b8f318 elementor-widget elementor-widget-video\" data-id=\"0b8f318\" data-element_type=\"widget\" data-settings=\"{&quot;youtube_url&quot;:&quot;https:\\\/\\\/www.youtube.com\\\/watch?v=fkmIR_YJLOs&quot;,&quot;video_type&quot;:&quot;youtube&quot;,&quot;controls&quot;:&quot;yes&quot;}\" data-widget_type=\"video.default\">\n\t\t\t\t<div class=\"elementor-widget-container\">\n\t\t\t\t\t\t\t<div class=\"elementor-wrapper elementor-open-inline\">\n\t\t\t<div class=\"elementor-video\"><\/div>\t\t<\/div>\n\t\t\t\t\t\t<\/div>\n\t\t\t\t<\/div>\n\t\t\t\t\t<\/div>\n\t\t<\/div>\n\t\t\t\t\t<\/div>\n\t\t<\/section>\n\t\t\t\t<section class=\"elementor-section elementor-top-section elementor-element elementor-element-f39623f elementor-section-boxed elementor-section-height-default elementor-section-height-default\" data-id=\"f39623f\" data-element_type=\"section\">\n\t\t\t\t\t\t<div class=\"elementor-container elementor-column-gap-default\">\n\t\t\t\t\t<div class=\"elementor-column elementor-col-100 elementor-top-column elementor-element elementor-element-65e56bd\" data-id=\"65e56bd\" data-element_type=\"column\">\n\t\t\t<div class=\"elementor-widget-wrap elementor-element-populated\">\n\t\t\t\t\t\t<div class=\"elementor-element elementor-element-f4f400c elementor-widget elementor-widget-text-editor\" data-id=\"f4f400c\" data-element_type=\"widget\" data-widget_type=\"text-editor.default\">\n\t\t\t\t<div class=\"elementor-widget-container\">\n\t\t\t\t\t\t\t\t\t<h2>Le blog d&rsquo;anglais pour votre examen<\/h2><p>Consultez notre blog, vous trouverez tous les conseils qu&rsquo;il vous faut pour r\u00e9ussir vos examens en anglais.<\/p><h2>Pourquoi pr\u00e9parer votre examen avec Live-English.net?<\/h2><p><strong>Un examen, quel qu&rsquo;il soit, doit se pr\u00e9parer s\u00e9rieusement.<\/strong> Si vous ne recevez pas la note qu&rsquo;il vous faut, les cons\u00e9quences peut \u00eatre tr\u00e8s importante pour votre avenir.<br \/>Il y a plusieurs raisons pour lesquelles vous ne regretterez pas d&rsquo;avoir fait appel \u00e0 Live-English.net:<\/p><p><strong>Nous avons l&rsquo;exp\u00e9rience pour vous permettre de r\u00e9ussir.<\/strong> Depuis 2007, nous avons aid\u00e9 des milliers d&rsquo;\u00e9tudiants et de professionnels \u00e0, entre autre, r\u00e9ussir leurs examens d&rsquo;anglais. Au fil des ans, nous avons pr\u00e9par\u00e9 \u00e0 toutes sortes de tests et d&rsquo;examens.<\/p><p><strong>Nous mettons l&rsquo;accent sur l&rsquo;oral, mais pas seulement:<\/strong> beaucoup d&rsquo;examens d&rsquo;anglais comportent une section qui vise \u00e0 tester ses capacit\u00e9s \u00e0 l&rsquo;oral en anglais. A travers les cours particuliers , vous pouvez vous entra\u00eener \u00e0 vous pr\u00e9senter en anglais et \u00e9galement \u00e0 parler de diff\u00e9rents sujets, pr\u00e9par\u00e9s ou spontann\u00e9s.<\/p><p><strong>Nous vous invitons \u00e0 \u00e9tudier avec plusieurs professeurs:<\/strong> nous pensons fermement que le fait d&rsquo;avoir 2 ou 3 professeurs vous aidera particuli\u00e8rement pour votre examen en anglais car vous pourrez faire l&rsquo;exp\u00e9rience de diff\u00e9rents accents, et vous recevrez des conseils compl\u00e9mentaires sur les meilleurs fa\u00e7ons de r\u00e9pondre \u00e0 telle ou telle question.<\/p><p><strong>Vous pouvez d\u00e9marrer rapidement et prendre des cours de fa\u00e7on intensive si n\u00e9cessaire:<\/strong> vous planifiez les cours \u00e0 votre rythme, selon le calendrier qui vous arrange le plus. Par exemple, vous pouvez prendre un ou deux cours par semaine et, \u00e0 l&rsquo;approche de la date d&rsquo;examen, passer \u00e0 un rythme plus intensif.<\/p><p>Se pr\u00e9parer sereinement \u00e0 un examen d&rsquo;anglais vous donnera un petit plus pour arriver \u00e0 l&rsquo;\u00e9preuve sans stress.<\/p>\t\t\t\t\t\t\t\t<\/div>\n\t\t\t\t<\/div>\n\t\t\t\t\t<\/div>\n\t\t<\/div>\n\t\t\t\t\t<\/div>\n\t\t<\/section>\n\t\t\t\t<\/div>\n\t\t <aside id=\"custom_html-66\" class=\"widget_text widget widget_custom_html amr_widget\"><div class=\"textwidget custom-html-widget\"><div>\r\n\t<br><br>\r\n<\/div>\r\n<!--EN-->\r\n<aside id=\"custom_html-74\" class=\"widget_text widget widget_custom_html amr_widget\"><div class=\"textwidget custom-html-widget\"><div><a href=\"https:\/\/member.booknstart.com\/trial-registration?lg=fr&amp;referred_by=CTA&amp;office_id=3\" title=\"Book a Free Trial Lesson\" target=\"_blank\" rel=\"noopener\"><img alt=\"Book your free English trial lesson\" src='https:\/\/live-english.net\/wp-content\/uploads\/2023\/02\/CTA-cours-gratuit.jpg'><\/a>\t\r\n<\/div><\/div><\/aside> <!--FR-->\r\n<!--IT-->\r\n<!--DE-->\r\n <!--ES-->\r\n <!--HE-->\r\n <!--RU--><\/div><\/aside>","protected":false},"excerpt":{"rendered":"<p>Pr\u00e9parez vos examens d\u2019anglais sans bouger de chez vous et communiquez par Skype ou par t\u00e9l\u00e9phone en direct live avec nos professeurs d\u2019anglais Live-English.net. Pour vous aider \u00e0 r\u00e9ussir votre examen d\u2019anglais, nous mettons \u00e0 votre dispostion des professeurs d\u2019anglais,<\/p>\n","protected":false},"author":1,"featured_media":32717,"parent":268,"menu_order":0,"comment_status":"closed","ping_status":"closed","template":"","meta":{"_monsterinsights_skip_tracking":false,"_monsterinsights_sitenote_active":false,"_monsterinsights_sitenote_note":"","_monsterinsights_sitenote_category":0,"footnotes":""},"class_list":["post-280","page","type-page","status-publish","hentry"],"_links":{"self":[{"href":"https:\/\/live-english.net\/fr\/wp-json\/wp\/v2\/pages\/280","targetHints":{"allow":["GET"]}}],"collection":[{"href":"https:\/\/live-english.net\/fr\/wp-json\/wp\/v2\/pages"}],"about":[{"href":"https:\/\/live-english.net\/fr\/wp-json\/wp\/v2\/types\/page"}],"author":[{"embeddable":true,"href":"https:\/\/live-english.net\/fr\/wp-json\/wp\/v2\/users\/1"}],"replies":[{"embeddable":true,"href":"https:\/\/live-english.net\/fr\/wp-json\/wp\/v2\/comments?post=280"}],"version-history":[{"count":13,"href":"https:\/\/live-english.net\/fr\/wp-json\/wp\/v2\/pages\/280\/revisions"}],"predecessor-version":[{"id":33059,"href":"https:\/\/live-english.net\/fr\/wp-json\/wp\/v2\/pages\/280\/revisions\/33059"}],"up":[{"embeddable":true,"href":"https:\/\/live-english.net\/fr\/wp-json\/wp\/v2\/pages\/268"}],"wp:featuredmedia":[{"embeddable":true,"href":"https:\/\/live-english.net\/fr\/wp-json\/wp\/v2\/media\/32717"}],"wp:attachment":[{"href":"https:\/\/live-english.net\/fr\/wp-json\/wp\/v2\/media?parent=280"}],"curies":[{"name":"wp","href":"https:\/\/api.w.org\/{rel}","templated":true}]}}