{"id":302,"date":"2018-06-04T05:07:55","date_gmt":"2018-06-04T05:07:55","guid":{"rendered":"https:\/\/live-english.net\/?page_id=302"},"modified":"2025-11-03T11:31:59","modified_gmt":"2025-11-03T11:31:59","slug":"cours-anglais-telephone","status":"publish","type":"page","link":"https:\/\/live-english.net\/fr\/ecole-langues-en-ligne\/cours-anglais-telephone\/","title":{"rendered":"Cours d&rsquo;anglais par t\u00e9l\u00e9phone"},"content":{"rendered":"<p>Vous souhaitez \u00eatre plus \u00e0 l&rsquo;aise lors de vos conversations t\u00e9l\u00e9phoniques en anglais, qu&rsquo;elles soient d&rsquo;ordre professionnelle ou autre? Les cours d&rsquo;anglais par t\u00e9l\u00e9phone sont la solution id\u00e9ale pour se mettre en situation avec nos professeurs d&rsquo;anglais.<\/p>\n<h2>Avantages des cours d&rsquo;anglais par t\u00e9l\u00e9phone<\/h2>\n<p>Apprendre l&rsquo;anglais par t\u00e9l\u00e9phone est une formule de choix pour les personnes qui veulent se sentir plus \u00e0 l&rsquo;aise en anglais en particulier si elles veulent s&rsquo;habituer \u00e0 communiquer en anglais au t\u00e9l\u00e9phone sans probl\u00e8me. De plus, lorsqu&rsquo;on a un emploi du temps charg\u00e9, les cours d&rsquo;anglais par t\u00e9l\u00e9phone s&rsquo;ins\u00e8rent facilement dans son planning. Si on ne peut pas t\u00e9l\u00e9charger Zoom (au travail par exemple), le t\u00e9l\u00e9phone est une solution optimale.<br \/>\n<aside id=\"custom_html-81\" class=\"widget_text widget widget_custom_html amr_widget\"><div class=\"textwidget custom-html-widget\"><!--EN-->\r\n<aside id=\"custom_html-82\" class=\"widget_text widget widget_custom_html amr_widget\"><div class=\"textwidget custom-html-widget\"><a href=\"https:\/\/member.booknstart.com\/trial-registration?lg=fr&amp;referred_by=sCTA&amp;office_id=3\" title=\"Book a Free Trial Lesson\" target=\"_blank\" rel=\"noopener\"><img decoding=\"async\" src=\"https:\/\/live-english.net\/wp-content\/uploads\/2023\/02\/sCTA-fr2.jpg\" alt=\"Book your Free English Trial lesson\" \/><\/a><\/div><\/aside> <!--FR-->\r\n<!--IT-->\r\n<!--DE-->\r\n <!--ES-->\r\n <!--HE\r\n[do_widget id=custom_html-72] <!--RU-->\r\n<div>\r\n\t<br><br>\r\n<\/div><\/div><\/aside><\/p>\n<h2>Comment se d\u00e9roulent les cours d&rsquo;anglais par t\u00e9l\u00e9phone ?<\/h2>\n<p>Avec Live-English.net, prenez des cours d&rsquo;anglais par t\u00e9l\u00e9phone sans bouger de chez vous. Vous pouvez ainsi communiquer avec nos professeurs d&rsquo;anglais Live-English.net. Apprendre l&rsquo;anglais par t\u00e9l\u00e9phone, c&rsquo;est agr\u00e9able, flexible et surtout efficace.<\/p>\n<p>Les supports de cours sont disponibles dans la StudyBox de l&rsquo;Espace Membre. Vous choisissez un article de notre s\u00e9lection de la semaine (votre professeur peut \u00e9galement vous aider \u00e0 choisir). Le programme des cours d&rsquo;anglais particuliers est personnalis\u00e9 et r\u00e9pond aux besoins sp\u00e9cifiques que vous pouvez avoir.<\/p>\n<p>Nos professeurs d&rsquo;anglais sont anglophones et vous permettront d&rsquo;apprendre l&rsquo;anglais par t\u00e9l\u00e9phone rapidement.<\/p>\n<p>Vous pourrez donc, par exemple, pr\u00e9parer une pr\u00e9sentation en anglais ou un rendez-vous t\u00e9l\u00e9phonique important.<\/p>\n<p>N\u2019appr\u00e9hendez plus les coup de fils \u00e0 l&rsquo;\u00e9tranger, avec les cours d&rsquo;anglais par t\u00e9l\u00e9phone de Live-English.net, vous apprendrez \u00e0 parler anglais avec plus de facilit\u00e9 et moins de stress.<\/p>\n<h2>Des cours d&rsquo;anglais par t\u00e9l\u00e9phone et t\u00e9l\u00e9phone portable sans suppl\u00e9ment de prix<\/h2>\n<p>Si vous souhaitez apprendre l&rsquo;anglais par t\u00e9l\u00e9phone, nous proposons cette option sans suppl\u00e9ment. Dans ce cas, nous vous donnons un num\u00e9ro de t\u00e9l\u00e9phone local \u00e0 appeler pour joindre votre professeur \u00e0 l&rsquo;heure du cours.<\/p>\n<h2>Commandez des cours d&rsquo;anglais par t\u00e9l\u00e9phone<\/h2>\n<p>Pour commander vos cours d&rsquo;anglais par t\u00e9l\u00e9phone, vous pouvez le faire via ce site (paiement par carte de cr\u00e9dit s\u00e9curis\u00e9). Vous pouvez r\u00e9server vos cours tout de suite apr\u00e8s l&rsquo;inscription avec un pr\u00e9avis de 12 heures seulement.<\/p>\n<p>Nos cours d&rsquo;anglais par t\u00e9l\u00e9phone sont valables o\u00f9 que vous soyez : en France, en Belgique ou en Suisse (Paris, Lyon, Marseille, Lille, Rouen, Nantes, Nice, Nancy, Strasbourg, Saint-Etienne, Metz, Luxembourg, Belgique, Bruxelles) et bien d&rsquo;autres pays.<\/p>\n<p>Si vous pr\u00e9f\u00e9rez, vous pouvez \u00e9galement facilement prendre des cours en t\u00e9l\u00e9chargeant sur votre t\u00e9l\u00e9phone portable (ou votre ordinateur) une des applications que nous utilisons pour contacter votre professeur Google Meet ou Zoom. Avec ou sans webcam, vous y trouverez des fonctionnalit\u00e9s suppl\u00e9mentaires tr\u00e8s int\u00e9ressantes pour un apprentissage encore plus interactif et efficace.<\/p>\n<p>Vous \u00eates int\u00e9ress\u00e9 par des cours d&rsquo;anglais par t\u00e9l\u00e9phone? D\u00e9marrez par un <a href=\"https:\/\/live-english.net\/fr\/cours-essai-gratuit\/\">cours d&rsquo;essai gratuit<\/a> sans engagement.<\/p>\n<h2>Pour aller plus loin:<\/h2>\n<p>Regardez cette video avec nos conseils pour parler au t\u00e9l\u00e9phone en anglais en toute confiance!<\/p>\n<p><iframe src=\"https:\/\/www.youtube.com\/embed\/CrqLxw32rdc?rel=0&amp;controls=0\" width=\"560\" height=\"315\" frameborder=\"0\" allowfullscreen=\"allowfullscreen\"><\/iframe><\/p>\n<h2>Pour r\u00e9sumer : 5 raisons pour lesquelles vous devriez prendre des cours d&rsquo;anglais par t\u00e9l\u00e9phone<\/h2>\n<p><strong>1. Le c\u00f4t\u00e9 pratique<\/strong> : apprendre l&rsquo;anglais par t\u00e9l\u00e9phone est pratique car vous pouvez suivre des cours de n&rsquo;importe o\u00f9 tant que vous avez acc\u00e8s \u00e0 un t\u00e9l\u00e9phone. Cela vous permet d&rsquo;adapter vos cours d&rsquo;anglais \u00e0 votre emploi du temps sans avoir \u00e0 vous d\u00e9placer vers un lieu physique.<\/p>\n<p><strong>2. Une approche personnalis\u00e9e<\/strong>\u00a0: les le\u00e7ons d&rsquo;anglais par t\u00e9l\u00e9phone sont individuelles, ce qui signifie que l&rsquo;enseignant peut adapter l&rsquo;enseignement \u00e0 vos besoins sp\u00e9cifiques et \u00e0 votre niveau de comp\u00e9tence. Cela vous permet de recevoir des commentaires personnalis\u00e9s et de vous concentrer sur les domaines qui doivent \u00eatre am\u00e9lior\u00e9s.<\/p>\n<p><strong>3. Une plus grane flexibilit\u00e9<\/strong> : les cours par t\u00e9l\u00e9phone peuvent \u00eatre programm\u00e9s \u00e0 un moment qui vous convient, ce qui vous permet d&rsquo;adapter vos cours d&rsquo;anglais \u00e0 votre emploi du temps charg\u00e9.<\/p>\n<p><strong>4. Vous am\u00e9liorez votre anglais parl\u00e9<\/strong> : les cours par t\u00e9l\u00e9phone se concentrent sur l&rsquo;am\u00e9lioration de votre anglais parl\u00e9, ce qui est essentiel si vous souhaitez communiquer efficacement en anglais dans des situations professionnelles ou sociales.<\/p>\n<p><strong>5. Vous gagnez en confiance<\/strong>\u00a0: avec des le\u00e7ons t\u00e9l\u00e9phoniques r\u00e9guli\u00e8res, vous pouvez renforcer votre confiance en parlant anglais, ce qui peut vous aider \u00e0 vous sentir plus \u00e0 l&rsquo;aise dans des environnements anglophones.<\/p>\n <aside id=\"custom_html-66\" class=\"widget_text widget widget_custom_html amr_widget\"><div class=\"textwidget custom-html-widget\"><div>\r\n\t<br><br>\r\n<\/div>\r\n<!--EN-->\r\n<aside id=\"custom_html-74\" class=\"widget_text widget widget_custom_html amr_widget\"><div class=\"textwidget custom-html-widget\"><div><a href=\"https:\/\/member.booknstart.com\/trial-registration?lg=fr&amp;referred_by=CTA&amp;office_id=3\" title=\"Book a Free Trial Lesson\" target=\"_blank\" rel=\"noopener\"><img alt=\"Book your free English trial lesson\" src='https:\/\/live-english.net\/wp-content\/uploads\/2023\/02\/CTA-cours-gratuit.jpg'><\/a>\t\r\n<\/div><\/div><\/aside> <!--FR-->\r\n<!--IT-->\r\n<!--DE-->\r\n <!--ES-->\r\n <!--HE-->\r\n <!--RU--><\/div><\/aside>","protected":false},"excerpt":{"rendered":"<p>Vous souhaitez \u00eatre plus \u00e0 l&rsquo;aise lors de vos conversations t\u00e9l\u00e9phoniques en anglais, qu&rsquo;elles soient d&rsquo;ordre professionnelle ou autre? Les cours d&rsquo;anglais par t\u00e9l\u00e9phone sont la solution id\u00e9ale pour se mettre en situation avec nos professeurs d&rsquo;anglais. Avantages des cours<\/p>\n","protected":false},"author":1,"featured_media":25090,"parent":299,"menu_order":0,"comment_status":"closed","ping_status":"closed","template":"","meta":{"_monsterinsights_skip_tracking":false,"_monsterinsights_sitenote_active":false,"_monsterinsights_sitenote_note":"","_monsterinsights_sitenote_category":0,"footnotes":""},"class_list":["post-302","page","type-page","status-publish","hentry"],"_links":{"self":[{"href":"https:\/\/live-english.net\/fr\/wp-json\/wp\/v2\/pages\/302","targetHints":{"allow":["GET"]}}],"collection":[{"href":"https:\/\/live-english.net\/fr\/wp-json\/wp\/v2\/pages"}],"about":[{"href":"https:\/\/live-english.net\/fr\/wp-json\/wp\/v2\/types\/page"}],"author":[{"embeddable":true,"href":"https:\/\/live-english.net\/fr\/wp-json\/wp\/v2\/users\/1"}],"replies":[{"embeddable":true,"href":"https:\/\/live-english.net\/fr\/wp-json\/wp\/v2\/comments?post=302"}],"version-history":[{"count":7,"href":"https:\/\/live-english.net\/fr\/wp-json\/wp\/v2\/pages\/302\/revisions"}],"predecessor-version":[{"id":43664,"href":"https:\/\/live-english.net\/fr\/wp-json\/wp\/v2\/pages\/302\/revisions\/43664"}],"up":[{"embeddable":true,"href":"https:\/\/live-english.net\/fr\/wp-json\/wp\/v2\/pages\/299"}],"wp:featuredmedia":[{"embeddable":true,"href":"https:\/\/live-english.net\/fr\/wp-json\/wp\/v2\/media\/25090"}],"wp:attachment":[{"href":"https:\/\/live-english.net\/fr\/wp-json\/wp\/v2\/media?parent=302"}],"curies":[{"name":"wp","href":"https:\/\/api.w.org\/{rel}","templated":true}]}}