{"id":31385,"date":"2023-07-17T08:07:46","date_gmt":"2023-07-17T08:07:46","guid":{"rendered":"https:\/\/live-english.net\/?page_id=31385"},"modified":"2023-07-18T06:50:42","modified_gmt":"2023-07-18T06:50:42","slug":"toeic","status":"publish","type":"page","link":"https:\/\/live-english.net\/fr\/cours-anglais-ligne\/preparation-examen-anglais\/toeic\/","title":{"rendered":"Pr\u00e9paration \u00e0 l&rsquo;examen du TOEIC"},"content":{"rendered":"<p>Une formation TOEIC avec Live-English.net vous permettra de couvrir tous les sujets dont vous avez besoin pour r\u00e9ussir votre <a href=\"https:\/\/live-english.net\/fr\/cours-anglais-ligne\/preparation-examen-anglais\/\" title=\"examen d\u2019anglais\">examen d&rsquo;anglais<\/a>. Les professeurs d&rsquo;anglais en ligne charg\u00e9s d&rsquo;enseigner pour le TOEIC ont \u00e9t\u00e9 form\u00e9s pour pouvoir enseigner ce cours.<\/p>\n<h2>Qu&rsquo;est-ce que l&rsquo;examen du TOEIC\u00a0?<\/h2>\n<p>TOEIC signifie Test Of English for International Communication et est tr\u00e8s populaire parmi les professionnels qui veulent prouver leur niveau d&rsquo;anglais. Le test est divis\u00e9 en deux parties, la premi\u00e8re partie \u00e9coute et lecture suivie d&rsquo;une partie \u00e9criture et expression orale. Il teste la compr\u00e9hension orale et \u00e9crite, chacun a marqu\u00e9 sur une \u00e9chelle de 5 \u00e0 495 points. Le score total correspond \u00e0 une \u00e9chelle de 10 \u00e0 990 points.<\/p>\n<h2>Qu&rsquo;est-ce qui est inclus dans la pr\u00e9paration \u00e0 l&rsquo;examen TOEIC en ligne\u00a0?<\/h2>\n<ul>\n<li>Vous b\u00e9n\u00e9ficierez d&rsquo;une introduction au test TOEIC, vous examinerez les diff\u00e9rents types d&rsquo;exercices du test et vous verrez comment obtenir de bons r\u00e9sultats, afin de comprendre ce que l&rsquo;on attend de vous.<\/li>\n<li>Vous r\u00e9viserez sur des exercices typiques du TOEIC<\/li>\n<li>Vous recevrez des conseils g\u00e9n\u00e9raux pour am\u00e9liorer votre niveau d&rsquo;anglais<\/li>\n<li>Votre professeur vous motivera et vous donnera la confiance en vous dont vous avez besoin pour r\u00e9ussir l&rsquo;examen.<\/li>\n<\/ul>\n<aside id=\"custom_html-81\" class=\"widget_text widget widget_custom_html amr_widget\"><div class=\"textwidget custom-html-widget\"><!--EN-->\r\n<aside id=\"custom_html-82\" class=\"widget_text widget widget_custom_html amr_widget\"><div class=\"textwidget custom-html-widget\"><a href=\"https:\/\/member.booknstart.com\/trial-registration?lg=fr&amp;referred_by=sCTA&amp;office_id=3\" title=\"Book a Free Trial Lesson\" target=\"_blank\" rel=\"noopener\"><img decoding=\"async\" src=\"https:\/\/live-english.net\/wp-content\/uploads\/2023\/02\/sCTA-fr2.jpg\" alt=\"Book your Free English Trial lesson\" \/><\/a><\/div><\/aside> <!--FR-->\r\n<!--IT-->\r\n<!--DE-->\r\n <!--ES-->\r\n <!--HE\r\n[do_widget id=custom_html-72] <!--RU-->\r\n<div>\r\n\t<br><br>\r\n<\/div><\/div><\/aside>\n<h2>\u00c0 qui s&rsquo;adresse le cours de pr\u00e9paration \u00e0 l&rsquo;examen TOEIC\u00a0?<\/h2>\n<p>Ce cours s&rsquo;adresse \u00e0 toute personne devant passer l&rsquo;examen TOEIC. Que vous soyez \u00e9tudiant, professionnel, quelqu&rsquo;un qui cherche \u00e0 emm\u00e9nager dans un pays anglophone, nous vous aiderons \u00e0 obtenir le score TOEIC dont vous avez besoin.<\/p>\n<p>Les recruteurs du monde entier utilisent ce test pour identifier les candidats capables de communiquer efficacement dans un environnement de travail international. En outre, certains services d&rsquo;immigration utilisent l&rsquo;examen TOEIC pour d\u00e9cider des demandes de visa.<\/p>\n<p>Vous pouvez vous pr\u00e9parer au TOEIC en quelques mois ou suivre un cours intensif avant la date de votre examen.<\/p>\n<h2>Qui vous enseignera la pr\u00e9paration aux examens TOEIC \u00e0 Live-English\u00a0?<\/h2>\n<p>Avec le test TOEIC, vous pouvez \u00e9chouer ou r\u00e9ussir. Le but est de se pr\u00e9parer \u00e0 l&rsquo;examen afin d&rsquo;obtenir le meilleur score possible. Par cons\u00e9quent, il est important d&rsquo;\u00e9tudier avec des enseignants qui ont de l&rsquo;exp\u00e9rience avec les exigences sp\u00e9cifiques de l&rsquo;examen TOEIC. Chez Live-English, nos professeurs d&rsquo;anglais natif vous guideront tout au long du cours de pr\u00e9paration au TOEIC et vous aideront \u00e0 obtenir les meilleurs r\u00e9sultats possibles.<\/p>\n<h2>Pour aller plus loin<\/h2>\n<ul>\n<li>Consultez nos <a title=\"Les 3 meilleurs conseils pour la section d&#039;\u00e9coute du TOEIC\" href=\"https:\/\/live-english.net\/tips-toeic-listening-section\/\">conseils pour la section d&rsquo;\u00e9coute du TOEIC<\/a><\/li>\n<li><a title=\"Comment se pr\u00e9parer \u00e0 l&#039;examen TOEIC et r\u00e9ussir\" href=\"https:\/\/live-english.net\/prepare-toeic-exam\/\">Comment se pr\u00e9parer \u00e0 l&rsquo;examen TOEIC et r\u00e9ussir<\/a><\/li>\n<li>Consultez <a title=\"Comment se pr\u00e9parer \u00e0 l&#039;examen TOEIC et r\u00e9ussir\" href=\"https:\/\/live-english.net\/toeic-speaking-tips\/\">suggestions<\/a> qui vous aideront \u00e0 am\u00e9liorer votre score au TOEIC Speaking Test&lt;\/ li&gt;<\/li>\n<\/ul>\n<p><strong>Souhaitez-vous en savoir plus sur le cours de pr\u00e9paration en ligne \u00e0 l&rsquo;examen TOEIC\u00a0English\u00a0? Inscrivez-vous maintenant \u00e0 un <a title=\"cours d&#039;essai gratuit d&#039;anglais\" href=\"https:\/\/live-english.net\/free-trial\/\">cours d&rsquo;essai gratuit<\/a> et discutez de vos besoins et objectifs avec l&rsquo;un de nos professeurs en ligne.<\/strong><\/p>\n <aside id=\"custom_html-66\" class=\"widget_text widget widget_custom_html amr_widget\"><div class=\"textwidget custom-html-widget\"><div>\r\n\t<br><br>\r\n<\/div>\r\n<!--EN-->\r\n<aside id=\"custom_html-74\" class=\"widget_text widget widget_custom_html amr_widget\"><div class=\"textwidget custom-html-widget\"><div><a href=\"https:\/\/member.booknstart.com\/trial-registration?lg=fr&amp;referred_by=CTA&amp;office_id=3\" title=\"Book a Free Trial Lesson\" target=\"_blank\" rel=\"noopener\"><img alt=\"Book your free English trial lesson\" src='https:\/\/live-english.net\/wp-content\/uploads\/2023\/02\/CTA-cours-gratuit.jpg'><\/a>\t\r\n<\/div><\/div><\/aside> <!--FR-->\r\n<!--IT-->\r\n<!--DE-->\r\n <!--ES-->\r\n <!--HE-->\r\n <!--RU--><\/div><\/aside>","protected":false},"excerpt":{"rendered":"<p>Une formation TOEIC avec Live-English.net vous permettra de couvrir tous les sujets dont vous avez besoin pour r\u00e9ussir votre examen d&rsquo;anglais. Les professeurs d&rsquo;anglais en ligne charg\u00e9s d&rsquo;enseigner pour le TOEIC ont \u00e9t\u00e9 form\u00e9s pour pouvoir enseigner ce cours. Qu&rsquo;est-ce<\/p>\n","protected":false},"author":1,"featured_media":30139,"parent":280,"menu_order":0,"comment_status":"closed","ping_status":"closed","template":"","meta":{"footnotes":""},"class_list":["post-31385","page","type-page","status-publish","hentry"],"_links":{"self":[{"href":"https:\/\/live-english.net\/fr\/wp-json\/wp\/v2\/pages\/31385","targetHints":{"allow":["GET"]}}],"collection":[{"href":"https:\/\/live-english.net\/fr\/wp-json\/wp\/v2\/pages"}],"about":[{"href":"https:\/\/live-english.net\/fr\/wp-json\/wp\/v2\/types\/page"}],"author":[{"embeddable":true,"href":"https:\/\/live-english.net\/fr\/wp-json\/wp\/v2\/users\/1"}],"replies":[{"embeddable":true,"href":"https:\/\/live-english.net\/fr\/wp-json\/wp\/v2\/comments?post=31385"}],"version-history":[{"count":5,"href":"https:\/\/live-english.net\/fr\/wp-json\/wp\/v2\/pages\/31385\/revisions"}],"predecessor-version":[{"id":31420,"href":"https:\/\/live-english.net\/fr\/wp-json\/wp\/v2\/pages\/31385\/revisions\/31420"}],"up":[{"embeddable":true,"href":"https:\/\/live-english.net\/fr\/wp-json\/wp\/v2\/pages\/280"}],"wp:featuredmedia":[{"embeddable":true,"href":"https:\/\/live-english.net\/fr\/wp-json\/wp\/v2\/media\/30139"}],"wp:attachment":[{"href":"https:\/\/live-english.net\/fr\/wp-json\/wp\/v2\/media?parent=31385"}],"curies":[{"name":"wp","href":"https:\/\/api.w.org\/{rel}","templated":true}]}}