{"id":31388,"date":"2023-07-17T09:53:55","date_gmt":"2023-07-17T09:53:55","guid":{"rendered":"https:\/\/live-english.net\/?page_id=31388"},"modified":"2023-07-18T06:42:59","modified_gmt":"2023-07-18T06:42:59","slug":"toefl","status":"publish","type":"page","link":"https:\/\/live-english.net\/fr\/cours-anglais-ligne\/preparation-examen-anglais\/toefl\/","title":{"rendered":"Pr\u00e9paration \u00e0 l&rsquo;examen du TOEFL"},"content":{"rendered":"<p>Une formation TOEFL avec Live English vous permettra de couvrir tous les sujets dont vous avez besoin pour r\u00e9ussir votre <a title=\"examen d\u2019anglais\" href=\"https:\/\/live-english.net\/fr\/cours-anglais-ligne\/preparation-examen-anglais\/\">examen d&rsquo;anglais<\/a>. Les professeurs d&rsquo;anglais en ligne charg\u00e9s d&rsquo;enseigner les pr\u00e9parations au TOEFL ont \u00e9t\u00e9 form\u00e9s pour pouvoir enseigner ce cours.<\/p>\n<h2>Qu&rsquo;est-ce que l&rsquo;examen du TOEFL\u00a0?<\/h2>\n<p>TOEFL signifie Test of English as a Foreign Language et c&rsquo;est un test d&rsquo;anglais tr\u00e8s populaire. Il teste les comp\u00e9tences de compr\u00e9hension orale, de compr\u00e9hension \u00e9crite, d&rsquo;expression \u00e9crite et d&rsquo;expression orale en anglais pour les locuteurs non natifs souhaitant s&rsquo;inscrire dans des universit\u00e9s anglophones. La compr\u00e9hension \u00e9crite du TOEFL iBT est not\u00e9e entre 0 et 45 points, la compr\u00e9hension orale du TOEFL iBT est not\u00e9e entre 0 et 34 points, l&rsquo;expression orale du TOEFL iBT est not\u00e9e entre 0 et 24 points, l&rsquo;expression \u00e9crite du TOEFL iBT est not\u00e9e entre 0 et 10 points. Le score total dont vous avez besoin d\u00e9pend des exigences de l&rsquo;universit\u00e9 \u00e0 laquelle vous aspirez. Il est accept\u00e9 par plus de 10 000 universit\u00e9s et \u00e9coles dans les pays anglophones du monde entier.<\/p>\n<h2>Pourquoi devriez-vous vous concentrer sur la section TOEFL Speaking\u00a0?<\/h2>\n<p>La section TOEFL Speaking s&rsquo;est av\u00e9r\u00e9e la plus difficile \u00e0 r\u00e9ussir. Cela peut \u00eatre d\u00fb \u00e0 diff\u00e9rents facteurs, mais dans l&rsquo;ensemble, vous devez avoir une bonne ma\u00eetrise du vocabulaire, de la grammaire et de la prononciation anglaise. Il est divis\u00e9 en 6 t\u00e2ches &#8211; 2 t\u00e2ches ind\u00e9pendantes (vous parlerez de vos int\u00e9r\u00eats et donnerez votre avis) et 4 t\u00e2ches int\u00e9gr\u00e9es. C&rsquo;est pourquoi le test d&rsquo;expression orale n\u00e9cessite toute votre attention. Live-English a pour atout de vous aider dans la conversation anglaise et nos professeurs sp\u00e9cialis\u00e9s dans la pr\u00e9paration aux examens TOEFL vous aideront \u00e0 am\u00e9liorer vos comp\u00e9tences et \u00e0 obtenir le meilleur score possible.<br \/>\n<aside id=\"custom_html-81\" class=\"widget_text widget widget_custom_html amr_widget\"><div class=\"textwidget custom-html-widget\"><!--EN-->\r\n<aside id=\"custom_html-82\" class=\"widget_text widget widget_custom_html amr_widget\"><div class=\"textwidget custom-html-widget\"><a href=\"https:\/\/member.booknstart.com\/trial-registration?lg=fr&amp;referred_by=sCTA&amp;office_id=3\" title=\"Book a Free Trial Lesson\" target=\"_blank\" rel=\"noopener\"><img decoding=\"async\" src=\"https:\/\/live-english.net\/wp-content\/uploads\/2023\/02\/sCTA-fr2.jpg\" alt=\"Book your Free English Trial lesson\" \/><\/a><\/div><\/aside> <!--FR-->\r\n<!--IT-->\r\n<!--DE-->\r\n <!--ES-->\r\n <!--HE\r\n[do_widget id=custom_html-72] <!--RU-->\r\n<div>\r\n\t<br><br>\r\n<\/div><\/div><\/aside><\/p>\n<h2>Qu&rsquo;est-ce qui est inclus dans la pr\u00e9paration \u00e0 l&rsquo;examen TOEFL en ligne\u00a0?<\/h2>\n<ul>\n<li>Vous b\u00e9n\u00e9ficierez d&rsquo;une introduction au test TOEFL, vous examinerez les diff\u00e9rents types d&rsquo;exercices du test et d\u00e9couvrirez comment obtenir de bons r\u00e9sultats, afin de comprendre ce que l&rsquo;on attend de vous.<\/li>\n<li>Vous r\u00e9viserez \u00e0 partir d&rsquo;exercices typiques du TOEFL<\/li>\n<li>Vous recevrez des conseils g\u00e9n\u00e9raux pour am\u00e9liorer votre niveau d&rsquo;anglais<\/li>\n<li>Votre professeur vous motivera et vous donnera la confiance en vous dont vous avez besoin pour r\u00e9ussir le TOEFL.<\/li>\n<\/ul>\n<h2>\u00c0 qui s&rsquo;adresse le cours de pr\u00e9paration \u00e0 l&rsquo;examen TOEFL en ligne\u00a0?<\/h2>\n<p>Si vous \u00eates \u00e9tudiant et que vous souhaitez int\u00e9grer un programme universitaire ou d&rsquo;\u00e9tudes sup\u00e9rieures dans un pays anglophone, ce cours est pour vous. Mais les gens passent \u00e9galement l&rsquo;examen TOEFL afin d&rsquo;obtenir une certification dans un domaine particulier ou \u00e0 des fins d&rsquo;immigration. Peu importe la raison pour laquelle vous devez vous pr\u00e9parer \u00e0 l&rsquo;examen TOEFL, Live-English vous aidera \u00e0 obtenir les meilleurs r\u00e9sultats.<\/p>\n<p><a href=\"https:\/\/live-english.net\/tag\/toefl\/\">Plus d&rsquo;informations sur le TOEFL sur notre blog.<\/a><\/p>\n<p><strong>Souhaitez-vous en savoir plus sur le cours de pr\u00e9paration en ligne \u00e0 l&rsquo;examen d&rsquo;anglais TOEFL\u00a0? Inscrivez-vous maintenant pour un <a title=\"cours d&#039;essai gratuit d&#039;anglais\" href=\"https:\/\/live-english.net\/free-trial\/\">cours d&rsquo;essai gratuit<\/a> et discutez de vos besoins et objectifs avec l&rsquo;un de nos professeurs en ligne.<\/strong><\/p>\n <aside id=\"custom_html-66\" class=\"widget_text widget widget_custom_html amr_widget\"><div class=\"textwidget custom-html-widget\"><div>\r\n\t<br><br>\r\n<\/div>\r\n<!--EN-->\r\n<aside id=\"custom_html-74\" class=\"widget_text widget widget_custom_html amr_widget\"><div class=\"textwidget custom-html-widget\"><div><a href=\"https:\/\/member.booknstart.com\/trial-registration?lg=fr&amp;referred_by=CTA&amp;office_id=3\" title=\"Book a Free Trial Lesson\" target=\"_blank\" rel=\"noopener\"><img alt=\"Book your free English trial lesson\" src='https:\/\/live-english.net\/wp-content\/uploads\/2023\/02\/CTA-cours-gratuit.jpg'><\/a>\t\r\n<\/div><\/div><\/aside> <!--FR-->\r\n<!--IT-->\r\n<!--DE-->\r\n <!--ES-->\r\n <!--HE-->\r\n <!--RU--><\/div><\/aside>","protected":false},"excerpt":{"rendered":"<p>Une formation TOEFL avec Live English vous permettra de couvrir tous les sujets dont vous avez besoin pour r\u00e9ussir votre examen d&rsquo;anglais. Les professeurs d&rsquo;anglais en ligne charg\u00e9s d&rsquo;enseigner les pr\u00e9parations au TOEFL ont \u00e9t\u00e9 form\u00e9s pour pouvoir enseigner ce<\/p>\n","protected":false},"author":1,"featured_media":30131,"parent":280,"menu_order":0,"comment_status":"closed","ping_status":"closed","template":"","meta":{"_monsterinsights_skip_tracking":false,"_monsterinsights_sitenote_active":false,"_monsterinsights_sitenote_note":"","_monsterinsights_sitenote_category":0,"footnotes":""},"class_list":["post-31388","page","type-page","status-publish","hentry"],"_links":{"self":[{"href":"https:\/\/live-english.net\/fr\/wp-json\/wp\/v2\/pages\/31388","targetHints":{"allow":["GET"]}}],"collection":[{"href":"https:\/\/live-english.net\/fr\/wp-json\/wp\/v2\/pages"}],"about":[{"href":"https:\/\/live-english.net\/fr\/wp-json\/wp\/v2\/types\/page"}],"author":[{"embeddable":true,"href":"https:\/\/live-english.net\/fr\/wp-json\/wp\/v2\/users\/1"}],"replies":[{"embeddable":true,"href":"https:\/\/live-english.net\/fr\/wp-json\/wp\/v2\/comments?post=31388"}],"version-history":[{"count":5,"href":"https:\/\/live-english.net\/fr\/wp-json\/wp\/v2\/pages\/31388\/revisions"}],"predecessor-version":[{"id":31419,"href":"https:\/\/live-english.net\/fr\/wp-json\/wp\/v2\/pages\/31388\/revisions\/31419"}],"up":[{"embeddable":true,"href":"https:\/\/live-english.net\/fr\/wp-json\/wp\/v2\/pages\/280"}],"wp:featuredmedia":[{"embeddable":true,"href":"https:\/\/live-english.net\/fr\/wp-json\/wp\/v2\/media\/30131"}],"wp:attachment":[{"href":"https:\/\/live-english.net\/fr\/wp-json\/wp\/v2\/media?parent=31388"}],"curies":[{"name":"wp","href":"https:\/\/api.w.org\/{rel}","templated":true}]}}