{"id":782,"date":"2018-06-07T07:22:11","date_gmt":"2018-06-07T07:22:11","guid":{"rendered":"https:\/\/live-english.net\/?page_id=782"},"modified":"2026-02-17T10:53:32","modified_gmt":"2026-02-17T10:53:32","slug":"test-de-niveau","status":"publish","type":"page","link":"https:\/\/live-english.net\/fr\/test-de-niveau\/","title":{"rendered":"Test de niveau d&rsquo;anglais"},"content":{"rendered":"\t\t<div data-elementor-type=\"wp-page\" data-elementor-id=\"782\" class=\"elementor elementor-782 elementor-772\" data-elementor-post-type=\"page\">\n\t\t\t\t\t\t<section class=\"elementor-section elementor-top-section elementor-element elementor-element-01ff9ae elementor-section-boxed elementor-section-height-default elementor-section-height-default\" data-id=\"01ff9ae\" data-element_type=\"section\">\n\t\t\t\t\t\t<div class=\"elementor-container elementor-column-gap-default\">\n\t\t\t\t\t<div class=\"elementor-column elementor-col-100 elementor-top-column elementor-element elementor-element-71fd240\" data-id=\"71fd240\" data-element_type=\"column\">\n\t\t\t<div class=\"elementor-widget-wrap elementor-element-populated\">\n\t\t\t\t\t\t<div class=\"elementor-element elementor-element-b421389 elementor-widget elementor-widget-html\" data-id=\"b421389\" data-element_type=\"widget\" data-widget_type=\"html.default\">\n\t\t\t\t<div class=\"elementor-widget-container\">\n\t\t\t\t\t<script src=\"https:\/\/member.booknstart.com\/embed\/level-test\/CR4itZ0MEIWf3jgLd2huLJA8rOjoTtQP\"><\/script>\t\t\t\t<\/div>\n\t\t\t\t<\/div>\n\t\t\t\t\t<\/div>\n\t\t<\/div>\n\t\t\t\t\t<\/div>\n\t\t<\/section>\n\t\t\t\t<section class=\"elementor-section elementor-top-section elementor-element elementor-element-2156f042 elementor-section-boxed elementor-section-height-default elementor-section-height-default\" data-id=\"2156f042\" data-element_type=\"section\">\n\t\t\t\t\t\t<div class=\"elementor-container elementor-column-gap-default\">\n\t\t\t\t\t<div class=\"elementor-column elementor-col-100 elementor-top-column elementor-element elementor-element-43965266\" data-id=\"43965266\" data-element_type=\"column\">\n\t\t\t<div class=\"elementor-widget-wrap elementor-element-populated\">\n\t\t\t\t\t\t<div class=\"elementor-element elementor-element-ed08c60 elementor-widget elementor-widget-text-editor\" data-id=\"ed08c60\" data-element_type=\"widget\" data-widget_type=\"text-editor.default\">\n\t\t\t\t<div class=\"elementor-widget-container\">\n\t\t\t\t\t\t\t\t\t<h2>Un test de niveau d&rsquo;anglais en ligne<\/h2><p>R\u00e9pondez aux questions ci-dessus et testez votre niveau d&rsquo;anglais gratuitement. A travers les questions de grammaire et de vocabulaire, de compr\u00e9hension \u00e9crite et de compr\u00e9hension orale, vous aurez une id\u00e9e de votre niveau d&rsquo;anglais, de vos points forts et des points \u00e0 am\u00e9liorer.<\/p><p>Vous recevrez automatiquement votre score et les r\u00e9ponses aux questions par email dans les quelques minutes qui suivent l&rsquo;envoi de vos r\u00e9ponses.<\/p><p>Si vous obtenez 12 points ou plus, vous avez un niveau suffisant pour suivre notre m\u00e9thode d&rsquo;immersion en anglais. Inscrivez-vous \u00e0 un <a title=\"cours d'essai gratuit d'anglais\" href=\"https:\/\/live-english.net\/fr\/cours-essai-gratuit\/\">cours d&rsquo;essai gratuit<\/a> pour discuter de vos besoins et de vos objectifs avec l&rsquo;un de nos professeurs anglophones.<\/p><p>Veuillez noter qu&rsquo;il s&rsquo;agit d&rsquo;un test de niveau gratuit en ligne, et qu&rsquo;il ne constitue en aucun cas une validation officielle de votre niveau d&rsquo;anglais. Si vous souhaitez passer un <a title=\"examen officiel d'anglais\" href=\"https:\/\/live-english.net\/fr\/cours-anglais-ligne\/preparation-examen-anglais\/\">examen officiel d&rsquo;anglais<\/a>, nous pouvons vous aider \u00e0 le pr\u00e9parer.<\/p>\t\t\t\t\t\t\t\t<\/div>\n\t\t\t\t<\/div>\n\t\t\t\t\t<\/div>\n\t\t<\/div>\n\t\t\t\t\t<\/div>\n\t\t<\/section>\n\t\t\t\t<\/div>\n\t\t <aside id=\"custom_html-66\" class=\"widget_text widget widget_custom_html amr_widget\"><div class=\"textwidget custom-html-widget\"><div>\r\n\t<br><br>\r\n<\/div>\r\n<!--EN-->\r\n<aside id=\"custom_html-74\" class=\"widget_text widget widget_custom_html amr_widget\"><div class=\"textwidget custom-html-widget\"><div><a href=\"https:\/\/member.booknstart.com\/trial-registration?lg=fr&amp;referred_by=CTA&amp;office_id=3\" title=\"Book a Free Trial Lesson\" target=\"_blank\" rel=\"noopener\"><img alt=\"Book your free English trial lesson\" src='https:\/\/live-english.net\/wp-content\/uploads\/2023\/02\/CTA-cours-gratuit.jpg'><\/a>\t\r\n<\/div><\/div><\/aside> <!--FR-->\r\n<!--IT-->\r\n<!--DE-->\r\n <!--ES-->\r\n <!--HE-->\r\n <!--RU--><\/div><\/aside>","protected":false},"excerpt":{"rendered":"<p>Un test de niveau d&rsquo;anglais en ligne R\u00e9pondez aux questions ci-dessus et testez votre niveau d&rsquo;anglais gratuitement. A travers les questions de grammaire et de vocabulaire, de compr\u00e9hension \u00e9crite et de compr\u00e9hension orale, vous aurez une id\u00e9e de votre niveau<\/p>\n","protected":false},"author":1,"featured_media":10404,"parent":0,"menu_order":0,"comment_status":"closed","ping_status":"closed","template":"","meta":{"_monsterinsights_skip_tracking":false,"_monsterinsights_sitenote_active":false,"_monsterinsights_sitenote_note":"","_monsterinsights_sitenote_category":0,"footnotes":""},"class_list":["post-782","page","type-page","status-publish","hentry"],"_links":{"self":[{"href":"https:\/\/live-english.net\/fr\/wp-json\/wp\/v2\/pages\/782","targetHints":{"allow":["GET"]}}],"collection":[{"href":"https:\/\/live-english.net\/fr\/wp-json\/wp\/v2\/pages"}],"about":[{"href":"https:\/\/live-english.net\/fr\/wp-json\/wp\/v2\/types\/page"}],"author":[{"embeddable":true,"href":"https:\/\/live-english.net\/fr\/wp-json\/wp\/v2\/users\/1"}],"replies":[{"embeddable":true,"href":"https:\/\/live-english.net\/fr\/wp-json\/wp\/v2\/comments?post=782"}],"version-history":[{"count":10,"href":"https:\/\/live-english.net\/fr\/wp-json\/wp\/v2\/pages\/782\/revisions"}],"predecessor-version":[{"id":44183,"href":"https:\/\/live-english.net\/fr\/wp-json\/wp\/v2\/pages\/782\/revisions\/44183"}],"wp:featuredmedia":[{"embeddable":true,"href":"https:\/\/live-english.net\/fr\/wp-json\/wp\/v2\/media\/10404"}],"wp:attachment":[{"href":"https:\/\/live-english.net\/fr\/wp-json\/wp\/v2\/media?parent=782"}],"curies":[{"name":"wp","href":"https:\/\/api.w.org\/{rel}","templated":true}]}}