{"id":9594,"date":"2020-02-18T11:09:58","date_gmt":"2020-02-18T11:09:58","guid":{"rendered":"https:\/\/live-english.net\/?page_id=9594"},"modified":"2023-03-19T12:50:50","modified_gmt":"2023-03-19T12:50:50","slug":"live-english-club","status":"publish","type":"page","link":"https:\/\/live-english.net\/fr\/ecole-langues-en-ligne\/live-english-club\/","title":{"rendered":"Live-English Club: des cours d&rsquo;anglais en groupe"},"content":{"rendered":"<p>Live-English Club propose \u00e0 nos apprenants une <strong>exp\u00e9rience unique de pratiquer leus anglais en groupe<\/strong>, anim\u00e9 par l&rsquo;un de nos <strong>professeurs anglophones<\/strong>. Regardez dans cette vid\u00e9o pour voir \u00e0 quoi cela ressemble, quels sont les th\u00e8mes de discussion abord\u00e9s, et comment le professeur m\u00e8ne le club de conversation en anglais:<\/p>\n<p><iframe title=\"YouTube video player\" src=\"https:\/\/www.youtube.com\/embed\/ZGwiav7pXgE\" width=\"560\" height=\"315\" frameborder=\"0\" allowfullscreen=\"allowfullscreen\"><\/iframe><\/p>\n<h2>Quand se d\u00e9roulent les sessions du Club d&rsquo;anglais en ligne?<\/h2>\n<p>Les rencontrent du Club d&rsquo;anglais se d\u00e9roulent de fa\u00e7on hebdomadaire et en ligne sur <strong>Zoom<\/strong>. Plusieurs cr\u00e9neaux horaires sont propos\u00e9s, en matin\u00e9e, l&rsquo;apr\u00e8s-midi et en soir\u00e9e selon les jours. Ces cours d&rsquo;anglais en groupe sont d\u00e9di\u00e9s \u00e0 un des th\u00e8mes d&rsquo;apprentissage suivant: <strong>la conversation, la grammaire et l&rsquo;anglais des affaires.<\/strong><\/p>\n<aside id=\"custom_html-81\" class=\"widget_text widget widget_custom_html amr_widget\"><div class=\"textwidget custom-html-widget\"><!--EN-->\r\n<aside id=\"custom_html-82\" class=\"widget_text widget widget_custom_html amr_widget\"><div class=\"textwidget custom-html-widget\"><a href=\"https:\/\/member.booknstart.com\/trial-registration?lg=fr&amp;referred_by=sCTA&amp;office_id=3\" title=\"Book a Free Trial Lesson\" target=\"_blank\" rel=\"noopener\"><img decoding=\"async\" src=\"https:\/\/live-english.net\/wp-content\/uploads\/2023\/02\/sCTA-fr2.jpg\" alt=\"Book your Free English Trial lesson\" \/><\/a><\/div><\/aside> <!--FR-->\r\n<!--IT-->\r\n<!--DE-->\r\n <!--ES-->\r\n <!--HE\r\n[do_widget id=custom_html-72] <!--RU-->\r\n<div>\r\n\t<br><br>\r\n<\/div><\/div><\/aside>\n<p>Toutes les sessions de groupe <strong>sont accompagn\u00e9es de supports de cours<\/strong> con\u00e7us par Live-English, que ce soit une liste de vocabulaire pour la session de conversation, un rappel de r\u00e8gles de grammaire ou une pr\u00e9sentation d&rsquo;anglais des affaires.<\/p>\n<h2>Pourquoi est-ce si important de pratiquer l&rsquo;anglais en groupe?<\/h2>\n<p>Apprendre l&rsquo;anglais en groupe avec ce Club, c&rsquo;est l&rsquo;occasion, en plus des cours particuliers d&rsquo;anglais inclus dans le programme, d&rsquo;explorer des points importants en anglais, de pratiquer l&rsquo;anglais \u00e0 l&rsquo;oral, et bien s\u00fbr, d&rsquo;ouvrir ses horizons en \u00e9changeant avec d&rsquo;autres membres Live-English.net qui viennent des quatre coins du monde.<\/p>\n<hr \/>\n<p style=\"text-align: center;\"><strong>Le Club de conversation anglaise de Live-English est ouvert \u00e0 tous ceux qui ont un forfait en cours  et qui ont un niveau interm\u00e9diaire ou sup\u00e9rieur. Les cours d&rsquo;anglais en groupe font partie int\u00e9grante de votre parcours \u00e0 Live-English.<\/strong><\/p>\n<hr \/>\n<p>Nous recommandons \u00e0 tous nos apprenants de participer au Club de conversation en anglais de Live-English et de profiter de tous les avantages offerts: pratiquer l&rsquo;anglais dans diff\u00e9rents contextes avec diff\u00e9rentes personnes, recevoir des rappels de grammaire qui sont tant n\u00e9cessaires pour parler anglais en faisant moins de fautes, d&rsquo;apprendre du vocabulaire dans diff\u00e9rents domaines de l&rsquo;anglais g\u00e9n\u00e9ral et de l&rsquo;anglais des affaires. Bref, d&rsquo;\u00e9changer, de partager des id\u00e9es et de grandir, ensemble.<\/p>\n<p>Si vous ne pouvez pas assister \u00e0 une session, l&rsquo;enregistrement est disponible dans l&rsquo;Espace Membre pour les <strong>apprenants Premium<\/strong>.<\/p>\n<p><strong>Nous serons ravis de vous inviter \u00e0 essayer une session du Club gratuitement. <a href=\"https:\/\/live-english.net\/contact-us\/\">Contactez-nous<\/a> et nous vous donnerons les instructions pour joindre le prochain groupe!<\/strong><\/p>\n<h2>Apprendre l&rsquo;anglais en groupe \u00e0 travers le Club, vu par Shane, professeur \u00e0 Live-English.net<\/h2>\n<p>Shane a eu l&rsquo;occasion d&rsquo;animer le Club d&rsquo;anglais de conversation de Live-English \u00e0 de nombreuses occasions et de mettre en place une ambiance agr\u00e9able pour permettre \u00e0 chaque participant de s&rsquo;exprimer en anglais. Ecoutez ce qu&rsquo;il pense du Live-English Club:<\/p>\n<p><iframe src=\"https:\/\/www.youtube.com\/embed\/mI6Hp5wCU9k\" width=\"560\" height=\"315\" frameborder=\"0\" allowfullscreen=\"allowfullscreen\"><\/iframe><\/p>\n<p>Lorsque vous vous inscrivez \u00e0 un <a href=\"https:\/\/live-english.net\/fr\/decouverte\/\" title=\"Cours d\u2019essai en anglais gratuit, progressez en anglais rapidement\">cours d&rsquo;essai gratuit<\/a>, vous pouvez assister gratuitement \u00e0 un cours de groupe du Live-English Club. C&rsquo;est le moment d&rsquo;en profiter et de voir si notre approche vous convient.<\/p>\n <aside id=\"custom_html-66\" class=\"widget_text widget widget_custom_html amr_widget\"><div class=\"textwidget custom-html-widget\"><div>\r\n\t<br><br>\r\n<\/div>\r\n<!--EN-->\r\n<aside id=\"custom_html-74\" class=\"widget_text widget widget_custom_html amr_widget\"><div class=\"textwidget custom-html-widget\"><div><a href=\"https:\/\/member.booknstart.com\/trial-registration?lg=fr&amp;referred_by=CTA&amp;office_id=3\" title=\"Book a Free Trial Lesson\" target=\"_blank\" rel=\"noopener\"><img alt=\"Book your free English trial lesson\" src='https:\/\/live-english.net\/wp-content\/uploads\/2023\/02\/CTA-cours-gratuit.jpg'><\/a>\t\r\n<\/div><\/div><\/aside> <!--FR-->\r\n<!--IT-->\r\n<!--DE-->\r\n <!--ES-->\r\n <!--HE-->\r\n <!--RU--><\/div><\/aside>","protected":false},"excerpt":{"rendered":"<p>Live-English Club propose \u00e0 nos apprenants une exp\u00e9rience unique de pratiquer leus anglais en groupe, anim\u00e9 par l&rsquo;un de nos professeurs anglophones. Regardez dans cette vid\u00e9o pour voir \u00e0 quoi cela ressemble, quels sont les th\u00e8mes de discussion abord\u00e9s, et<\/p>\n","protected":false},"author":1,"featured_media":25159,"parent":299,"menu_order":1,"comment_status":"closed","ping_status":"closed","template":"","meta":{"_monsterinsights_skip_tracking":false,"_monsterinsights_sitenote_active":false,"_monsterinsights_sitenote_note":"","_monsterinsights_sitenote_category":0,"footnotes":""},"class_list":["post-9594","page","type-page","status-publish","hentry"],"_links":{"self":[{"href":"https:\/\/live-english.net\/fr\/wp-json\/wp\/v2\/pages\/9594","targetHints":{"allow":["GET"]}}],"collection":[{"href":"https:\/\/live-english.net\/fr\/wp-json\/wp\/v2\/pages"}],"about":[{"href":"https:\/\/live-english.net\/fr\/wp-json\/wp\/v2\/types\/page"}],"author":[{"embeddable":true,"href":"https:\/\/live-english.net\/fr\/wp-json\/wp\/v2\/users\/1"}],"replies":[{"embeddable":true,"href":"https:\/\/live-english.net\/fr\/wp-json\/wp\/v2\/comments?post=9594"}],"version-history":[{"count":9,"href":"https:\/\/live-english.net\/fr\/wp-json\/wp\/v2\/pages\/9594\/revisions"}],"predecessor-version":[{"id":25168,"href":"https:\/\/live-english.net\/fr\/wp-json\/wp\/v2\/pages\/9594\/revisions\/25168"}],"up":[{"embeddable":true,"href":"https:\/\/live-english.net\/fr\/wp-json\/wp\/v2\/pages\/299"}],"wp:featuredmedia":[{"embeddable":true,"href":"https:\/\/live-english.net\/fr\/wp-json\/wp\/v2\/media\/25159"}],"wp:attachment":[{"href":"https:\/\/live-english.net\/fr\/wp-json\/wp\/v2\/media?parent=9594"}],"curies":[{"name":"wp","href":"https:\/\/api.w.org\/{rel}","templated":true}]}}