{"id":9784,"date":"2020-02-23T14:02:58","date_gmt":"2020-02-23T14:02:58","guid":{"rendered":"https:\/\/live-english.net\/?page_id=9784"},"modified":"2020-02-23T14:02:58","modified_gmt":"2020-02-23T14:02:58","slug":"aide","status":"publish","type":"page","link":"https:\/\/live-english.net\/fr\/aide\/","title":{"rendered":"Aide"},"content":{"rendered":"<p>Bienvenue \u00e0 l&rsquo;Espace d&rsquo;aide de Live-English. Vous y trouverez les r\u00e9ponses \u00e0 vos questions. Et si vous avez des questions qui n&rsquo;ont pas encore \u00e9t\u00e9 r\u00e9pondue, envoyez-nous un email \u00e0 learning@live-english.net<\/p>\n<h2>Pour d\u00e9marrer<\/h2>\n<ul>\n<li>Le cours d&rsquo;essai d&rsquo;anglais<\/li>\n<li>Que faut-il pour d\u00e9marrer<\/li>\n<\/ul>\n<h2>L&rsquo;Espace Membre<\/h2>\n<ul>\n<li>Booking BASIC lessons<\/li>\n<li>Booking PRO lessons<\/li>\n<li>Booking PREMIUM lessons<\/li>\n<li>Differences between the formulas<\/li>\n<li>Canceling a lesson<\/li>\n<li>Course expiring soon<\/li>\n<li>The Study Box<\/li>\n<li>Sending messages to my teachers<\/li>\n<li>Changing my time zone<\/li>\n<li>Updating my contact details<\/li>\n<\/ul>\n<h2>Technical questions<\/h2>\n<ul>\n<li><a href=\"https:\/\/live-english.net\/kb\/zoom-english-lessons\/\">Using Zoom for your English lessons<\/a><\/li>\n<li>Using Skype<\/li>\n<li>Lessons by phone<\/li>\n<\/ul>\n<h2>Teaching questions<\/h2>\n<ul>\n<li>Who are the teachers<\/li>\n<li>Optimal lesson frequency<\/li>\n<li>How does a lesson take place<\/li>\n<li>What if I can\u2019t attend a lesson<\/li>\n<li>Feedback reports<\/li>\n<\/ul>\n<h2>English Courses<\/h2>\n<ul>\n<li>The BASIC Formula<\/li>\n<li>The PRO Formula<\/li>\n<li>The PREMIUM Formula<\/li>\n<li>What is the best course for me?<\/li>\n<li>Writing courses<\/li>\n<li>Live-English Club\n<ul>\n<li><a href=\"https:\/\/live-english.net\/kb\/business-english-group-lessons\/\">Business English Group lessons<\/a><\/li>\n<li>English Conversation Group lessons<\/li>\n<li>English Grammar Group lessons<\/li>\n<\/ul>\n<\/li>\n<\/ul>\n<h2>Orders and refund<\/h2>\n<ul>\n<li>How long is my course valid for<\/li>\n<li>How can I get a refund<\/li>\n<li>How can I access my invoices<\/li>\n<li>The free trial lesson<\/li>\n<\/ul>\n <aside id=\"custom_html-66\" class=\"widget_text widget widget_custom_html amr_widget\"><div class=\"textwidget custom-html-widget\"><div>\r\n\t<br><br>\r\n<\/div>\r\n<!--EN-->\r\n<aside id=\"custom_html-74\" class=\"widget_text widget widget_custom_html amr_widget\"><div class=\"textwidget custom-html-widget\"><div><a href=\"https:\/\/member.booknstart.com\/trial-registration?lg=fr&amp;referred_by=CTA&amp;office_id=3\" title=\"Book a Free Trial Lesson\" target=\"_blank\" rel=\"noopener\"><img alt=\"Book your free English trial lesson\" src='https:\/\/live-english.net\/wp-content\/uploads\/2023\/02\/CTA-cours-gratuit.jpg'><\/a>\t\r\n<\/div><\/div><\/aside> <!--FR-->\r\n<!--IT-->\r\n<!--DE-->\r\n <!--ES-->\r\n <!--HE-->\r\n <!--RU--><\/div><\/aside>","protected":false},"excerpt":{"rendered":"<p>Bienvenue \u00e0 l&rsquo;Espace d&rsquo;aide de Live-English. Vous y trouverez les r\u00e9ponses \u00e0 vos questions. Et si vous avez des questions qui n&rsquo;ont pas encore \u00e9t\u00e9 r\u00e9pondue, envoyez-nous un email \u00e0 learning@live-english.net Pour d\u00e9marrer Le cours d&rsquo;essai d&rsquo;anglais Que faut-il pour<\/p>\n","protected":false},"author":1,"featured_media":21562,"parent":0,"menu_order":0,"comment_status":"closed","ping_status":"closed","template":"","meta":{"_monsterinsights_skip_tracking":false,"_monsterinsights_sitenote_active":false,"_monsterinsights_sitenote_note":"","_monsterinsights_sitenote_category":0,"footnotes":""},"class_list":["post-9784","page","type-page","status-publish","hentry"],"_links":{"self":[{"href":"https:\/\/live-english.net\/fr\/wp-json\/wp\/v2\/pages\/9784","targetHints":{"allow":["GET"]}}],"collection":[{"href":"https:\/\/live-english.net\/fr\/wp-json\/wp\/v2\/pages"}],"about":[{"href":"https:\/\/live-english.net\/fr\/wp-json\/wp\/v2\/types\/page"}],"author":[{"embeddable":true,"href":"https:\/\/live-english.net\/fr\/wp-json\/wp\/v2\/users\/1"}],"replies":[{"embeddable":true,"href":"https:\/\/live-english.net\/fr\/wp-json\/wp\/v2\/comments?post=9784"}],"version-history":[{"count":0,"href":"https:\/\/live-english.net\/fr\/wp-json\/wp\/v2\/pages\/9784\/revisions"}],"wp:featuredmedia":[{"embeddable":true,"href":"https:\/\/live-english.net\/fr\/wp-json\/wp\/v2\/media\/21562"}],"wp:attachment":[{"href":"https:\/\/live-english.net\/fr\/wp-json\/wp\/v2\/media?parent=9784"}],"curies":[{"name":"wp","href":"https:\/\/api.w.org\/{rel}","templated":true}]}}