{"id":9853,"date":"2020-02-27T12:01:22","date_gmt":"2020-02-27T12:01:22","guid":{"rendered":"https:\/\/live-english.net\/?page_id=9853"},"modified":"2023-06-21T08:53:20","modified_gmt":"2023-06-21T08:53:20","slug":"marketing-vente","status":"publish","type":"page","link":"https:\/\/live-english.net\/fr\/cours-anglais-ligne\/cours-anglais-affaires\/marketing-vente\/","title":{"rendered":"Cours d&rsquo;anglais des affaires: marketing et vente"},"content":{"rendered":"<h2>Pourquoi prendre un cours d&rsquo;anglais des affaires sur le marketing et la vente<\/h2>\n<p>Les professionnels sp\u00e9cialis\u00e9s en marketing et vente doivent souvent sortir de leur zone de confort et faire des pr\u00e9sentations (ou pitch), participer \u00e0 des r\u00e9unions, parler \u00e0 des clients ou pr\u00e9senter leurs produits en anglais. Un <strong>cours d&rsquo;anglais des affaires en ligne sp\u00e9cialis\u00e9 en marketing et vente<\/strong> a pour but de les aider \u00e0 g\u00e9rer ces situations, \u00e0 am\u00e9liorer leur aisance \u00e0 l&rsquo;oral et \u00e0 leur permettre d&rsquo;improviser en anglais si n\u00e9cessaire.<br \/>\n<aside id=\"custom_html-81\" class=\"widget_text widget widget_custom_html amr_widget\"><div class=\"textwidget custom-html-widget\"><!--EN-->\r\n<aside id=\"custom_html-82\" class=\"widget_text widget widget_custom_html amr_widget\"><div class=\"textwidget custom-html-widget\"><a href=\"https:\/\/member.booknstart.com\/trial-registration?lg=fr&amp;referred_by=sCTA&amp;office_id=3\" title=\"Book a Free Trial Lesson\" target=\"_blank\" rel=\"noopener\"><img decoding=\"async\" src=\"https:\/\/live-english.net\/wp-content\/uploads\/2023\/02\/sCTA-fr2.jpg\" alt=\"Book your Free English Trial lesson\" \/><\/a><\/div><\/aside> <!--FR-->\r\n<!--IT-->\r\n<!--DE-->\r\n <!--ES-->\r\n <!--HE\r\n[do_widget id=custom_html-72] <!--RU-->\r\n<div>\r\n\t<br><br>\r\n<\/div><\/div><\/aside><\/p>\n<h2>Qu&rsquo;est-ce qui est inclu dans le cours d&rsquo;anglais des affaires &#8211; marketing et vente?<\/h2>\n<p>Ce domaine change tellement, c&rsquo;est pourquoi il est n\u00e9cessaire que les professionnels qui travaillent dans le domaine de la vente ou du marketing se familiarisent avec <strong>la terminilogie la plus r\u00e9cente et qu&rsquo;ils soient \u00e0 l&rsquo;aise pour discuter de certains sujets professionnels<\/strong>. C&rsquo;est l&rsquo;objectif de cette formation.<\/p>\n<p><strong>Si vous \u00eates int\u00e9ress\u00e9 par de l&rsquo;anglais des affaires g\u00e9n\u00e9ral, consultez notre page d\u00e9di\u00e9e \u00e0 l&rsquo;<a title=\"anglais des affaires\" href=\"https:\/\/live-english.net\/fr\/cours-anglais-ligne\/cours-anglais-affaires\/\">anglais des affaires<\/a>.\u00a0<\/strong><\/p>\n<p>De plus, la vente et le marketing sont des domaines o\u00f9 l&rsquo;on utilise un anglais moins formel que dans d&rsquo;autres. Il est important, et c&rsquo;est aussi dans le cadre de cette formation, d&rsquo;\u00eatre \u00e9quipp\u00e9 pour comprendre les expressions et le jargon utilis\u00e9 par des coll\u00e8gues anglophones par exemple.<\/p>\n<h2>A qui est destinn\u00e9 cette formation d&rsquo;anglais des affaires en marketing et vente?<\/h2>\n<p>Tous les professionnels qui sont dans les domaines suivants b\u00e9n\u00e9ficieront grandement de ce cours:<\/p>\n<ul>\n<li>La vente (dans toutes ses formes)<\/li>\n<li>Le marketing<\/li>\n<li>La relation client<\/li>\n<li>La publicit\u00e9<\/li>\n<li>Les relations publiques<\/li>\n<li>Le service apr\u00e8s-vente<\/li>\n<li>L&rsquo;outsourcing<\/li>\n<li>Le lancement de produit<\/li>\n<li>Les \u00e9tudes de march\u00e9<\/li>\n<\/ul>\n<h2>Comment se d\u00e9roulent les cours d\u2019anglais des affaires sp\u00e9cialis\u00e9s en vente et marketing?<\/h2>\n<p>En choisissant l\u2019objectif anglais des affaires \u2013 vente et marketing, vous avez acc\u00e8s, dans la Study Box, \u00e0 un large choix de ressources p\u00e9dagogiques d\u00e9di\u00e9es \u00e0 ces domaines. Les professeurs qui enseignent en ligne par Skype, Zoom ou par t\u00e9l\u00e9phone, sont non seulement s\u00e9lectionn\u00e9s pour leurs connaissances et exp\u00e9rience en vente et marketing, mais aussi form\u00e9 \u00e0 nos m\u00e9thodes d&rsquo;apprentissage. Un cours par semaine est une bonne cadence pour ceux qui ont d\u00e9j\u00e0 un bon niveau d\u2019anglais des affaires et qui souhaitent maintenir leur niveau. Si l\u2019objectif est de monter de niveau, nous recommandons alors 2 \u00e0 3 cours par semaine. Il est \u00e9galement recommand\u00e9 d\u2019\u00e9tudier avec 2 professeurs afin de ne pas s\u2019habituer \u00e0 un seul accent.<\/p>\n<h2>Terminologie de la vente et du marketing<\/h2>\n<p><b>Customer satisfaction (ou CSAT \/ CSat) <\/b>: la satisfaction client<\/p>\n<p><b>Digital marketing <\/b>: le marketing num\u00e9rique<\/p>\n<p><b>Direct marketing <\/b>: le marketing direct<\/p>\n<p><b>Elevator pitch<\/b>: une pr\u00e9sentation de soi ou de son produit en temps minimal<\/p>\n<p><b>Marketing automation <\/b><\/p>\n<p><b>Marketing KPIs (Key Performance Indicators) <\/b>: les indicateurs-cl\u00e9 de performance en marketing<\/p>\n<p>Les professeurs anglophones qui enseignent ce module ont une exp\u00e9rience en anglais des affaires pour le marketing et l&rsquo;anglais des affaires pour la vente.<\/p>\n<p><strong>Les formations d&rsquo;anglais des affaires vente et marketing sont ouvertes aux apprenants qui souscrivent \u00e0 la formule PRO ou PREMIUM.<\/strong><\/p>\n<h2>Aller plus loin:<\/h2>\n<ul>\n<li>Consultez nos <a title=\"tarifs de cours d&#039;anglais des affaires\" href=\"https:\/\/live-english.net\/prices\/\">tarifs de cours d&rsquo;anglais des affaires<\/a> et inscrivez-vous pour d\u00e9marrer votre formation.<\/li>\n<li>Notre <a title=\"Blog anglais des affaires\" href=\"https:\/\/live-english.net\/fr\/category\/anglais-affaires\/\">blog d&rsquo;anglais des affaires<\/a> est riches en ressources pour approfondir ses connaissances en anglais dans le domaine du marketing et de la vente.<\/li>\n<\/ul>\n<p>&nbsp;<\/p>\n <aside id=\"custom_html-66\" class=\"widget_text widget widget_custom_html amr_widget\"><div class=\"textwidget custom-html-widget\"><div>\r\n\t<br><br>\r\n<\/div>\r\n<!--EN-->\r\n<aside id=\"custom_html-74\" class=\"widget_text widget widget_custom_html amr_widget\"><div class=\"textwidget custom-html-widget\"><div><a href=\"https:\/\/member.booknstart.com\/trial-registration?lg=fr&amp;referred_by=CTA&amp;office_id=3\" title=\"Book a Free Trial Lesson\" target=\"_blank\" rel=\"noopener\"><img alt=\"Book your free English trial lesson\" src='https:\/\/live-english.net\/wp-content\/uploads\/2023\/02\/CTA-cours-gratuit.jpg'><\/a>\t\r\n<\/div><\/div><\/aside> <!--FR-->\r\n<!--IT-->\r\n<!--DE-->\r\n <!--ES-->\r\n <!--HE-->\r\n <!--RU--><\/div><\/aside>","protected":false},"excerpt":{"rendered":"<p>Pourquoi prendre un cours d&rsquo;anglais des affaires sur le marketing et la vente Les professionnels sp\u00e9cialis\u00e9s en marketing et vente doivent souvent sortir de leur zone de confort et faire des pr\u00e9sentations (ou pitch), participer \u00e0 des r\u00e9unions, parler \u00e0<\/p>\n","protected":false},"author":1,"featured_media":29401,"parent":277,"menu_order":0,"comment_status":"closed","ping_status":"closed","template":"","meta":{"footnotes":""},"class_list":["post-9853","page","type-page","status-publish","hentry"],"_links":{"self":[{"href":"https:\/\/live-english.net\/fr\/wp-json\/wp\/v2\/pages\/9853","targetHints":{"allow":["GET"]}}],"collection":[{"href":"https:\/\/live-english.net\/fr\/wp-json\/wp\/v2\/pages"}],"about":[{"href":"https:\/\/live-english.net\/fr\/wp-json\/wp\/v2\/types\/page"}],"author":[{"embeddable":true,"href":"https:\/\/live-english.net\/fr\/wp-json\/wp\/v2\/users\/1"}],"replies":[{"embeddable":true,"href":"https:\/\/live-english.net\/fr\/wp-json\/wp\/v2\/comments?post=9853"}],"version-history":[{"count":3,"href":"https:\/\/live-english.net\/fr\/wp-json\/wp\/v2\/pages\/9853\/revisions"}],"predecessor-version":[{"id":29409,"href":"https:\/\/live-english.net\/fr\/wp-json\/wp\/v2\/pages\/9853\/revisions\/29409"}],"up":[{"embeddable":true,"href":"https:\/\/live-english.net\/fr\/wp-json\/wp\/v2\/pages\/277"}],"wp:featuredmedia":[{"embeddable":true,"href":"https:\/\/live-english.net\/fr\/wp-json\/wp\/v2\/media\/29401"}],"wp:attachment":[{"href":"https:\/\/live-english.net\/fr\/wp-json\/wp\/v2\/media?parent=9853"}],"curies":[{"name":"wp","href":"https:\/\/api.w.org\/{rel}","templated":true}]}}