{"id":9912,"date":"2020-03-02T07:04:15","date_gmt":"2020-03-02T07:04:15","guid":{"rendered":"https:\/\/live-english.net\/?page_id=9912"},"modified":"2023-08-06T13:28:33","modified_gmt":"2023-08-06T13:28:33","slug":"accent-americain","status":"publish","type":"page","link":"https:\/\/live-english.net\/fr\/cours-anglais-ligne\/cours-conversation-anglais\/accent-americain\/","title":{"rendered":"Conversation en anglais: Accent am\u00e9ricain"},"content":{"rendered":"<p>Am\u00e9liorer son accent n&rsquo;est pas chose facile. Pour parler avec un accent am\u00e9ricain, il est n\u00e9cessaire d&rsquo;\u00eatre en contact le plus possible avec cet accent \u00e0 travers les m\u00e9dias locaux (t\u00e9l\u00e9vision, radio, journaux) et de parler avec des Am\u00e9ricains en ligne ou pas.<\/p>\n<p>A Live-English.net, nous avons des professeurs d&rsquo;anglais qui proviennent de nombreux pays anglophones. Si votre r\u00eave est de parler comme un Am\u00e9ricain, ce cours est fait pour vous. Vous pourrez parler anglais et mieux comprendre les Am\u00e9ricains sans d\u00e9m\u00e9nager aux Etats-Unis.<\/p>\n<h2>Qu&rsquo;est-ce que le cours de conversation en anglais &#8211; accent am\u00e9ricain?<\/h2>\n<p>Vous aurez la possibilit\u00e9 d&rsquo;apprendre l&rsquo;anglais avec des professeurs am\u00e9ricains exclusivement. Le but de ce cours est de cr\u00e9er une situation d&rsquo;immersion compl\u00e8te, comme si vous \u00e9tiez aux Etats-Unis le temps de la le\u00e7on. Les cours se d\u00e9roulent en ligne, avec de vrais professeurs via Skype, Zoom ou par t\u00e9l\u00e9phone, et aident \u00e0 pratiquer et \u00e0 am\u00e9liorer son anglais am\u00e9ricain et la conversation anglaise.<br \/>\n<aside id=\"custom_html-81\" class=\"widget_text widget widget_custom_html amr_widget\"><div class=\"textwidget custom-html-widget\"><!--EN-->\r\n<aside id=\"custom_html-82\" class=\"widget_text widget widget_custom_html amr_widget\"><div class=\"textwidget custom-html-widget\"><a href=\"https:\/\/member.booknstart.com\/trial-registration?lg=fr&amp;referred_by=sCTA&amp;office_id=3\" title=\"Book a Free Trial Lesson\" target=\"_blank\" rel=\"noopener\"><img decoding=\"async\" src=\"https:\/\/live-english.net\/wp-content\/uploads\/2023\/02\/sCTA-fr2.jpg\" alt=\"Book your Free English Trial lesson\" \/><\/a><\/div><\/aside> <!--FR-->\r\n<!--IT-->\r\n<!--DE-->\r\n <!--ES-->\r\n <!--HE\r\n[do_widget id=custom_html-72] <!--RU-->\r\n<div>\r\n\t<br><br>\r\n<\/div><\/div><\/aside><\/p>\n<h2>Qu&rsquo;est-ce qui est compris dans le cours de conversation anglaise &#8211; accent am\u00e9ricain?<\/h2>\n<p>Apprendre avec les professeurs am\u00e9ricains de Live-English.net vous permettra de peaufiner diff\u00e9rentes comp\u00e9tences:<\/p>\n<ul>\n<li>vous am\u00e9liorerez votre accent am\u00e9ricain et la prononciation<\/li>\n<li>vous apprendrez des expressions sp\u00e9cifiques \u00e0 l&rsquo;anglais am\u00e9ricain<\/li>\n<li>vous approfondirez vos connaissances de la culture am\u00e9ricaine<\/li>\n<li>comprendre les Am\u00e9ricains sera plus facile pour vous<\/li>\n<li>vous pourrez communiquer avec des professeurs am\u00e9ricains de diff\u00e9rents Etats des Etats-Unis, vous pourrez ainsi mieux comprendre les diff\u00e9rences qui existent entre les diff\u00e9rentes parties des Etats-Unis.<\/li>\n<\/ul>\n<h2>Qui peut b\u00e9n\u00e9ficier du cours d&rsquo;anglais de conversation &#8211; anglais am\u00e9ricain?<\/h2>\n<p>Les cours de conversation d&rsquo;anglais am\u00e9ricain sont destin\u00e9s \u00e0 tous ceux qui, \u00e9tudiants, professionnels, voyageurs, s&rsquo;int\u00e9ressent aux Etats-Unis et qui souhaitent am\u00e9liorer leur anglais dans un context plus am\u00e9ricain. De nombreux apprenants \u00e0 ce cours ont pass\u00e9 du temps aux Etats-Unis ou ont l&rsquo;intention de visiter les Etats-Unis.<\/p>\n<h2>Comment fonctionnent les cours d&rsquo;anglais am\u00e9ricain?<\/h2>\n<p>En choisissant l&rsquo;objectif conversation anglaise &#8211; accent am\u00e9ricain, vous avez acc\u00e8s, dans la Study Box, \u00e0 un large choix de ressources p\u00e9dagogiques d\u00e9di\u00e9es aux Etats-Unis. Les professeurs qui enseignent en ligne par Skype, Zoom ou par t\u00e9l\u00e9phone, sont tous Am\u00e9ricains, de diff\u00e9rents Etats des Etats-Unis. Un cours par semaine est une bonne cadence pour ceux qui ont d\u00e9j\u00e0 un bon niveau d&rsquo;anglais et qui souhaitent maintenir leur niveau. Si l&rsquo;objectif est de monter de niveau, nous recommandons alors 2 \u00e0 3 cours de conversation en anglais par semaine. Il est \u00e9galement recommand\u00e9 d&rsquo;\u00e9tudier avec 2 professeurs afin de ne pas s&rsquo;habituer \u00e0 un seul accent am\u00e9ricain.<\/p>\n<h2>Cours d&rsquo;anglais am\u00e9ricain<\/h2>\n<p>De nombreux professeurs am\u00e9ricains enseignent \u00e0 travers la plate-forme Live-English.net. D\u00e9couvrez par exemple Sharon, originaire de la ville de New York. Elle nous donne ses impressions sur l&rsquo;enseignement de la langue et sur l&rsquo;impact que cela a sur la transmission de la culture am\u00e9ricaine:<\/p>\n<p><iframe src=\"https:\/\/www.youtube.com\/embed\/Ogzs_IGY27w\" width=\"560\" height=\"315\" frameborder=\"0\" allowfullscreen=\"allowfullscreen\"><\/iframe><\/p>\n<h2>Et si vous ne souhaitez pas des cours de conversation d&rsquo;anglais am\u00e9ricain&#8230;<\/h2>\n<p>Notez \u00e9galement que nous proposons une s\u00e9rie de cours d\u00e9di\u00e9s \u00e0 l&rsquo;<a title=\"accent britannique\" href=\"https:\/\/live-english.net\/english-courses\/spoken-english-course\/english-conversation-course-british-accent\/\">accent britannique<\/a>, et une s\u00e9rie de cours pour ceux qui souhaitent conna\u00eetre <a title=\"diff\u00e9rents accents anglais\" href=\"https:\/\/live-english.net\/english-courses\/spoken-english-course\/english-conversation-course-british-accent\/\">diff\u00e9rents accents<\/a> et avec des cours de conversation avec des professeurs de diff\u00e9rents pays tels que les Etats-Unis, l&rsquo;Angleterre, l&rsquo;Australie, l&rsquo;Afrique du Sud, etc.<\/p>\n<h2>Pour aller plus loin:<\/h2>\n<ul>\n<li> <a title=\"Am\u00e9liorer son accent am\u00e9ricain\" href=\"https:\/\/live-english.net\/improving-american-accent\/\">Am\u00e9liorer son accent am\u00e9ricain<\/li>\n<li> <a title=\" Australian English Vs. American English \" href=\"https:\/\/live-english.net\/australian-english-vs-american-english\/\"> Australian English and American English<\/li>\n<li> <a title=\"Relocating to the USA \" href=\"https:\/\/live-english.net\/relocating-usa\/\">Relocating to the USA<\/li>\n<li><a title=\" What is Silicon Valley? \" href=\"https:\/\/live-english.net\/what-is-silicon-valley\/\"> Silicon Valley<\/a><\/li>\n<\/ul>\n<p><strong>Si vous souhaitez avoir plus d&rsquo;informations sur nos cours d&rsquo;anglais am\u00e9ricain, inscrivez-vous \u00e0 un <a title=\"cours d&#039;essai d&#039;anglais gratuit\" href=\"https:\/\/live-english.net\/free-trial\/\">cours d&rsquo;essai gratuit<\/a> et discutez de vos besoins et objectifs linguistiques avec l&rsquo;un de nos professeurs.<\/strong><\/p>\n <aside id=\"custom_html-66\" class=\"widget_text widget widget_custom_html amr_widget\"><div class=\"textwidget custom-html-widget\"><div>\r\n\t<br><br>\r\n<\/div>\r\n<!--EN-->\r\n<aside id=\"custom_html-74\" class=\"widget_text widget widget_custom_html amr_widget\"><div class=\"textwidget custom-html-widget\"><div><a href=\"https:\/\/member.booknstart.com\/trial-registration?lg=fr&amp;referred_by=CTA&amp;office_id=3\" title=\"Book a Free Trial Lesson\" target=\"_blank\" rel=\"noopener\"><img alt=\"Book your free English trial lesson\" src='https:\/\/live-english.net\/wp-content\/uploads\/2023\/02\/CTA-cours-gratuit.jpg'><\/a>\t\r\n<\/div><\/div><\/aside> <!--FR-->\r\n<!--IT-->\r\n<!--DE-->\r\n <!--ES-->\r\n <!--HE-->\r\n <!--RU--><\/div><\/aside>","protected":false},"excerpt":{"rendered":"<p>Am\u00e9liorer son accent n&rsquo;est pas chose facile. Pour parler avec un accent am\u00e9ricain, il est n\u00e9cessaire d&rsquo;\u00eatre en contact le plus possible avec cet accent \u00e0 travers les m\u00e9dias locaux (t\u00e9l\u00e9vision, radio, journaux) et de parler avec des Am\u00e9ricains en<\/p>\n","protected":false},"author":1,"featured_media":28650,"parent":266,"menu_order":0,"comment_status":"closed","ping_status":"closed","template":"","meta":{"_monsterinsights_skip_tracking":false,"_monsterinsights_sitenote_active":false,"_monsterinsights_sitenote_note":"","_monsterinsights_sitenote_category":0,"footnotes":""},"class_list":["post-9912","page","type-page","status-publish","hentry"],"_links":{"self":[{"href":"https:\/\/live-english.net\/fr\/wp-json\/wp\/v2\/pages\/9912","targetHints":{"allow":["GET"]}}],"collection":[{"href":"https:\/\/live-english.net\/fr\/wp-json\/wp\/v2\/pages"}],"about":[{"href":"https:\/\/live-english.net\/fr\/wp-json\/wp\/v2\/types\/page"}],"author":[{"embeddable":true,"href":"https:\/\/live-english.net\/fr\/wp-json\/wp\/v2\/users\/1"}],"replies":[{"embeddable":true,"href":"https:\/\/live-english.net\/fr\/wp-json\/wp\/v2\/comments?post=9912"}],"version-history":[{"count":6,"href":"https:\/\/live-english.net\/fr\/wp-json\/wp\/v2\/pages\/9912\/revisions"}],"predecessor-version":[{"id":32266,"href":"https:\/\/live-english.net\/fr\/wp-json\/wp\/v2\/pages\/9912\/revisions\/32266"}],"up":[{"embeddable":true,"href":"https:\/\/live-english.net\/fr\/wp-json\/wp\/v2\/pages\/266"}],"wp:featuredmedia":[{"embeddable":true,"href":"https:\/\/live-english.net\/fr\/wp-json\/wp\/v2\/media\/28650"}],"wp:attachment":[{"href":"https:\/\/live-english.net\/fr\/wp-json\/wp\/v2\/media?parent=9912"}],"curies":[{"name":"wp","href":"https:\/\/api.w.org\/{rel}","templated":true}]}}