{"id":9930,"date":"2020-03-02T18:58:29","date_gmt":"2020-03-02T18:58:29","guid":{"rendered":"https:\/\/live-english.net\/?page_id=9930"},"modified":"2025-11-29T13:14:18","modified_gmt":"2025-11-29T13:14:18","slug":"finance-comptabilite","status":"publish","type":"page","link":"https:\/\/live-english.net\/fr\/cours-anglais-ligne\/cours-anglais-affaires\/finance-comptabilite\/","title":{"rendered":"Cours d&rsquo;anglais des affaires: finance et comptabilit\u00e9"},"content":{"rendered":"<p>Les professionnels sont de plus en plus amen\u00e9s \u00e0 communiquer en anglais pour le travail. C&rsquo;est d\u00e9sormais un pr\u00e9-requis pour de nombreuses professions de la finance et de la comptabilit\u00e9. Si votre objectif est de pouvoir parler finance ou comptabilit\u00e9 en anglais avec vos coll\u00e8gues, clients ou partenaires commerciaux, ce cours est fait pour vous.<\/p>\n<p>Vous apprendrez avec des professeurs anglophnes qui ont \u00e0 la fois une bonne connaissance de ce domaine ainsi qu&rsquo;une exp\u00e9rience professionnelle ant\u00e9rieure dans la comptabilit\u00e9 ou la finance.<\/p>\n<h2>Pourquoi un cours d&rsquo;anglais des affaires sp\u00e9cialis\u00e9 en finance et comptabilit\u00e9?<\/h2>\n<p>Comptabilit\u00e9 en anglais se dit <em>accounting<\/em>, finance en anglais se dit aussi <em>finance <\/em>(mais prononcez <em>\u00ab\u00a0fa.y.nance\u00a0\u00bb<\/em>).<br \/>\nUn anglais courant est de plus en plus demand\u00e9 dans le domaine de la finance et de la comptabilit\u00e9. Les cadres et employ\u00e9s sont dans des situations o\u00f9 l&rsquo;anglais est imp\u00e9ratif: ils doivent participer \u00e0 des r\u00e9unions ou des conf\u00e9rences, \u00e9crire des emails ou des comptes-rendus, fr\u00e9quemment interagir en anglais avec des coll\u00e8gues.<br \/>\n<aside id=\"custom_html-81\" class=\"widget_text widget widget_custom_html amr_widget\"><div class=\"textwidget custom-html-widget\"><!--EN-->\r\n<aside id=\"custom_html-82\" class=\"widget_text widget widget_custom_html amr_widget\"><div class=\"textwidget custom-html-widget\"><a href=\"https:\/\/member.booknstart.com\/trial-registration?lg=fr&amp;referred_by=sCTA&amp;office_id=3\" title=\"Book a Free Trial Lesson\" target=\"_blank\" rel=\"noopener\"><img decoding=\"async\" src=\"https:\/\/live-english.net\/wp-content\/uploads\/2023\/02\/sCTA-fr2.jpg\" alt=\"Book your Free English Trial lesson\" \/><\/a><\/div><\/aside> <!--FR-->\r\n<!--IT-->\r\n<!--DE-->\r\n <!--ES-->\r\n <!--HE\r\n[do_widget id=custom_html-72] <!--RU-->\r\n<div>\r\n\t<br><br>\r\n<\/div><\/div><\/aside><\/p>\n<h2>Qu&rsquo;est-ce qui est compris dans le cours de finance et comptabilit\u00e9 en anglais?<\/h2>\n<p>A travers le cours d&rsquo;anglais des affaire d\u00e9di\u00e9 \u00e0 la finance et \u00e0 la comptabilit\u00e9, vous am\u00e9liorere votre vocabulaire anglais de la banque, la finance et la comptabilit\u00e9 afin d&rsquo;am\u00e9liorer votre aisance lorsque vous parler en anglais de sujets professionnels. Seront incorpor\u00e9s aux cours le vocabulaire d&rsquo;anglais britannique et d&rsquo;anglais am\u00e9ricain. Il sera plus facile pour vous de comprendre le jargon et les expressions que vos coll\u00e8gues et clients utilisent.<\/p>\n<h2>A qui est destin\u00e9 ce cours d&rsquo;anglais de la finance et de la comptabilit\u00e9?<\/h2>\n<p>Notre cours d&rsquo;anglais des affaires sp\u00e9cialis\u00e9 en finance et comptabilit\u00e9 est destin\u00e9 \u00e0 tous ceux qui souhaitent am\u00e9liorer leur anglais des affaires pour raisons professionnelles et qui sont int\u00e9ress\u00e9s par la banque, la bourse, la finance, la comptabilit\u00e9, le monde de l&rsquo;assurance. Ce sont des industries qui \u00e9voluent souvent \u00e0 l&rsquo;international et qui ont donc besoin de professionnels qui puissent communiquer couramment en anglais.<\/p>\n<h2>Comment se d\u00e9roulent les cours d\u2019anglais des affaires sp\u00e9cialis\u00e9s en finance et comptabilit\u00e9?<\/h2>\n<p>En choisissant l\u2019objectif anglais des affaires \u2013 finance et comptabilit\u00e9, vous avez acc\u00e8s, dans la Study Box, \u00e0 un large choix de ressources p\u00e9dagogiques d\u00e9di\u00e9es \u00e0 ces domaines. Les professeurs qui enseignent en ligne par Zoom, Google Meet ou par t\u00e9l\u00e9phone, sont non seulement s\u00e9lectionn\u00e9s pour leurs connaissances et exp\u00e9rience en finance et comptabilit\u00e9, mais aussi form\u00e9 \u00e0 nos m\u00e9thodes d&rsquo;apprentissage. Un cours par semaine est une bonne cadence pour ceux qui ont d\u00e9j\u00e0 un bon niveau d\u2019anglais des affaires et qui souhaitent maintenir leur niveau. Si l\u2019objectif est de monter de niveau, nous recommandons alors 2 \u00e0 3 cours par semaine. Il est \u00e9galement recommand\u00e9 d\u2019\u00e9tudier avec 2 professeurs afin de ne pas s\u2019habituer \u00e0 un seul accent.<\/p>\n<p>Veuillez noter que nous proposons diff\u00e9rentes sp\u00e9cialit\u00e9s d&rsquo;<a title=\"Cours d&#039;anglais des affaires\" href=\"https:\/\/live-english.net\/english-courses\/business-english-course\/\">anglais des affaires<\/a>.<\/p>\n<p>Si vous souhaitez en savoir davantage sur nos cours d&rsquo;anglais des affaires sp\u00e9cialis\u00e9s en finance et comptabilit\u00e9, inscrivez-vous d\u00e8s maintenant \u00e0 un <a title=\"cours d&#039;anglais d&#039;essai\" href=\"https:\/\/live-english.net\/free-trial\/\">cours d&rsquo;essai gratuit<\/a> et discutez de vos objectifs et besoins avec l&rsquo;un de nos professeurs d&rsquo;anglais.<\/p>\n <aside id=\"custom_html-66\" class=\"widget_text widget widget_custom_html amr_widget\"><div class=\"textwidget custom-html-widget\"><div>\r\n\t<br><br>\r\n<\/div>\r\n<!--EN-->\r\n<aside id=\"custom_html-74\" class=\"widget_text widget widget_custom_html amr_widget\"><div class=\"textwidget custom-html-widget\"><div><a href=\"https:\/\/member.booknstart.com\/trial-registration?lg=fr&amp;referred_by=CTA&amp;office_id=3\" title=\"Book a Free Trial Lesson\" target=\"_blank\" rel=\"noopener\"><img alt=\"Book your free English trial lesson\" src='https:\/\/live-english.net\/wp-content\/uploads\/2023\/02\/CTA-cours-gratuit.jpg'><\/a>\t\r\n<\/div><\/div><\/aside> <!--FR-->\r\n<!--IT-->\r\n<!--DE-->\r\n <!--ES-->\r\n <!--HE-->\r\n <!--RU--><\/div><\/aside>","protected":false},"excerpt":{"rendered":"<p>Les professionnels sont de plus en plus amen\u00e9s \u00e0 communiquer en anglais pour le travail. C&rsquo;est d\u00e9sormais un pr\u00e9-requis pour de nombreuses professions de la finance et de la comptabilit\u00e9. Si votre objectif est de pouvoir parler finance ou comptabilit\u00e9<\/p>\n","protected":false},"author":1,"featured_media":29243,"parent":277,"menu_order":0,"comment_status":"closed","ping_status":"closed","template":"","meta":{"_monsterinsights_skip_tracking":false,"_monsterinsights_sitenote_active":false,"_monsterinsights_sitenote_note":"","_monsterinsights_sitenote_category":0,"footnotes":""},"class_list":["post-9930","page","type-page","status-publish","hentry"],"_links":{"self":[{"href":"https:\/\/live-english.net\/fr\/wp-json\/wp\/v2\/pages\/9930","targetHints":{"allow":["GET"]}}],"collection":[{"href":"https:\/\/live-english.net\/fr\/wp-json\/wp\/v2\/pages"}],"about":[{"href":"https:\/\/live-english.net\/fr\/wp-json\/wp\/v2\/types\/page"}],"author":[{"embeddable":true,"href":"https:\/\/live-english.net\/fr\/wp-json\/wp\/v2\/users\/1"}],"replies":[{"embeddable":true,"href":"https:\/\/live-english.net\/fr\/wp-json\/wp\/v2\/comments?post=9930"}],"version-history":[{"count":6,"href":"https:\/\/live-english.net\/fr\/wp-json\/wp\/v2\/pages\/9930\/revisions"}],"predecessor-version":[{"id":43937,"href":"https:\/\/live-english.net\/fr\/wp-json\/wp\/v2\/pages\/9930\/revisions\/43937"}],"up":[{"embeddable":true,"href":"https:\/\/live-english.net\/fr\/wp-json\/wp\/v2\/pages\/277"}],"wp:featuredmedia":[{"embeddable":true,"href":"https:\/\/live-english.net\/fr\/wp-json\/wp\/v2\/media\/29243"}],"wp:attachment":[{"href":"https:\/\/live-english.net\/fr\/wp-json\/wp\/v2\/media?parent=9930"}],"curies":[{"name":"wp","href":"https:\/\/api.w.org\/{rel}","templated":true}]}}