{"id":10003,"date":"2020-03-17T15:19:31","date_gmt":"2020-03-17T15:19:31","guid":{"rendered":"https:\/\/live-english.net\/?page_id=10003"},"modified":"2023-08-06T13:23:53","modified_gmt":"2023-08-06T13:23:53","slug":"corso-di-conversazione-inglese-accento-americano","status":"publish","type":"page","link":"https:\/\/live-english.net\/it\/corsi-inglese-online\/corsi-conversazione-inglese\/corso-di-conversazione-inglese-accento-americano\/","title":{"rendered":"Corso di conversazione inglese: Accento Americano"},"content":{"rendered":"<p>Migliorare la pronuncia non \u00e8 facile. Acquisire l&#8217;accento americano richiede\u00a0 un&#8217;esposizione sufficiente attraverso i media (TV, radio, giornali) e di praticare la pronuncia con un madrelingua americano.<br \/>\nLive-English.net propone un corso su misura per chi vorrebbe praticare il proprio inglese con l&#8217;accento sulla\u00a0 lingua e la pronuncia americana.\u00a0 Se il tuo sogno \u00e8 parlare come un americano madrelingua, questo corso \u00e8 per te. Puoi imparare a parlare e comprendere l&#8217;inglese americano online senza andare negli Stati Uniti.<\/p>\n<h2>Cos&#8217;\u00e8 il corso di conversazione\u00a0 inglese &#8220;Accento Americano&#8221;?<\/h2>\n<p>Questo corso ti dar\u00e0 la possibilit\u00e0 di imparare l&#8217;inglese con insegnanti madrelingua dagli Stati Uniti. Il suo obiettivo \u00e8 quello di creare una<em> full immersion,<\/em> come se fossi in America. Il corso si tiene online, con insegnanti in tempo\u00a0 reale, via Skype, Zoom o telefono, e aiuta a esercitarti e migliorare le tue skills di conversazione in inglese americano.<br \/>\n<aside id=\"custom_html-81\" class=\"widget_text widget widget_custom_html amr_widget\"><div class=\"textwidget custom-html-widget\"><!--EN-->\r\n <!--FR-->\r\n<aside id=\"custom_html-83\" class=\"widget_text widget widget_custom_html amr_widget\"><div class=\"textwidget custom-html-widget\"><a href=\"https:\/\/member.booknstart.com\/trial-registration?lg=it&amp;referred_by=sCTA&amp;office_id=3\" title=\"Book a Free Trial Lesson\" target=\"_blank\" rel=\"noopener\"><img decoding=\"async\" src=\"https:\/\/live-english.net\/wp-content\/uploads\/2023\/02\/sCTA-it.jpg\" alt=\"Book your Free English Trial lesson\" \/><\/a><\/div><\/aside><!--IT-->\r\n<!--DE-->\r\n <!--ES-->\r\n <!--HE\r\n[do_widget id=custom_html-72] <!--RU-->\r\n<div>\r\n\t<br><br>\r\n<\/div><\/div><\/aside><\/p>\n<h2>Cosa potr\u00f2 imparare?<\/h2>\n<p>Studiare con insegnanti di origine americana ti permetter\u00e0 di lavorare su vari aspetti:<\/p>\n<ul>\n<li>migliorare il tuo accento e la pronuncia<\/li>\n<li>imparare espressioni e modi di dire specifici dell&#8217;inglese americano<\/li>\n<li>conoscere meglio la cultura americana<\/li>\n<li>capire gli americani con pi\u00f9 facilit\u00e0<\/li>\n<li>conoscere insegnanti americani da diversi Stati e capire le differenze tra le diverse parti dell&#8217;America.<\/li>\n<\/ul>\n<h2>A chi \u00e8 rivolto il corso di &#8220;Accento Americano&#8221;?<\/h2>\n<p>Il corso di conversazione in inglese americano \u00e8 rivolto a chiunque:\u00a0 studenti, professionisti, viaggiatori, interessati a migliorare il proprio inglese in un ambiente americano. Molte persone che frequentano questo corso hanno trascorso del tempo negli Stati Uniti o hanno in programma una visita in America.<\/p>\n<h2>Come funzionano le lezioni di inglese americano?<\/h2>\n<p>Scegliendo le lezioni di inglese americano, puoi accedere a una vasta gamma di risorse sulla nostra piattaforma di materiali di studio,\u00a0<strong> Study Box,<\/strong> con notizie dagli Stati Uniti.<\/p>\n<p>Gli insegnanti che impartiscono le lezioni online tramite Skype, Zoom o telefono sono esclusivamente madrelingua americani, provenienti da diversi Stati degli Stati Uniti.<\/p>\n<p>Una sessione alla settimana \u00e8 ottima per le persone che hanno gi\u00e0 una buona padronanza dell&#8217;inglese americano e il cui obiettivo \u00e8 principalmente quello di mantenere il loro livello. Se l&#8217;obiettivo \u00e8 migliorare, si consigliano 2-3 lezioni di inglese alla settimana.<\/p>\n<p>\u00c8 anche buona norma studiare con 2 insegnanti per essere esposti a pronunce pi\u00f9 variegate.<\/p>\n<h2>Corso di inglese americano online<\/h2>\n<p><iframe src=\"https:\/\/www.youtube.com\/embed\/Ogzs_IGY27w\" width=\"560\" height=\"315\" frameborder=\"0\" allowfullscreen=\"allowfullscreen\"><\/iframe><\/p>\n<h2>Corso di inglese americano o britannico?<\/h2>\n<p>Tra i nostri percorsi dedicati all&#8217;inglese parlato, abbiamo anche un corso dedicato all<a href=\"https:\/\/live-english.net\/english-courses\/spoken-english-course\/english-conversation-course-british-accent\/\">&#8216;accento britannico<\/a> e un corso che permette di lavorare in contemporanea su un <a href=\"https:\/\/live-english.net\/english-courses\/spoken-english-course\/english-conversation-course-british-accent\/\">mix di accenti:<\/a>\u00a0americano, britannico, australiano, sudafricano, ecc.<\/p>\n<h2>Per fare un passo in pi\u00f9:<\/h2>\n<ul>\n<li><a title=\" Migliora il tuo accento americano \" href=\"https:\/\/live-english.net\/improving-american-accent\/\"> Migliora il tuo accento americano <\/li>\n<li> <a title=\" Australian English Vs. American English \" href=\"https:\/\/live-english.net\/australian-english-vs-american-english\/\"> Australian English and American English<\/li>\n<li> <a title=\"Relocating to the USA \" href=\"https:\/\/live-english.net\/relocating-usa\/\">Relocating to the USA <\/a> <\/li>\n<li> <a title=\" Che cos\u2019\u00e8 la Silicon Valley? \" href=\"https:\/\/live-english.net\/what-is-silicon-valley\/\"> Che cos\u2019\u00e8 la Silicon Valley?<\/a> <\/li>\n<\/ul>\n<p><strong>Vuoi saperne di pi\u00f9 del nostro corso di conversazione inglese &#8220;Accento Americano&#8221;? Registrati ora per una <\/strong><a href=\"https:\/\/live-english.net\/free-trial\/\"><strong>lezione di prova gratuita<\/strong><\/a><strong> e discuti le tue esigenze e i tuoi obiettivi con uno dei nostri insegnanti.<\/strong><\/p>\n<p>&nbsp;<\/p>\n <aside id=\"custom_html-66\" class=\"widget_text widget widget_custom_html amr_widget\"><div class=\"textwidget custom-html-widget\"><div>\r\n\t<br><br>\r\n<\/div>\r\n<!--EN-->\r\n <!--FR-->\r\n<aside id=\"custom_html-76\" class=\"widget_text widget widget_custom_html amr_widget\"><div class=\"textwidget custom-html-widget\"><div><a href=\"https:\/\/member.booknstart.com\/trial-registration?lg=it&amp;referred_by=CTA&amp;office_id=3\" title=\"Book a Free Trial Lesson\" target=\"_blank\" rel=\"noopener\"><img alt=\"Book your free English trial lesson\" src='https:\/\/live-english.net\/wp-content\/uploads\/2023\/02\/CTA-prova.jpg'><\/a>\t\r\n<\/div><\/div><\/aside><!--IT-->\r\n<!--DE-->\r\n <!--ES-->\r\n <!--HE-->\r\n <!--RU--><\/div><\/aside>","protected":false},"excerpt":{"rendered":"<p>Migliorare la pronuncia non \u00e8 facile. Acquisire l&#8217;accento americano richiede\u00a0 un&#8217;esposizione sufficiente attraverso i media (TV, radio, giornali) e di praticare la pronuncia con un madrelingua americano. Live-English.net propone un corso su misura per chi vorrebbe praticare il proprio inglese<\/p>\n","protected":false},"author":4,"featured_media":28662,"parent":379,"menu_order":0,"comment_status":"closed","ping_status":"closed","template":"","meta":{"_monsterinsights_skip_tracking":false,"_monsterinsights_sitenote_active":false,"_monsterinsights_sitenote_note":"","_monsterinsights_sitenote_category":0,"footnotes":""},"class_list":["post-10003","page","type-page","status-publish","hentry"],"_links":{"self":[{"href":"https:\/\/live-english.net\/it\/wp-json\/wp\/v2\/pages\/10003","targetHints":{"allow":["GET"]}}],"collection":[{"href":"https:\/\/live-english.net\/it\/wp-json\/wp\/v2\/pages"}],"about":[{"href":"https:\/\/live-english.net\/it\/wp-json\/wp\/v2\/types\/page"}],"author":[{"embeddable":true,"href":"https:\/\/live-english.net\/it\/wp-json\/wp\/v2\/users\/4"}],"replies":[{"embeddable":true,"href":"https:\/\/live-english.net\/it\/wp-json\/wp\/v2\/comments?post=10003"}],"version-history":[{"count":8,"href":"https:\/\/live-english.net\/it\/wp-json\/wp\/v2\/pages\/10003\/revisions"}],"predecessor-version":[{"id":32272,"href":"https:\/\/live-english.net\/it\/wp-json\/wp\/v2\/pages\/10003\/revisions\/32272"}],"up":[{"embeddable":true,"href":"https:\/\/live-english.net\/it\/wp-json\/wp\/v2\/pages\/379"}],"wp:featuredmedia":[{"embeddable":true,"href":"https:\/\/live-english.net\/it\/wp-json\/wp\/v2\/media\/28662"}],"wp:attachment":[{"href":"https:\/\/live-english.net\/it\/wp-json\/wp\/v2\/media?parent=10003"}],"curies":[{"name":"wp","href":"https:\/\/api.w.org\/{rel}","templated":true}]}}