{"id":10093,"date":"2020-04-03T15:51:39","date_gmt":"2020-04-03T15:51:39","guid":{"rendered":"https:\/\/live-english.net\/?page_id=10093"},"modified":"2023-07-12T12:31:30","modified_gmt":"2023-07-12T12:31:30","slug":"corso-inglese-medico","status":"publish","type":"page","link":"https:\/\/live-english.net\/it\/corsi-inglese-online\/inglese-professionale-commerciale-online\/corso-inglese-medico\/","title":{"rendered":"Inglese professionale: Corso di Inglese Medico"},"content":{"rendered":"<p>Se lavori direttamente o indirettamente nel settore medico, questo corso di inglese medico online ti permetter\u00e0 di rafforzare la tua padronanza dell&#8217;inglese su argomenti della salute.<\/p>\n<h2>Perch\u00e9 concentrarsi sull&#8217;inglese medico?<\/h2>\n<p>Sebbene, come professionista nel settore medico, tu conosca la terminologia medica complessa, le parti del corpo e il funzionamento di particolari farmaci, vuoi sentirti sicuro quando parli della storia medica di un paziente in inglese, quando partecipi a convenzioni mediche internazionali o quando comunichi in inglese in qualsiasi situazione lavorativa.<\/p>\n<h2>Cosa \u00e8 incluso nel corso di inglese medico?<\/h2>\n<p>Mentre studi online con un insegnante di madrelingua inglese su Live-English.net avrai la possibilit\u00e0 di:<\/p>\n<ul>\n<li>utilizzare materiale specifico dalla Study Box su argomenti medici e problemi attuali affrontati dal settore.<\/li>\n<li>praticare il tuo inglese e ottenere una comprensione pi\u00f9 approfondita della comunicazione professionale in inglese.<\/li>\n<li>lavorare sulla fluidit\u00e0 e l&#8217;accuratezza nella lingua, perch\u00e9 sono fondamentali nella tua professione medica.<\/li>\n<\/ul>\n<p>Grazie a questo corso, aumenterai il tuo vocabolario medico e generico in modo da poter avanzare la tua carriera. Capirai pi\u00f9 facilmente il linguaggio colloquiale utilizzato dai tuoi colleghi e pazienti, e i modi di dire tipici del settore.<\/p>\n<h2>A chi \u00e8 rivolto il corso di inglese medico online?<\/h2>\n<p>Questo corso Live-English.net \u00e8 stato progettato per professionisti che lavorano nel campo legato alla medicina e la salute, per consentire loro di praticare l&#8217;inglese su argomenti pertinenti. Gli insegnanti di madrelingua inglese che ti seguiranno hanno conoscenza ed esperienza in materia medica e comprendono la terminologia.<\/p>\n<p>Medici, infermieri, dentisti, operatori sanitari, farmacisti, fisioterapisti, segretarie mediche, personale ospedaliero, dirigenti ospedalieri, radiologi, ricercatori medici, terapisti alternativi o complementari, nonch\u00e9 persone che lavorano in team di vendita di prodotti medici e farmaceutici sono tra gli allievi di questo corso d&#8217;inglese.<\/p>\n<h2>Come funzionano le lezioni di inglese medico online?<\/h2>\n<p>Scegliendo le lezioni di Inglese medico, puoi accedere a una vasta gamma di risorse nella Study Box che si concentra su notizie relative al settore medico. Avrai accesso a insegnanti che impartiscono lezioni online tramite Skype, Zoom o per telefono e hanno esperienza nell&#8217;insegnamento dell&#8217;inglese medico. Conoscono la terminologia e hanno familiarit\u00e0 con le risorse pedagogiche del corso di inglese medico. Una sessione a settimana \u00e8 ottima per le persone che hanno gi\u00e0 una buona padronanza dell&#8217;inglese e il cui obiettivo \u00e8 quello di mantenere il proprio livello. Se l&#8217;obiettivo \u00e8 di fare progressi, si consigliano 2-3 lezioni di inglese commerciale. \u00c8 anche buona norma imparare con 2 insegnanti in modo da non abituarsi a un accento specifico.<\/p>\n<p>Si prega di notare che offriamo una vasta gamma di percorsi volti ad aiutare a migliorare l&#8217;inglese in <a title=\"diversi campi professionali\" href=\"https:\/\/live-english.net\/it\/corsi-inglese-online\/inglese-professionale-commerciale-online\/\">diversi campi professionali<\/a>.<\/p>\n<p>Vuoi saperne di pi\u00f9 sul nostro corso online di inglese medico? Registrati ora per una\u00a0<a title=\"lezione di prova gratuita\" href=\"https:\/\/live-english.net\/it\/inglese-lezione-prova\/\">lezione di prova gratuita<\/a>\u00a0e discuti delle tue esigenze e dei tuoi obiettivi con uno dei nostri insegnanti.<\/p>\n<p>&nbsp;<\/p>\n <aside id=\"custom_html-66\" class=\"widget_text widget widget_custom_html amr_widget\"><div class=\"textwidget custom-html-widget\"><div>\r\n\t<br><br>\r\n<\/div>\r\n<!--EN-->\r\n <!--FR-->\r\n<aside id=\"custom_html-76\" class=\"widget_text widget widget_custom_html amr_widget\"><div class=\"textwidget custom-html-widget\"><div><a href=\"https:\/\/member.booknstart.com\/trial-registration?lg=it&amp;referred_by=CTA&amp;office_id=3\" title=\"Book a Free Trial Lesson\" target=\"_blank\" rel=\"noopener\"><img alt=\"Book your free English trial lesson\" src='https:\/\/live-english.net\/wp-content\/uploads\/2023\/02\/CTA-prova.jpg'><\/a>\t\r\n<\/div><\/div><\/aside><!--IT-->\r\n<!--DE-->\r\n <!--ES-->\r\n <!--HE-->\r\n <!--RU--><\/div><\/aside>","protected":false},"excerpt":{"rendered":"<p>Se lavori direttamente o indirettamente nel settore medico, questo corso di inglese medico online ti permetter\u00e0 di rafforzare la tua padronanza dell&#8217;inglese su argomenti della salute. Perch\u00e9 concentrarsi sull&#8217;inglese medico? Sebbene, come professionista nel settore medico, tu conosca la terminologia<\/p>\n","protected":false},"author":4,"featured_media":29478,"parent":370,"menu_order":0,"comment_status":"closed","ping_status":"closed","template":"","meta":{"_monsterinsights_skip_tracking":false,"_monsterinsights_sitenote_active":false,"_monsterinsights_sitenote_note":"","_monsterinsights_sitenote_category":0,"footnotes":""},"class_list":["post-10093","page","type-page","status-publish","hentry"],"_links":{"self":[{"href":"https:\/\/live-english.net\/it\/wp-json\/wp\/v2\/pages\/10093","targetHints":{"allow":["GET"]}}],"collection":[{"href":"https:\/\/live-english.net\/it\/wp-json\/wp\/v2\/pages"}],"about":[{"href":"https:\/\/live-english.net\/it\/wp-json\/wp\/v2\/types\/page"}],"author":[{"embeddable":true,"href":"https:\/\/live-english.net\/it\/wp-json\/wp\/v2\/users\/4"}],"replies":[{"embeddable":true,"href":"https:\/\/live-english.net\/it\/wp-json\/wp\/v2\/comments?post=10093"}],"version-history":[{"count":1,"href":"https:\/\/live-english.net\/it\/wp-json\/wp\/v2\/pages\/10093\/revisions"}],"predecessor-version":[{"id":30769,"href":"https:\/\/live-english.net\/it\/wp-json\/wp\/v2\/pages\/10093\/revisions\/30769"}],"up":[{"embeddable":true,"href":"https:\/\/live-english.net\/it\/wp-json\/wp\/v2\/pages\/370"}],"wp:featuredmedia":[{"embeddable":true,"href":"https:\/\/live-english.net\/it\/wp-json\/wp\/v2\/media\/29478"}],"wp:attachment":[{"href":"https:\/\/live-english.net\/it\/wp-json\/wp\/v2\/media?parent=10093"}],"curies":[{"name":"wp","href":"https:\/\/api.w.org\/{rel}","templated":true}]}}