{"id":10369,"date":"2020-05-05T15:33:44","date_gmt":"2020-05-05T15:33:44","guid":{"rendered":"https:\/\/live-english.net\/?page_id=10369"},"modified":"2023-06-21T08:20:58","modified_gmt":"2023-06-21T08:20:58","slug":"inglese-commerciale-risorse-umane","status":"publish","type":"page","link":"https:\/\/live-english.net\/it\/corsi-inglese-online\/inglese-professionale-commerciale-online\/inglese-commerciale-risorse-umane\/","title":{"rendered":"Inglese commerciale: Risorse Umane"},"content":{"rendered":"<p>Se operi nel campo delle Risorse Umane, questo corso focalizzato sulle tematiche di HR, \u00e8 fatto per te.<\/p>\n<p>Trattare tematiche dell&#8217;HR con un insegnante professionista di madrelingua inglese con esperienza comprovata nel settore contribuir\u00e0 senz&#8217;altro al salto di qualit\u00e0 del tuo inglese professionale!<\/p>\n<h2>In cosa consiste il corso di Inglese Commerciale per le Risorse Umane?<\/h2>\n<p>La gestione delle risorse umane prevede un approccio strategico e comprensivo allo stesso tempo al management del personale, come anche quello dell&#8217;ambiente di lavoro e la cultura del lavoro.<\/p>\n<p>Il compito del professionista dell&#8217;HR \u00e8 assicurarsi che la risorsa pi\u00f9 importante dell&#8217;azienda &#8211; il suo capitale umano &#8211; viene supportata e accudita tramite la creazione di programmi di management, politiche, procedure, oltre che la creazione di un ambiente positivo, caratterizzato da rapporti fruttuosi tra la il management e gli impiegati.<br \/>\nUna buona padronanza della lingua inglese e della terminologia specifica del settore delle risorse umane \u00e8 indispensabile per chi vorrebbe operare in contesti internazionali ed esteri, per assicurarsi una comunicazione fluida e scorrevole.<br \/>\n<aside id=\"custom_html-81\" class=\"widget_text widget widget_custom_html amr_widget\"><div class=\"textwidget custom-html-widget\"><!--EN-->\r\n <!--FR-->\r\n<aside id=\"custom_html-83\" class=\"widget_text widget widget_custom_html amr_widget\"><div class=\"textwidget custom-html-widget\"><a href=\"https:\/\/member.booknstart.com\/trial-registration?lg=it&amp;referred_by=sCTA&amp;office_id=3\" title=\"Book a Free Trial Lesson\" target=\"_blank\" rel=\"noopener\"><img decoding=\"async\" src=\"https:\/\/live-english.net\/wp-content\/uploads\/2023\/02\/sCTA-it.jpg\" alt=\"Book your Free English Trial lesson\" \/><\/a><\/div><\/aside><!--IT-->\r\n<!--DE-->\r\n <!--ES-->\r\n <!--HE\r\n[do_widget id=custom_html-72] <!--RU-->\r\n<div>\r\n\t<br><br>\r\n<\/div><\/div><\/aside><\/p>\n<h2>Cosa include il corso di Inglese Commerciale per le Risorse Umane?<\/h2>\n<p>Le Risorse Umane sono un settore molto vasto e molte degli ambiti che lo compongono possono essere coperti dal corso, in base alle necessit\u00e0 personali e professionali.<\/p>\n<ul>\n<li>Compensazioni e benefit<\/li>\n<li>Ritenzione del personale<\/li>\n<li>Assunzioni<\/li>\n<li>Licenziamenti<\/li>\n<li>Colloqui di lavoro<\/li>\n<li>Rapporti col personale<\/li>\n<li>Sviluppo aziendale<\/li>\n<li>Reclutamento<\/li>\n<li>Ridondanza<\/li>\n<li>Selezione<\/li>\n<li>Training e sviluppo del personale<\/li>\n<li>Pianificazione strategica<\/li>\n<li>Training e apprendimento<\/li>\n<li>Psicologia del lavoro<\/li>\n<\/ul>\n<h2>Per chi \u00e8 pensato il corso di Inglese Commerciale per le Risorse Umane?<\/h2>\n<p>Idealmente il tuo inglese \u00e8 gi\u00e0 a livello intermedio o alto-intermedio. Il corso \u00e8 adatto per professionisti con una vasta variet\u00e0 di background: imprenditori, responsabili HR, headhunter, recruiter, manager di formazione e sviluppo. Tutte queste figure professionali troveranno un modo per migliorare le loro prestazioni in ambiti internazionali.<\/p>\n<h2>Come funziona il corso di Inglese Commerciale per le Risorse Umane?<\/h2>\n<p>Scegliendo il corso di inglese per le Risorse Umane avrai accesso a una vasta gamma di risorse di studio sulla nostra piattaforma di materiali &#8211; la Study Box &#8211; dedicate all&#8217;HR. Inoltre avrai accesso a insegnanti online (su Skype, Zoom o telefono) che hanno non solo una lunga esperienza nell&#8217;insegnare l&#8217;inglese, ma hanno anche acquisito esperienza professionale direttamente nel campo delle risorse umane. Conoscono la terminologia e le risorse di formazione per l&#8217;inglese HR.<\/p>\n<p>Una lezione alla settimana \u00e8 ottima per chi ha gi\u00e0 un buon livello, quando l&#8217;obiettivo \u00e8 quello di mantenere i progressi raggiunti. Se l&#8217;obiettivo \u00e8 quello di fare un salto di qualit\u00e0, consigliamo due &#8211; tre lezioni settimanali. Molto utile anche studiare con almeno 2 insegnanti diversi per essere esposti a pi\u00f9 accenti e pi\u00f9 stili di insegnamento.<\/p>\n<p>Offriamo una variet\u00e0 di corsi di inglese professionale in<a title=\"Inglese commerciale\" href=\"https:\/\/live-english.net\/it\/corsi-inglese-online\/inglese-professionale-commerciale-online\/\"> vari settori commerciali<\/a>.<\/p>\n<p>Ti interessa il corso di Inglese per le risorse umane online, ma hai domande? <strong>Registrati per una <a title=\"lezione di prova gratuita d&#039;inglese\" href=\"https:\/\/live-english.net\/it\/inglese-lezione-prova\/\">lezione di prova gratuita<\/a> e potrai discutere i tuoi obiettivi e le tue necessit\u00e0 con uno dei nostri insegnanti.<\/strong><\/p>\n <aside id=\"custom_html-66\" class=\"widget_text widget widget_custom_html amr_widget\"><div class=\"textwidget custom-html-widget\"><div>\r\n\t<br><br>\r\n<\/div>\r\n<!--EN-->\r\n <!--FR-->\r\n<aside id=\"custom_html-76\" class=\"widget_text widget widget_custom_html amr_widget\"><div class=\"textwidget custom-html-widget\"><div><a href=\"https:\/\/member.booknstart.com\/trial-registration?lg=it&amp;referred_by=CTA&amp;office_id=3\" title=\"Book a Free Trial Lesson\" target=\"_blank\" rel=\"noopener\"><img alt=\"Book your free English trial lesson\" src='https:\/\/live-english.net\/wp-content\/uploads\/2023\/02\/CTA-prova.jpg'><\/a>\t\r\n<\/div><\/div><\/aside><!--IT-->\r\n<!--DE-->\r\n <!--ES-->\r\n <!--HE-->\r\n <!--RU--><\/div><\/aside>","protected":false},"excerpt":{"rendered":"<p>Se operi nel campo delle Risorse Umane, questo corso focalizzato sulle tematiche di HR, \u00e8 fatto per te. Trattare tematiche dell&#8217;HR con un insegnante professionista di madrelingua inglese con esperienza comprovata nel settore contribuir\u00e0 senz&#8217;altro al salto di qualit\u00e0 del<\/p>\n","protected":false},"author":4,"featured_media":29330,"parent":370,"menu_order":0,"comment_status":"closed","ping_status":"closed","template":"","meta":{"_monsterinsights_skip_tracking":false,"_monsterinsights_sitenote_active":false,"_monsterinsights_sitenote_note":"","_monsterinsights_sitenote_category":0,"footnotes":""},"class_list":["post-10369","page","type-page","status-publish","hentry"],"_links":{"self":[{"href":"https:\/\/live-english.net\/it\/wp-json\/wp\/v2\/pages\/10369","targetHints":{"allow":["GET"]}}],"collection":[{"href":"https:\/\/live-english.net\/it\/wp-json\/wp\/v2\/pages"}],"about":[{"href":"https:\/\/live-english.net\/it\/wp-json\/wp\/v2\/types\/page"}],"author":[{"embeddable":true,"href":"https:\/\/live-english.net\/it\/wp-json\/wp\/v2\/users\/4"}],"replies":[{"embeddable":true,"href":"https:\/\/live-english.net\/it\/wp-json\/wp\/v2\/comments?post=10369"}],"version-history":[{"count":4,"href":"https:\/\/live-english.net\/it\/wp-json\/wp\/v2\/pages\/10369\/revisions"}],"predecessor-version":[{"id":29357,"href":"https:\/\/live-english.net\/it\/wp-json\/wp\/v2\/pages\/10369\/revisions\/29357"}],"up":[{"embeddable":true,"href":"https:\/\/live-english.net\/it\/wp-json\/wp\/v2\/pages\/370"}],"wp:featuredmedia":[{"embeddable":true,"href":"https:\/\/live-english.net\/it\/wp-json\/wp\/v2\/media\/29330"}],"wp:attachment":[{"href":"https:\/\/live-english.net\/it\/wp-json\/wp\/v2\/media?parent=10369"}],"curies":[{"name":"wp","href":"https:\/\/api.w.org\/{rel}","templated":true}]}}