{"id":10781,"date":"2020-05-15T15:38:04","date_gmt":"2020-05-15T15:38:04","guid":{"rendered":"https:\/\/live-english.net\/?page_id=10781"},"modified":"2025-11-27T11:58:09","modified_gmt":"2025-11-27T11:58:09","slug":"inglese-commerciale-generale","status":"publish","type":"page","link":"https:\/\/live-english.net\/it\/corsi-inglese-online\/inglese-professionale-commerciale-online\/inglese-commerciale-generale\/","title":{"rendered":"Corso generale d&#8217;inglese commerciale"},"content":{"rendered":"<p>Se il tuo obiettivo \u00e8 essere in grado di discutere argomenti commerciali generali in inglese con colleghi o clienti, questo corso \u00e8 per te.<\/p>\n<p>Studierai online, su Zoom o Google Meet, con insegnanti di madrelingua inglese che hanno una conoscenza professionale dell&#8217;inglese commerciale.<\/p>\n<h2>Perch\u00e9 scegliere l&#8217;inglese commerciale generale?<\/h2>\n<p>L&#8217;inglese commerciale \u00e8 ampiamente utilizzato in tutti i campi professionali, in particolare quelli che hanno a che fare con il commercio e le vendite, ed \u00e8 molto diverso dall&#8217;inglese generale. Concentrarsi su argomenti commerciali ti consentir\u00e0 di acquisire maggiore fluidit\u00e0 in inglese nell&#8217;interagire con colleghi o clienti.<\/p>\n<p>Il corso \u00e8\u00a0 molto flessibile. Se preferisci, potrai dedicare parte del tempo all&#8217;inglese professionale, mentre le altre lezioni potrebbero concentrarsi sulla tua conoscenza generale dell&#8217;inglese. Dopotutto, per essere fluente in inglese commerciale devi avere una buona conoscenza di base della grammatica e un\u00a0 vocabolario generale.<br \/>\n<aside id=\"custom_html-81\" class=\"widget_text widget widget_custom_html amr_widget\"><div class=\"textwidget custom-html-widget\"><!--EN-->\r\n <!--FR-->\r\n<aside id=\"custom_html-83\" class=\"widget_text widget widget_custom_html amr_widget\"><div class=\"textwidget custom-html-widget\"><a href=\"https:\/\/member.booknstart.com\/trial-registration?lg=it&amp;referred_by=sCTA&amp;office_id=3\" title=\"Book a Free Trial Lesson\" target=\"_blank\" rel=\"noopener\"><img decoding=\"async\" src=\"https:\/\/live-english.net\/wp-content\/uploads\/2023\/02\/sCTA-it.jpg\" alt=\"Book your Free English Trial lesson\" \/><\/a><\/div><\/aside><!--IT-->\r\n<!--DE-->\r\n <!--ES-->\r\n <!--HE\r\n[do_widget id=custom_html-72] <!--RU-->\r\n<div>\r\n\t<br><br>\r\n<\/div><\/div><\/aside><\/p>\n<h2>Cosa \u00e8 incluso nel corso di inglese commerciale?<\/h2>\n<p>Quando scegli il corso online di inglese commerciale, hai accesso a insegnanti di madrelingua inglese specializzati in questo campo. Studiare con gli insegnanti madrelingua specializzati nel tuo settore, che sono utenti attivi del particolare ramo della lingua inglese.<\/p>\n<p>Ti forniremo materiali per aiutarti a far crescere la tua padronanza dell&#8217;inglese applicata al tuo particolare campo professionale. Avrai accesso a risorse generali di inglese commerciale, che ti aiuteranno a migliorare il tuo vocabolario, la grammatica e la fluidit\u00e0.<\/p>\n<h2>Corso di inglese commerciale generale: a chi si rivolge?<\/h2>\n<p>Se sei un professionista che ha bisogno dell&#8217;inglese per lavoro, questo corso \u00e8 per te.<\/p>\n<p>Avere una buona conoscenza dell&#8217;inglese commerciale pu\u00f2 aiutare la crescita della tua carriera, il tuo successo in azienda e aprire nuove opportunit\u00e0, qualunque sia il tuo campo. Se vuoi lavorare a livello internazionale, l&#8217;inglese commerciale \u00e8 la chiave che apre la maggior parte delle porte nel mondo di oggi.<\/p>\n<p>Come professionista, il tuo avanzamento di carriera dipender\u00e0 dal valore che porti alla tua azienda. E con una buona padronanza della lingua inglese in situazioni aziendali, avrai ovviamente un grande valore in quanto \u00e8 essenziale per la tua comunicazione con clienti, partner o affiliati potenziali o esistenti. \u00c8 il miglior investimento che tu possa mai fare nella tua carriera.<\/p>\n<h2>Blog di Business English<\/h2>\n<p>Dai un&#8217;occhiata al nostro <a href=\"https:\/\/live-english.net\/it\/category\/inglese-commerciale\/\">Blog dedicato all&#8217;inglese commerciale<\/a> per migliorare la tua padronanza dei vari aspetti dell&#8217;inglese professionale tramite video e articoli. Le risorse di Business English Resources ti aiuteranno nel costruire il tuo vocabolario e crescere la tua padronanza degli argomenti commerciali in inglese.<\/p>\n<p>&nbsp;<\/p>\n <aside id=\"custom_html-66\" class=\"widget_text widget widget_custom_html amr_widget\"><div class=\"textwidget custom-html-widget\"><div>\r\n\t<br><br>\r\n<\/div>\r\n<!--EN-->\r\n <!--FR-->\r\n<aside id=\"custom_html-76\" class=\"widget_text widget widget_custom_html amr_widget\"><div class=\"textwidget custom-html-widget\"><div><a href=\"https:\/\/member.booknstart.com\/trial-registration?lg=it&amp;referred_by=CTA&amp;office_id=3\" title=\"Book a Free Trial Lesson\" target=\"_blank\" rel=\"noopener\"><img alt=\"Book your free English trial lesson\" src='https:\/\/live-english.net\/wp-content\/uploads\/2023\/02\/CTA-prova.jpg'><\/a>\t\r\n<\/div><\/div><\/aside><!--IT-->\r\n<!--DE-->\r\n <!--ES-->\r\n <!--HE-->\r\n <!--RU--><\/div><\/aside>","protected":false},"excerpt":{"rendered":"<p>Se il tuo obiettivo \u00e8 essere in grado di discutere argomenti commerciali generali in inglese con colleghi o clienti, questo corso \u00e8 per te. Studierai online, su Zoom o Google Meet, con insegnanti di madrelingua inglese che hanno una conoscenza<\/p>\n","protected":false},"author":4,"featured_media":29138,"parent":370,"menu_order":1,"comment_status":"closed","ping_status":"closed","template":"","meta":{"_monsterinsights_skip_tracking":false,"_monsterinsights_sitenote_active":false,"_monsterinsights_sitenote_note":"","_monsterinsights_sitenote_category":0,"footnotes":""},"class_list":["post-10781","page","type-page","status-publish","hentry"],"_links":{"self":[{"href":"https:\/\/live-english.net\/it\/wp-json\/wp\/v2\/pages\/10781","targetHints":{"allow":["GET"]}}],"collection":[{"href":"https:\/\/live-english.net\/it\/wp-json\/wp\/v2\/pages"}],"about":[{"href":"https:\/\/live-english.net\/it\/wp-json\/wp\/v2\/types\/page"}],"author":[{"embeddable":true,"href":"https:\/\/live-english.net\/it\/wp-json\/wp\/v2\/users\/4"}],"replies":[{"embeddable":true,"href":"https:\/\/live-english.net\/it\/wp-json\/wp\/v2\/comments?post=10781"}],"version-history":[{"count":3,"href":"https:\/\/live-english.net\/it\/wp-json\/wp\/v2\/pages\/10781\/revisions"}],"predecessor-version":[{"id":43925,"href":"https:\/\/live-english.net\/it\/wp-json\/wp\/v2\/pages\/10781\/revisions\/43925"}],"up":[{"embeddable":true,"href":"https:\/\/live-english.net\/it\/wp-json\/wp\/v2\/pages\/370"}],"wp:featuredmedia":[{"embeddable":true,"href":"https:\/\/live-english.net\/it\/wp-json\/wp\/v2\/media\/29138"}],"wp:attachment":[{"href":"https:\/\/live-english.net\/it\/wp-json\/wp\/v2\/media?parent=10781"}],"curies":[{"name":"wp","href":"https:\/\/api.w.org\/{rel}","templated":true}]}}