{"id":10963,"date":"2020-05-21T15:52:24","date_gmt":"2020-05-21T15:52:24","guid":{"rendered":"https:\/\/live-english.net\/?page_id=10963"},"modified":"2023-02-13T08:05:36","modified_gmt":"2023-02-13T08:05:36","slug":"corso-inglese-scienza-tecnologia","status":"publish","type":"page","link":"https:\/\/live-english.net\/it\/corsi-inglese-online\/inglese-professionale-commerciale-online\/corso-inglese-scienza-tecnologia\/","title":{"rendered":"Inglese per la scienza e la tecnologia"},"content":{"rendered":"<p>Provi difficolt\u00e0 nel comunicare in inglese in situazioni professionali? Questo corso di inglese professionale per la scienza e la tecnologia ti sar\u00e0 di grande aiuto.<\/p>\n<h2>A chi \u00e8 rivolto il corso di inglese scientifico?<\/h2>\n<p>Il corso \u00e8 dedicato a professionisti che devono migliorare le proprie abilit\u00e0 comunicative in inglese che operano nei seguenti settori:<\/p>\n<ul>\n<li>Ingegneria<\/li>\n<li>Ingegneria Chimica<\/li>\n<li>Informatica<\/li>\n<li>Analisi\/programmazione<\/li>\n<li>System Administration<\/li>\n<li>R&amp;D Management<\/li>\n<li>Qualsiasi altro campo tecnologico o scientifico<\/li>\n<\/ul>\n<h2>Perch\u00e9 scegliere un corso di inglese professionale focalizzato sulla scienza e la tecnologia?<\/h2>\n<p>La maggior parte dei settori tecnologici richiedono una buona padronanza dell&#8217;inglese. Anche se sei in grado di conversare su aree specifiche del tuo campo, forse senti la necessit\u00e0 di migliorare le tue capacit\u00e0 di conversazione generale e il vocabolario generale.<\/p>\n<p>Ora \u00e8 il momento di investire nel tuo inglese per aumentare la tua sicurezza quando parli inglese con colleghi, clienti o partner commerciali.<\/p>\n<p>Partecipare a riunioni e conferenze in inglese e persino fare networking in inglese non sar\u00e0 pi\u00f9 un problema.<\/p>\n<h2>Cosa \u00e8 incluso nel corso di inglese professionale per la scienza e la tecnologia?<\/h2>\n<p>In questo corso, avrai accesso agli insegnanti di inglese che s&#8217;intendono di scienza e tecnologia. Ti aiuteranno a costruire un vocabolario necessario per le tue specifiche situazioni lavorative.Inoltre, potrai scegliere tra articoli scientifici e tecnologici nella Study Box. Sarai in grado di leggere articoli e discutere argomenti legati al tuo campo professionale.Ti invitiamo anche a scegliere articoli al di fuori della tua zona di comfort per aiutarti ad acquisire vocabolario nuovo e, se necessario, a rivedere i punti grammaticali.<\/p>\n<p><iframe width=\"560\" height=\"315\" src=\"https:\/\/www.youtube.com\/embed\/KnFxsk3KE7Y\" frameborder=\"0\" allow=\"accelerometer; autoplay; encrypted-media; gyroscope; picture-in-picture\" allowfullscreen><\/iframe><\/p>\n<h2>Come si svolge il corso di inglese professionale per la scienza e la tecnologia?<\/h2>\n<p>Scegliendo lezioni di inglese scientifico, avrai accesso a una vasta gamma di risorse nella Study Box che si concentra sulla scienza e la tecnologia. Gli insegnanti che tengono le lezioni online tramite Skype, Zoom o telefono sono stati selezionati per le loro conoscenze ed esperienze professionali nel campo scientifico. Inoltre, sono stati anche formati tramite un percorso specifico, per offrirti la migliore esperienza di apprendimento. Una sessione alla settimana \u00e8 ottima per le persone che hanno gi\u00e0 una buona padronanza dell&#8217;inglese e il cui obiettivo \u00e8 principalmente quello di mantenere il loro livello. Se l&#8217;obiettivo \u00e8 migliorare il proprio livello, si consigliano 2-3 lezioni di inglese alla settimana. \u00c8 anche buona norma imparare con 2 insegnanti in modo da non abituarsi a un accento specifico.<br \/>\n<strong>Dal 2007, Live-English.net ha aiutato migliaia di professionisti che lavorano nel campo della scienza e della tecnologia a migliorare il loro inglese professionale. Scopri come possiamo aiutarti.<\/strong><br \/>\n<a title=\"iscriviti a una lezione di prova gratuita\" href=\"https:\/\/live-english.net\/it\/inglese-lezione-prova\/\">Iscriviti a una lezione di prova gratuita!<\/a><br \/>\n&nbsp;<\/p>\n <aside id=\"custom_html-66\" class=\"widget_text widget widget_custom_html amr_widget\"><div class=\"textwidget custom-html-widget\"><div>\r\n\t<br><br>\r\n<\/div>\r\n<!--EN-->\r\n <!--FR-->\r\n<aside id=\"custom_html-76\" class=\"widget_text widget widget_custom_html amr_widget\"><div class=\"textwidget custom-html-widget\"><div><a href=\"https:\/\/member.booknstart.com\/trial-registration?lg=it&amp;referred_by=CTA&amp;office_id=3\" title=\"Book a Free Trial Lesson\" target=\"_blank\" rel=\"noopener\"><img alt=\"Book your free English trial lesson\" src='https:\/\/live-english.net\/wp-content\/uploads\/2023\/02\/CTA-prova.jpg'><\/a>\t\r\n<\/div><\/div><\/aside><!--IT-->\r\n<!--DE-->\r\n <!--ES-->\r\n <!--HE-->\r\n <!--RU--><\/div><\/aside>","protected":false},"excerpt":{"rendered":"<p>Provi difficolt\u00e0 nel comunicare in inglese in situazioni professionali? Questo corso di inglese professionale per la scienza e la tecnologia ti sar\u00e0 di grande aiuto. A chi \u00e8 rivolto il corso di inglese scientifico? Il corso \u00e8 dedicato a professionisti<\/p>\n","protected":false},"author":4,"featured_media":24238,"parent":370,"menu_order":0,"comment_status":"closed","ping_status":"closed","template":"","meta":{"footnotes":""},"class_list":["post-10963","page","type-page","status-publish","hentry"],"_links":{"self":[{"href":"https:\/\/live-english.net\/it\/wp-json\/wp\/v2\/pages\/10963","targetHints":{"allow":["GET"]}}],"collection":[{"href":"https:\/\/live-english.net\/it\/wp-json\/wp\/v2\/pages"}],"about":[{"href":"https:\/\/live-english.net\/it\/wp-json\/wp\/v2\/types\/page"}],"author":[{"embeddable":true,"href":"https:\/\/live-english.net\/it\/wp-json\/wp\/v2\/users\/4"}],"replies":[{"embeddable":true,"href":"https:\/\/live-english.net\/it\/wp-json\/wp\/v2\/comments?post=10963"}],"version-history":[{"count":1,"href":"https:\/\/live-english.net\/it\/wp-json\/wp\/v2\/pages\/10963\/revisions"}],"predecessor-version":[{"id":24246,"href":"https:\/\/live-english.net\/it\/wp-json\/wp\/v2\/pages\/10963\/revisions\/24246"}],"up":[{"embeddable":true,"href":"https:\/\/live-english.net\/it\/wp-json\/wp\/v2\/pages\/370"}],"wp:featuredmedia":[{"embeddable":true,"href":"https:\/\/live-english.net\/it\/wp-json\/wp\/v2\/media\/24238"}],"wp:attachment":[{"href":"https:\/\/live-english.net\/it\/wp-json\/wp\/v2\/media?parent=10963"}],"curies":[{"name":"wp","href":"https:\/\/api.w.org\/{rel}","templated":true}]}}