{"id":11083,"date":"2020-05-28T13:17:36","date_gmt":"2020-05-28T13:17:36","guid":{"rendered":"https:\/\/live-english.net\/?page_id=11083"},"modified":"2023-06-22T07:34:10","modified_gmt":"2023-06-22T07:34:10","slug":"inglese-crescita-personale","status":"publish","type":"page","link":"https:\/\/live-english.net\/it\/corsi-inglese-online\/inglese-professionale-commerciale-online\/inglese-crescita-personale\/","title":{"rendered":"Inglese per la Crescita Personale"},"content":{"rendered":"<p>Impara l&#8217;inglese concentrandoti su argomenti della Crescita Personale con la nostra selezione di insegnanti di madrelingua inglese esperti nel campo.<\/p>\n<h2>Che cos&#8217;\u00e8 la Crescita personale?<\/h2>\n<p>Il percorso di crescita personale \u00e8 spesso chiamato &#8220;competenze trasversali&#8221;. C&#8217;\u00e8 una grande richiesta sul mercato di lavoro per risorse in possesso di queste competenze, indipendentemente dalla posizione che occuperebbero. Ad esempio, un responsabile delle vendite e del marketing dovr\u00e0 essere auto-motivato, avere capacit\u00e0 di comunicazione e negoziazione e possedere un&#8217;intelligenza emotiva! La crescita personale comprende attivit\u00e0 che migliorano la consapevolezza e l&#8217;identit\u00e0, sviluppano talenti e potenzialit\u00e0, costruiscono capitale umano e facilitano l&#8217;occupabilit\u00e0, migliorando anche la qualit\u00e0 della vita. Contribuiscono inoltre alla realizzazione di sogni e aspirazioni. Imparare come affrontare questi problemi in inglese ti aiuter\u00e0 a sviluppare le tue capacit\u00e0 comunicative in un ambiente internazionale.<\/p>\n<h2>Cosa \u00e8 incluso nel corso di inglese per la Crescita Personale?<\/h2>\n<p>La crescita personale \u00e8 un argomento ampio. Le lezioni di inglese possono riguardare i seguenti campi:<\/p>\n<ul>\n<li>Gestione del cambiamento<\/li>\n<li>Coaching, mentoring<\/li>\n<li>Comunicazione<\/li>\n<li>Competenze sociali<\/li>\n<li>Leadership<\/li>\n<li>Capacit\u00e0 di ascolto<\/li>\n<li>Motivazione<\/li>\n<li>Negoziazione<\/li>\n<li>Gruppi di lavoro<\/li>\n<li>Time management<\/li>\n<\/ul>\n<aside id=\"custom_html-81\" class=\"widget_text widget widget_custom_html amr_widget\"><div class=\"textwidget custom-html-widget\"><!--EN-->\r\n <!--FR-->\r\n<aside id=\"custom_html-83\" class=\"widget_text widget widget_custom_html amr_widget\"><div class=\"textwidget custom-html-widget\"><a href=\"https:\/\/member.booknstart.com\/trial-registration?lg=it&amp;referred_by=sCTA&amp;office_id=3\" title=\"Book a Free Trial Lesson\" target=\"_blank\" rel=\"noopener\"><img decoding=\"async\" src=\"https:\/\/live-english.net\/wp-content\/uploads\/2023\/02\/sCTA-it.jpg\" alt=\"Book your Free English Trial lesson\" \/><\/a><\/div><\/aside><!--IT-->\r\n<!--DE-->\r\n <!--ES-->\r\n <!--HE\r\n[do_widget id=custom_html-72] <!--RU-->\r\n<div>\r\n\t<br><br>\r\n<\/div><\/div><\/aside>\n<h2>A chi si rivolge il corso di inglese per la Crescita personale?<\/h2>\n<p>Idealmente, il tuo inglese \u00e8 gi\u00e0 a livello intermedio o superiore. Sei interessato al tema della crescita personale in generale e vuoi praticare il tuo inglese su questi argomenti. \u00c8 particolarmente adatto per insegnanti, guide, consulenti, manager o coach.<\/p>\n<h2>Come funzionano le lezioni di inglese commerciale per la Crescita Personale online?<\/h2>\n<p>Scegliendo il percorso di inglese per la crescita personale puoi accedere a una vasta gamma di risorse nella Study Box, incentrata sullo sviluppo personale. I nostri insegnanti impartiscono lezioni online tramite Skype, Zoom o per telefono e hanno esperienza professionale nel campo della Crescita personale. Conoscono la terminologia e le risorse didattiche del corso di inglese per la crescita personale.<\/p>\n<p>Una sessione alla settimana \u00e8 ottima per le persone che hanno gi\u00e0 una buona padronanza dell&#8217;inglese e i cui obiettivo \u00e8 principalmente quello di mantenere il loro livello. Se l&#8217;obiettivo \u00e8 migliorare il proprio livello, si consigliano 2-3 lezioni di inglese alla settimana. \u00c8 anche buona norma studiare con almeno 2 insegnanti in modo da non abituarsi a un accento specifico.<\/p>\n<p>Offriamo percorsi per migliorare l&#8217;<a title=\"inglese professionale\" href=\"https:\/\/live-english.net\/it\/corsi-inglese-online\/inglese-professionale-commerciale-online\/\">inglese in diversi campi professionali<\/a>.<\/p>\n<p>Vuoi saperne di pi\u00f9 sul nostro sviluppo personale attraverso un corso online di inglese? Registrati ora per una\u00a0<a title=\"lezione di prova gratuita\" href=\"https:\/\/live-english.net\/it\/inglese-lezione-prova\/\">lezione di prova gratuita<\/a> e discuti le tue esigenze e i tuoi obiettivi con uno dei nostri insegnanti.<\/p>\n <aside id=\"custom_html-66\" class=\"widget_text widget widget_custom_html amr_widget\"><div class=\"textwidget custom-html-widget\"><div>\r\n\t<br><br>\r\n<\/div>\r\n<!--EN-->\r\n <!--FR-->\r\n<aside id=\"custom_html-76\" class=\"widget_text widget widget_custom_html amr_widget\"><div class=\"textwidget custom-html-widget\"><div><a href=\"https:\/\/member.booknstart.com\/trial-registration?lg=it&amp;referred_by=CTA&amp;office_id=3\" title=\"Book a Free Trial Lesson\" target=\"_blank\" rel=\"noopener\"><img alt=\"Book your free English trial lesson\" src='https:\/\/live-english.net\/wp-content\/uploads\/2023\/02\/CTA-prova.jpg'><\/a>\t\r\n<\/div><\/div><\/aside><!--IT-->\r\n<!--DE-->\r\n <!--ES-->\r\n <!--HE-->\r\n <!--RU--><\/div><\/aside>","protected":false},"excerpt":{"rendered":"<p>Impara l&#8217;inglese concentrandoti su argomenti della Crescita Personale con la nostra selezione di insegnanti di madrelingua inglese esperti nel campo. Che cos&#8217;\u00e8 la Crescita personale? Il percorso di crescita personale \u00e8 spesso chiamato &#8220;competenze trasversali&#8221;. C&#8217;\u00e8 una grande richiesta sul<\/p>\n","protected":false},"author":4,"featured_media":29544,"parent":370,"menu_order":0,"comment_status":"closed","ping_status":"closed","template":"","meta":{"_monsterinsights_skip_tracking":false,"_monsterinsights_sitenote_active":false,"_monsterinsights_sitenote_note":"","_monsterinsights_sitenote_category":0,"footnotes":""},"class_list":["post-11083","page","type-page","status-publish","hentry"],"_links":{"self":[{"href":"https:\/\/live-english.net\/it\/wp-json\/wp\/v2\/pages\/11083","targetHints":{"allow":["GET"]}}],"collection":[{"href":"https:\/\/live-english.net\/it\/wp-json\/wp\/v2\/pages"}],"about":[{"href":"https:\/\/live-english.net\/it\/wp-json\/wp\/v2\/types\/page"}],"author":[{"embeddable":true,"href":"https:\/\/live-english.net\/it\/wp-json\/wp\/v2\/users\/4"}],"replies":[{"embeddable":true,"href":"https:\/\/live-english.net\/it\/wp-json\/wp\/v2\/comments?post=11083"}],"version-history":[{"count":2,"href":"https:\/\/live-english.net\/it\/wp-json\/wp\/v2\/pages\/11083\/revisions"}],"predecessor-version":[{"id":29543,"href":"https:\/\/live-english.net\/it\/wp-json\/wp\/v2\/pages\/11083\/revisions\/29543"}],"up":[{"embeddable":true,"href":"https:\/\/live-english.net\/it\/wp-json\/wp\/v2\/pages\/370"}],"wp:featuredmedia":[{"embeddable":true,"href":"https:\/\/live-english.net\/it\/wp-json\/wp\/v2\/media\/29544"}],"wp:attachment":[{"href":"https:\/\/live-english.net\/it\/wp-json\/wp\/v2\/media?parent=11083"}],"curies":[{"name":"wp","href":"https:\/\/api.w.org\/{rel}","templated":true}]}}