{"id":11556,"date":"2020-06-22T15:12:21","date_gmt":"2020-06-22T15:12:21","guid":{"rendered":"https:\/\/live-english.net\/?page_id=11556"},"modified":"2023-06-14T05:50:50","modified_gmt":"2023-06-14T05:50:50","slug":"mix-accenti","status":"publish","type":"page","link":"https:\/\/live-english.net\/it\/corsi-inglese-online\/corsi-conversazione-inglese\/mix-accenti\/","title":{"rendered":"Corso d&#8217;inglese parlato: Mix di Accenti"},"content":{"rendered":"<p>Potresti dover interagire con partner o clienti da una molteplicit\u00e0 di paesi anglofoni.\u00a0 Consigliamo vivamente di studiare con 2-3 insegnanti per essere esposti a una variet\u00e0 di accenti. Non abituarti a un solo accento\u05ea perch\u00e9 nella vita reale potrai parlare con persone provenienti dagli Stati Uniti, dal Regno Unito, ma anche dall&#8217;Australia, dalla Nuova Zelanda, dal Sudafrica e da molti altri paesi. Allora perch\u00e9 limitarti all&#8217;apprendimento con insegnanti di una sola provenienza linguistica?<br \/>\n<aside id=\"custom_html-81\" class=\"widget_text widget widget_custom_html amr_widget\"><div class=\"textwidget custom-html-widget\"><!--EN-->\r\n <!--FR-->\r\n<aside id=\"custom_html-83\" class=\"widget_text widget widget_custom_html amr_widget\"><div class=\"textwidget custom-html-widget\"><a href=\"https:\/\/member.booknstart.com\/trial-registration?lg=it&amp;referred_by=sCTA&amp;office_id=3\" title=\"Book a Free Trial Lesson\" target=\"_blank\" rel=\"noopener\"><img decoding=\"async\" src=\"https:\/\/live-english.net\/wp-content\/uploads\/2023\/02\/sCTA-it.jpg\" alt=\"Book your Free English Trial lesson\" \/><\/a><\/div><\/aside><!--IT-->\r\n<!--DE-->\r\n <!--ES-->\r\n <!--HE\r\n[do_widget id=custom_html-72] <!--RU-->\r\n<div>\r\n\t<br><br>\r\n<\/div><\/div><\/aside><\/p>\n<h2><strong>In cosa consiste il corso di inglese Mix di accenti?<\/strong><\/h2>\n<p>Questo corso di conversazione in inglese ti dar\u00e0 la possibilit\u00e0 di imparare l&#8217;inglese con insegnanti di molti paesi anglofoni (USA, Regno Unito, Canada, Australia, Sudafrica, Nuova Zelanda). L&#8217;obiettivo \u00e8 quello di creare un&#8217;esperienza di full immersion, come se stessi viaggiando in questi paesi.<br \/>\n<img fetchpriority=\"high\" decoding=\"async\" src=\"https:\/\/live-english.net\/wp-content\/uploads\/2021\/07\/Mix-of-Accents-English-Speaking-Countries-1-scaled.jpg\" alt=\"\" width=\"2560\" height=\"1148\" class=\"alignnone size-full wp-image-14653\" srcset=\"https:\/\/live-english.net\/wp-content\/uploads\/2021\/07\/Mix-of-Accents-English-Speaking-Countries-1-scaled.jpg 2560w, https:\/\/live-english.net\/wp-content\/uploads\/2021\/07\/Mix-of-Accents-English-Speaking-Countries-1-300x135.jpg 300w, https:\/\/live-english.net\/wp-content\/uploads\/2021\/07\/Mix-of-Accents-English-Speaking-Countries-1-1024x459.jpg 1024w, https:\/\/live-english.net\/wp-content\/uploads\/2021\/07\/Mix-of-Accents-English-Speaking-Countries-1-768x345.jpg 768w, https:\/\/live-english.net\/wp-content\/uploads\/2021\/07\/Mix-of-Accents-English-Speaking-Countries-1-1536x689.jpg 1536w, https:\/\/live-english.net\/wp-content\/uploads\/2021\/07\/Mix-of-Accents-English-Speaking-Countries-1-2048x919.jpg 2048w\" sizes=\"(max-width: 2560px) 100vw, 2560px\" \/><\/p>\n<h2><strong>Cosa comprende il corso di conversazione inglese Mix di accenti?<\/strong><\/h2>\n<p>L&#8217;apprendimento con insegnanti di madrelingua inglese provenienti da pi\u00f9 paesi ti consente di lavorare su diversi skill set:<\/p>\n<ul>\n<li>lavori sulla tua pronuncia inglese e diventi consapevole delle differenze nella pronuncia e nella grammatica tra l&#8217;inglese americano e quello britannico.<\/li>\n<li>acquisisci maggiore familiarit\u00e0 con la cultura anglosassone.<\/li>\n<li>cominci a capire meglio la pronuncia di persone di madrelingua inglese, indipendentemente dalla provenienza.<\/li>\n<li>potrai parlare con insegnanti di inglese di diversi paesi e capire le differenze e le somiglianze tra loro.<\/li>\n<\/ul>\n<p>Scopri cosa pensa la nostra insegnante Sharon delle lezioni di conversazione in inglese e l&#8217;aspetto culturale.<\/p>\n<p>&nbsp;<\/p>\n<h2><iframe src=\"https:\/\/www.youtube.com\/embed\/Ogzs_IGY27w\" width=\"560\" height=\"315\" frameborder=\"0\" allowfullscreen=\"allowfullscreen\" data-mce-fragment=\"1\"><\/iframe><\/h2>\n<h2><strong>A chi \u00e8 rivolto il corso di inglese Mix di accenti?<\/strong><\/h2>\n<p>Il corso di conversazione in inglese \u00e8 rivolto a tutti: studenti, professionisti, viaggiatori interessati a migliorare il proprio inglese in un ambiente internazionale. Molte persone che seguono questo corso hanno trascorso del tempo in un paese di lingua inglese o hanno intenzione di viaggiare a breve.<\/p>\n<p>Se preferisci concentrati sull&#8217;<a href=\"https:\/\/live-english.net\/english-courses\/spoken-english-course\/english-conversation-course-american-accent\/\">accento americano<\/a> o quello <a href=\"https:\/\/live-english.net\/english-courses\/spoken-english-course\/english-conversation-course-british-accent\/\">britannico<\/a>, \u00e8 possibile selezionare i percorsi specifici corrispondenti.<\/p>\n<p>Scegliendo le lezioni di inglese Mix di Accenti, puoi accedere a una vasta gamma di risorse nella Study Box. Gli insegnanti che impartiscono le lezioni online tramite Skype, Zoom o per telefono, che provengono da diversi paesi di lingua inglese. Una sessione a settimana \u00e8 ottima per le persone che hanno gi\u00e0 una buona padronanza dell&#8217;inglese e il cui obiettivo \u00e8 principalmente quello di mantenere il loro livello. Se l&#8217;obiettivo \u00e8 di salire di livello, si consigliano 2-3 lezioni di inglese alla settimana. \u00c8 anche buona norma imparare con 2-3 insegnanti per avere un&#8217;esperienza di studio variegata con insegnanti di diversi paesi.<\/p>\n<p><strong>Vuoi saperne di pi\u00f9 sul nostro corso di conversazione in inglese Mix di accenti? Registrati ora per una\u00a0<\/strong><a href=\"https:\/\/live-english.net\/free-trial\/\"><strong>lezione di prova gratuita<\/strong><\/a><strong> e discuti le tue esigenze e i\u00a0 tuoi obiettivi con uno dei nostri insegnanti.<\/strong><\/p>\n<p>&nbsp;<\/p>\n <aside id=\"custom_html-66\" class=\"widget_text widget widget_custom_html amr_widget\"><div class=\"textwidget custom-html-widget\"><div>\r\n\t<br><br>\r\n<\/div>\r\n<!--EN-->\r\n <!--FR-->\r\n<aside id=\"custom_html-76\" class=\"widget_text widget widget_custom_html amr_widget\"><div class=\"textwidget custom-html-widget\"><div><a href=\"https:\/\/member.booknstart.com\/trial-registration?lg=it&amp;referred_by=CTA&amp;office_id=3\" title=\"Book a Free Trial Lesson\" target=\"_blank\" rel=\"noopener\"><img alt=\"Book your free English trial lesson\" src='https:\/\/live-english.net\/wp-content\/uploads\/2023\/02\/CTA-prova.jpg'><\/a>\t\r\n<\/div><\/div><\/aside><!--IT-->\r\n<!--DE-->\r\n <!--ES-->\r\n <!--HE-->\r\n <!--RU--><\/div><\/aside>","protected":false},"excerpt":{"rendered":"<p>Potresti dover interagire con partner o clienti da una molteplicit\u00e0 di paesi anglofoni.\u00a0 Consigliamo vivamente di studiare con 2-3 insegnanti per essere esposti a una variet\u00e0 di accenti. Non abituarti a un solo accento\u05ea perch\u00e9 nella vita reale potrai parlare<\/p>\n","protected":false},"author":4,"featured_media":28902,"parent":379,"menu_order":0,"comment_status":"closed","ping_status":"closed","template":"","meta":{"footnotes":""},"class_list":["post-11556","page","type-page","status-publish","hentry"],"_links":{"self":[{"href":"https:\/\/live-english.net\/it\/wp-json\/wp\/v2\/pages\/11556","targetHints":{"allow":["GET"]}}],"collection":[{"href":"https:\/\/live-english.net\/it\/wp-json\/wp\/v2\/pages"}],"about":[{"href":"https:\/\/live-english.net\/it\/wp-json\/wp\/v2\/types\/page"}],"author":[{"embeddable":true,"href":"https:\/\/live-english.net\/it\/wp-json\/wp\/v2\/users\/4"}],"replies":[{"embeddable":true,"href":"https:\/\/live-english.net\/it\/wp-json\/wp\/v2\/comments?post=11556"}],"version-history":[{"count":3,"href":"https:\/\/live-english.net\/it\/wp-json\/wp\/v2\/pages\/11556\/revisions"}],"predecessor-version":[{"id":25781,"href":"https:\/\/live-english.net\/it\/wp-json\/wp\/v2\/pages\/11556\/revisions\/25781"}],"up":[{"embeddable":true,"href":"https:\/\/live-english.net\/it\/wp-json\/wp\/v2\/pages\/379"}],"wp:featuredmedia":[{"embeddable":true,"href":"https:\/\/live-english.net\/it\/wp-json\/wp\/v2\/media\/28902"}],"wp:attachment":[{"href":"https:\/\/live-english.net\/it\/wp-json\/wp\/v2\/media?parent=11556"}],"curies":[{"name":"wp","href":"https:\/\/api.w.org\/{rel}","templated":true}]}}