{"id":12105,"date":"2020-07-24T17:57:08","date_gmt":"2020-07-24T17:57:08","guid":{"rendered":"https:\/\/live-english.net\/?page_id=12105"},"modified":"2023-06-22T09:31:53","modified_gmt":"2023-06-22T09:31:53","slug":"preparazione-esame-ielts","status":"publish","type":"page","link":"https:\/\/live-english.net\/it\/corsi-inglese-online\/esami-inglese\/preparazione-esame-ielts\/","title":{"rendered":"Preparazione per l&#8217;esame IELTS"},"content":{"rendered":"<p>Un corso di preparazione per l&#8217;esame IELTS con Live-English.net ti permetter\u00e0 di approfondire tutti gli argomenti di cui hai bisogno per superare l&#8217;esame. Gli insegnanti di inglese che troverai seguendo questo corso, sono stati formati per poter aiutare nella preparazione a questo esame. Alcuni di loro sono persino esaminatori IELTS.<\/p>\n<h2><strong>Cos&#8217;\u00e8 l&#8217;esame IELTS?<\/strong><\/h2>\n<p>IELTS \u00e8 l&#8217;acronimo di International English Language Testing System, ed \u00e8 uno dei test pi\u00f9 importanti sull&#8217;uso internazionale dell&#8217;inglese. Ne esistono due varianti: il test <strong>IELTS Academic<\/strong> \u00e8 indicato per le persone che vogliono studiare in un&#8217;universit\u00e0 anglofona o per la qualificazione professionale. Lo <strong>IELTS General Training<\/strong> viene invece utilizzato per tutti gli altri tipi di immigrazione e impiego, ad esempio per chi desidera entrare in Canada, Stati Uniti, Irlanda, Regno Unito, Nuova Zelanda o Australia per finalit\u00e0 di immigrazione generale. Entrambi testano le capacit\u00e0 di ascolto, lettura, scrittura ed espressione orale in inglese. Mette alla prova le capacit\u00e0 di ascolto, lettura, scrittura e conversazione in inglese. Otterrai un punteggio per ogni abilit\u00e0 (da 0 a 9 punti) che corrisponde a competenze precise.<\/p>\n<p>Il <a href=\"https:\/\/live-english.net\/ielts-listening-tips\/\">test di ascolto IELTS \u00e8 un test<\/a> di 30 minuti. Le quattro sezioni su cui il candidato deve lavorare sono esercizi di comprensione orale (dialoghi o monologhi) che vengono eseguiti una sola volta.<\/p>\n<p>Il <a href=\"https:\/\/live-english.net\/reading-section-ielts\/\">test di lettura IELTS \u00e8 un test<\/a> di 60 minuti. Esistono tre sezioni, dalla pi\u00f9 semplice alla pi\u00f9 difficile.<\/p>\n<p>Il <a href=\"https:\/\/live-english.net\/writing-ielts\/\">test di scrittura IELTS \u00e8 un test<\/a> di 60 minuti. Esistono due attivit\u00e0 di scrittura che devono essere completate.<\/p>\n<p>Il <a href=\"https:\/\/live-english.net\/score-you-want-ielts-speaking\/\">test orale di IELTS ha<\/a> tre parti con un esaminatore IELTS: un colloquio, un monologo di uno o due minuti su un determinato argomento, con una discussione sull&#8217;argomento di cui il candidato ha parlato. Il colloquio dura circa 15 minuti.<\/p>\n<aside id=\"custom_html-81\" class=\"widget_text widget widget_custom_html amr_widget\"><div class=\"textwidget custom-html-widget\"><!--EN-->\r\n <!--FR-->\r\n<aside id=\"custom_html-83\" class=\"widget_text widget widget_custom_html amr_widget\"><div class=\"textwidget custom-html-widget\"><a href=\"https:\/\/member.booknstart.com\/trial-registration?lg=it&amp;referred_by=sCTA&amp;office_id=3\" title=\"Book a Free Trial Lesson\" target=\"_blank\" rel=\"noopener\"><img decoding=\"async\" src=\"https:\/\/live-english.net\/wp-content\/uploads\/2023\/02\/sCTA-it.jpg\" alt=\"Book your Free English Trial lesson\" \/><\/a><\/div><\/aside><!--IT-->\r\n<!--DE-->\r\n <!--ES-->\r\n <!--HE\r\n[do_widget id=custom_html-72] <!--RU-->\r\n<div>\r\n\t<br><br>\r\n<\/div><\/div><\/aside>\n<h2><strong>Perch\u00e9 il test IELTS Speaking \u00e8 cos\u00ec importante?<\/strong><\/h2>\n<p>Tutte le componenti dell&#8217;esame IELTS rivestono la stessa importanza. Tuttavia, per la maggior parte degli studenti, il test IELTS Speaking \u00e8 la parte pi\u00f9 temuta dell&#8217;esame.<\/p>\n<p>Molte persone non si sentono a proprio agio nel parlare in inglese davanti a un esaminatore e, di solito, hanno paura di commettere errori grammaticali, di sembrare esitanti o di non comprendere le domande. Talvolta ottengono punteggi bassi perch\u00e9 non conoscono le finalit\u00e0 del test IELTS Speaking: durante il modulo non vengono valutate le conoscenze sull&#8217;argomento che viene chiesto, bens\u00ec il fatto di riuscire a esprimere le proprie idee in modo logico e coerente. L&#8217;unico aspetto che viene valutato \u00e8 la capacit\u00e0 di parlare in inglese.<\/p>\n<p>Ecco perch\u00e9 i nostri insegnanti specializzati nella preparazione all&#8217;esame IELTS ti aiuteranno a parlare con maggiore sicurezza, ad ampliare il tuo vocabolario e a concentrarti su tutti gli aspetti importanti per aiutarti a preparare con successo l&#8217;esame IELTS.<\/p>\n<h2><strong>Cosa \u00e8 incluso nella preparazione all&#8217;esame IELTS?<\/strong><\/h2>\n<ul>\n<li>Riceverai un&#8217;introduzione al test IELTS, scoprirai i diversi tipi di esercizi nel test e capirai come annotare in modo comprensibile cosa ci si aspetta da te.<\/li>\n<li>Ti eserciterai con i compiti tipici dell&#8217;IELTS.<\/li>\n<li>Riceverai consigli generali per portare il tuo inglese al massimo livello<\/li>\n<li>Il tuo insegnante ti motiver\u00e0 e ti dar\u00e0 la sicurezza di cui hai bisogno per superare l&#8217;IELTS.<\/li>\n<\/ul>\n<h2><strong>Preparai con insegnanti esperti in IELTS<\/strong><\/h2>\n<p>Gli insegnanti che aiutano i nostri studenti a prepararsi per l&#8217;esame IELTS hanno molta esperienza con i requisiti e con le diverse abilit\u00e0 su cui lavorare.<\/p>\n<p>Jeremy, insegnante di inglese online presso Live-English.net, condivide con noi alcuni approfondimenti su IELTS:<\/p>\n<p>&nbsp;<\/p>\n<p><iframe src=\"https:\/\/www.youtube.com\/embed\/SOG7wUygVlE\" width=\"560\" height=\"315\" frameborder=\"0\" allowfullscreen=\"allowfullscreen\" data-mce-fragment=\"1\"><\/iframe><\/p>\n<h2><strong>A chi si rivolge il corso di preparazione all&#8217;esame IELTS?<\/strong><\/h2>\n<p>Questo corso \u00e8 adatto a chiunque debba sostenere l&#8217;esame IELTS. Che tu sia uno studente, un professionista o se vuoi trasferirti all&#8217;estero, ti aiuteremo a ottenere il punteggio IELTS di cui hai bisogno. Puoi preparare lo IELTS in pochi mesi o fare un corso intensivo prima della data del tuo esame.<\/p>\n<p><strong>Vuoi saperne di pi\u00f9 sul corso di preparazione all&#8217;esame di inglese IELTS? Registrati ora per una\u00a0<\/strong><a href=\"https:\/\/live-english.net\/free-trial\/\"><strong>lezione di prova gratuita<\/strong><\/a><strong> e discuti le tue esigenze e i tuoi obiettivi con uno dei nostri insegnanti.<\/strong><\/p>\n <aside id=\"custom_html-66\" class=\"widget_text widget widget_custom_html amr_widget\"><div class=\"textwidget custom-html-widget\"><div>\r\n\t<br><br>\r\n<\/div>\r\n<!--EN-->\r\n <!--FR-->\r\n<aside id=\"custom_html-76\" class=\"widget_text widget widget_custom_html amr_widget\"><div class=\"textwidget custom-html-widget\"><div><a href=\"https:\/\/member.booknstart.com\/trial-registration?lg=it&amp;referred_by=CTA&amp;office_id=3\" title=\"Book a Free Trial Lesson\" target=\"_blank\" rel=\"noopener\"><img alt=\"Book your free English trial lesson\" src='https:\/\/live-english.net\/wp-content\/uploads\/2023\/02\/CTA-prova.jpg'><\/a>\t\r\n<\/div><\/div><\/aside><!--IT-->\r\n<!--DE-->\r\n <!--ES-->\r\n <!--HE-->\r\n <!--RU--><\/div><\/aside>","protected":false},"excerpt":{"rendered":"<p>Un corso di preparazione per l&#8217;esame IELTS con Live-English.net ti permetter\u00e0 di approfondire tutti gli argomenti di cui hai bisogno per superare l&#8217;esame. Gli insegnanti di inglese che troverai seguendo questo corso, sono stati formati per poter aiutare nella preparazione<\/p>\n","protected":false},"author":4,"featured_media":29610,"parent":373,"menu_order":0,"comment_status":"closed","ping_status":"closed","template":"","meta":{"_monsterinsights_skip_tracking":false,"_monsterinsights_sitenote_active":false,"_monsterinsights_sitenote_note":"","_monsterinsights_sitenote_category":0,"footnotes":""},"class_list":["post-12105","page","type-page","status-publish","hentry"],"_links":{"self":[{"href":"https:\/\/live-english.net\/it\/wp-json\/wp\/v2\/pages\/12105","targetHints":{"allow":["GET"]}}],"collection":[{"href":"https:\/\/live-english.net\/it\/wp-json\/wp\/v2\/pages"}],"about":[{"href":"https:\/\/live-english.net\/it\/wp-json\/wp\/v2\/types\/page"}],"author":[{"embeddable":true,"href":"https:\/\/live-english.net\/it\/wp-json\/wp\/v2\/users\/4"}],"replies":[{"embeddable":true,"href":"https:\/\/live-english.net\/it\/wp-json\/wp\/v2\/comments?post=12105"}],"version-history":[{"count":5,"href":"https:\/\/live-english.net\/it\/wp-json\/wp\/v2\/pages\/12105\/revisions"}],"predecessor-version":[{"id":29618,"href":"https:\/\/live-english.net\/it\/wp-json\/wp\/v2\/pages\/12105\/revisions\/29618"}],"up":[{"embeddable":true,"href":"https:\/\/live-english.net\/it\/wp-json\/wp\/v2\/pages\/373"}],"wp:featuredmedia":[{"embeddable":true,"href":"https:\/\/live-english.net\/it\/wp-json\/wp\/v2\/media\/29610"}],"wp:attachment":[{"href":"https:\/\/live-english.net\/it\/wp-json\/wp\/v2\/media?parent=12105"}],"curies":[{"name":"wp","href":"https:\/\/api.w.org\/{rel}","templated":true}]}}