{"id":12195,"date":"2020-07-31T13:53:39","date_gmt":"2020-07-31T13:53:39","guid":{"rendered":"https:\/\/live-english.net\/?page_id=12195"},"modified":"2023-06-14T06:16:54","modified_gmt":"2023-06-14T06:16:54","slug":"conversazione-inglese-elementare","status":"publish","type":"page","link":"https:\/\/live-english.net\/it\/corsi-inglese-online\/corsi-conversazione-inglese\/conversazione-inglese-elementare\/","title":{"rendered":"Corso di conversazione inglese: livello elementare"},"content":{"rendered":"<p>Da adulto che finora non ha avuto modo di praticare l&#8217;inglese, probabilmente sei arrivato alla conclusione che l&#8217;inglese \u00e8 ora ovunque e che \u00e8 ora di portare il tuo inglese a un livello operativo.<br \/>\nI nostri insegnanti di inglese specializzati nell&#8217;insegnamento agli studenti di livelli iniziali applicano i nostri metodi vincenti per aiutarti a portare il tuo inglese al livello successivo e colmare il divario con i tuoi colleghi.<br \/>\nSe sei interessato a lezioni di conversazione in inglese per livelli pi\u00f9 avanzati, consulta questa pagina sui nostri <a title=\"English conversation courses\" href=\"https:\/\/live-english.net\/english-courses\/spoken-english-course\/\">Corsi di conversazione inglese online<\/a>.<\/p>\n<aside id=\"custom_html-81\" class=\"widget_text widget widget_custom_html amr_widget\"><div class=\"textwidget custom-html-widget\"><!--EN-->\r\n <!--FR-->\r\n<aside id=\"custom_html-83\" class=\"widget_text widget widget_custom_html amr_widget\"><div class=\"textwidget custom-html-widget\"><a href=\"https:\/\/member.booknstart.com\/trial-registration?lg=it&amp;referred_by=sCTA&amp;office_id=3\" title=\"Book a Free Trial Lesson\" target=\"_blank\" rel=\"noopener\"><img decoding=\"async\" src=\"https:\/\/live-english.net\/wp-content\/uploads\/2023\/02\/sCTA-it.jpg\" alt=\"Book your Free English Trial lesson\" \/><\/a><\/div><\/aside><!--IT-->\r\n<!--DE-->\r\n <!--ES-->\r\n <!--HE\r\n[do_widget id=custom_html-72] <!--RU-->\r\n<div>\r\n\t<br><br>\r\n<\/div><\/div><\/aside>\n<h2>Cos&#8217;\u00e8 il corso di conversazione inglese per livello elementare?<\/h2>\n<p>Non \u00e8 mai troppo tardi per imparare l&#8217;inglese. Questo corso \u00e8 stato progettato per aiutare gli adulti che non hanno avuto molto contatto con la lingua inglese a migliorare la padronanza orale.<\/p>\n<p>Gli insegnanti di madrelingua inglese in questo programma sono stati formati per utilizzare metodi avanzati e creare un ambiente sicuro per imparare l&#8217;inglese.<\/p>\n<h2>Cos&#8217;\u00e8 incluso nel corso di conversazione inglese per livello elementare?<\/h2>\n<p><img fetchpriority=\"high\" decoding=\"async\" src=\"https:\/\/live-english.net\/wp-content\/uploads\/2023\/05\/elementary-levels-1024x1024.jpg\" alt=\"\" width=\"750\" height=\"422\" class=\"alignnone size-large wp-image-26851\" \/><br \/>\nIl corso include:<\/p>\n<ul>\n<li>Lezioni individuali di conversazione su Skype o Zoom al tuo ritmo<\/li>\n<li>Vocabolario di base e revisione grammaticale<\/li>\n<li>Esercizi forniti dal tuo insegnante per rafforzare ci\u00f2 che \u00e8 stato appreso durante la lezione<\/li>\n<li>Lezioni che si concentrano sulla pronuncia inglese<\/li>\n<\/ul>\n<h2>Per chi \u00e8 il corso di conversazione inglese per\u00a0livello elementare?<\/h2>\n<p>Questo corso \u00e8 rivolto add adulti che non hanno mai avuto la possibilit\u00e0 di praticare l&#8217;inglese fin alle superiori o all&#8217;universit\u00e0, ma che si pongono l&#8217;obiettivo di padroneggiare l&#8217;inglese parlato.<\/p>\n<p>Il nostro metodo si basa sul concetto di full immersion, il modo migliore per migliorare il tuo inglese, imparando l&#8217;inglese in inglese. Pertanto questo corso non \u00e8 adatto a principianti assoluti. Se hai un livello di almeno A2, troverai riuscirai a portare il tuo inglese al livello successivo.<\/p>\n<p>Sei interessato al nostro corso di conversazione in inglese per livello elementare? Registrati ora per una <a href=\"https:\/\/live-english.net\/it\/inglese-lezione-prova\/\">lezione di prova gratuita<\/a> e scopri come le lezioni private su Skype o Zoom possono aumentare il tuo livello e la tua fiducia in inglese.<\/p>\n <aside id=\"custom_html-66\" class=\"widget_text widget widget_custom_html amr_widget\"><div class=\"textwidget custom-html-widget\"><div>\r\n\t<br><br>\r\n<\/div>\r\n<!--EN-->\r\n <!--FR-->\r\n<aside id=\"custom_html-76\" class=\"widget_text widget widget_custom_html amr_widget\"><div class=\"textwidget custom-html-widget\"><div><a href=\"https:\/\/member.booknstart.com\/trial-registration?lg=it&amp;referred_by=CTA&amp;office_id=3\" title=\"Book a Free Trial Lesson\" target=\"_blank\" rel=\"noopener\"><img alt=\"Book your free English trial lesson\" src='https:\/\/live-english.net\/wp-content\/uploads\/2023\/02\/CTA-prova.jpg'><\/a>\t\r\n<\/div><\/div><\/aside><!--IT-->\r\n<!--DE-->\r\n <!--ES-->\r\n <!--HE-->\r\n <!--RU--><\/div><\/aside>","protected":false},"excerpt":{"rendered":"<p>Da adulto che finora non ha avuto modo di praticare l&#8217;inglese, probabilmente sei arrivato alla conclusione che l&#8217;inglese \u00e8 ora ovunque e che \u00e8 ora di portare il tuo inglese a un livello operativo. I nostri insegnanti di inglese specializzati<\/p>\n","protected":false},"author":4,"featured_media":28982,"parent":379,"menu_order":0,"comment_status":"closed","ping_status":"closed","template":"","meta":{"_monsterinsights_skip_tracking":false,"_monsterinsights_sitenote_active":false,"_monsterinsights_sitenote_note":"","_monsterinsights_sitenote_category":0,"footnotes":""},"class_list":["post-12195","page","type-page","status-publish","hentry"],"_links":{"self":[{"href":"https:\/\/live-english.net\/it\/wp-json\/wp\/v2\/pages\/12195","targetHints":{"allow":["GET"]}}],"collection":[{"href":"https:\/\/live-english.net\/it\/wp-json\/wp\/v2\/pages"}],"about":[{"href":"https:\/\/live-english.net\/it\/wp-json\/wp\/v2\/types\/page"}],"author":[{"embeddable":true,"href":"https:\/\/live-english.net\/it\/wp-json\/wp\/v2\/users\/4"}],"replies":[{"embeddable":true,"href":"https:\/\/live-english.net\/it\/wp-json\/wp\/v2\/comments?post=12195"}],"version-history":[{"count":4,"href":"https:\/\/live-english.net\/it\/wp-json\/wp\/v2\/pages\/12195\/revisions"}],"predecessor-version":[{"id":26861,"href":"https:\/\/live-english.net\/it\/wp-json\/wp\/v2\/pages\/12195\/revisions\/26861"}],"up":[{"embeddable":true,"href":"https:\/\/live-english.net\/it\/wp-json\/wp\/v2\/pages\/379"}],"wp:featuredmedia":[{"embeddable":true,"href":"https:\/\/live-english.net\/it\/wp-json\/wp\/v2\/media\/28982"}],"wp:attachment":[{"href":"https:\/\/live-english.net\/it\/wp-json\/wp\/v2\/media?parent=12195"}],"curies":[{"name":"wp","href":"https:\/\/api.w.org\/{rel}","templated":true}]}}