{"id":370,"date":"2018-06-04T09:04:57","date_gmt":"2018-06-04T09:04:57","guid":{"rendered":"https:\/\/live-english.net\/?page_id=370"},"modified":"2025-11-13T09:00:18","modified_gmt":"2025-11-13T09:00:18","slug":"inglese-professionale-commerciale-online","status":"publish","type":"page","link":"https:\/\/live-english.net\/it\/corsi-inglese-online\/inglese-professionale-commerciale-online\/","title":{"rendered":"Inglese Professionale e Commerciale online"},"content":{"rendered":"<p style=\"text-align: left;\">Il nostro <strong>Corso di Inglese Professionale e Commerciale <\/strong>\u00e8 stato creato per rispondere alle necessit\u00e0 di una maggiore sicurezza nell&#8217;affrontare la comunicazione nei vari contesti commerciali, professionali o aziendali. Spesso il nostro successo nel mondo del lavoro dipende dalle nostre competenze linguistiche, specie se le mansioni prevedono un\u2019interazione con partner, colleghi o clienti internazionali.<\/p>\n<p style=\"text-align: left;\">Anche questo corso di Live-English.net pu\u00f2 essere seguito tramite Zoom, Google Meet o telefono. La grande flessibilit\u00e0 delle lezioni remote con insegnanti madrelingua in tutto il mondo vi permette di migliorare la vostra padronanza dell\u2019inglese professionale senza uscire di casa, in pausa pranzo in ufficio, o addirittura mentre si aspetta nel traffico.<\/p>\n<aside id=\"custom_html-81\" class=\"widget_text widget widget_custom_html amr_widget\"><div class=\"textwidget custom-html-widget\"><!--EN-->\r\n <!--FR-->\r\n<aside id=\"custom_html-83\" class=\"widget_text widget widget_custom_html amr_widget\"><div class=\"textwidget custom-html-widget\"><a href=\"https:\/\/member.booknstart.com\/trial-registration?lg=it&amp;referred_by=sCTA&amp;office_id=3\" title=\"Book a Free Trial Lesson\" target=\"_blank\" rel=\"noopener\"><img decoding=\"async\" src=\"https:\/\/live-english.net\/wp-content\/uploads\/2023\/02\/sCTA-it.jpg\" alt=\"Book your Free English Trial lesson\" \/><\/a><\/div><\/aside><!--IT-->\r\n<!--DE-->\r\n <!--ES-->\r\n <!--HE\r\n[do_widget id=custom_html-72] <!--RU-->\r\n<div>\r\n\t<br><br>\r\n<\/div><\/div><\/aside>\n<h2 style=\"text-align: left;\"><strong>Corso di Inglese Professionale e Commerciale online<\/strong><\/h2>\n<p style=\"text-align: left;\">Il nostro <strong>corso di Inglese Professionale e Commerciale<\/strong> permette di:<\/p>\n<ul style=\"text-align: left;\">\n<li>Scegliere <strong>il percorso pi\u00f9 consono<\/strong> alle vostre <strong>necessit\u00e0 professionali<\/strong>, con focus sulle tematiche, le terminologie e i materiali legati al proprio settore di riferimento.<\/li>\n<li>Studiare con <strong>insegnanti specializzati<\/strong> nel vostro <strong>ambito professionale<\/strong>.<\/li>\n<li>Migliorare la padronanza dell\u2019inglese tramite contenuti legati all\u2019ambito lavorativo.<\/li>\n<li>Scoprire i segreti della comunicazione corretta e professionale in inglese.<\/li>\n<\/ul>\n<h2 style=\"text-align: left;\"><strong>Scegliere il vostro percorso di Inglese Professionale:<\/strong><\/h2>\n<ul style=\"text-align: left;\">\n<li><a href=\"https:\/\/live-english.net\/english-courses\/business-english-course\/business-english-course-human-resources\/\">Risorse umane<\/a>: scoprire gli argomenti relativi all\u2019ambito delle risorse umane con insegnanti madrelingua che hanno esperienza professionale nel settore.<\/li>\n<li><a href=\"https:\/\/live-english.net\/english-courses\/business-english-course\/business-english-course-finance-accounting\/\">Finanza e Contabilit\u00e0<\/a>: migliorare l\u2019inglese professionale in una variet\u00e0 di settori, come Banca, Borsa, Finanza, Contabilit\u00e0 o Assicurazione.<\/li>\n<li><a href=\"https:\/\/live-english.net\/english-courses\/business-english-course\/business-english-sales-marketing\/\">Vendite e Marketing<\/a> : essere aggiornati sui trend in questo affascinante settore in continua evoluzione, con un percorso sviluppato appositamente per chi si occupa di vendita, marketing, marketing online, servizio clienti o PR.<\/li>\n<li><a href=\"https:\/\/live-english.net\/english-courses\/business-english-course\/professional-english-course-science-technology\/\">Scienza e Tecnologia<\/a>: migliorare la padronanza del proprio inglese con un\u2019attenzione particolare a contenuti scientifici e tecnologici.<\/li>\n<li><a href=\"https:\/\/live-english.net\/english-courses\/business-english-course\/professional-english-course-medical-english\/\">Inglese Medico<\/a>: un percorso sviluppato per chi opera direttamente o indirettamente nel campo della medicina. Vi consentir\u00e0 di acquisire le conoscenze necessarie per comunicare con colleghi o pazienti di lingua inglese.<\/li>\n<li><a href=\"https:\/\/live-english.net\/english-courses\/business-english-course\/business-english-course-personal-development\/\">Sviluppo Personale<\/a>: costruire la padronanza della lingua inglese con un\u2019attenzione speciale ai <em>Soft Skills<\/em>! Se sei un manager, un consulente, un insegnante, una guida o un life coach con una buona conoscenza di base dell&#8217;inglese, il percorso \u00e8 la strada perfetta per acquisire la fluenza necessaria nel trattare gli argomenti legati al campo dello sviluppo personale.<\/li>\n<\/ul>\n<p style=\"text-align: center;\"><iframe title=\"YouTube video player\" src=\"https:\/\/www.youtube.com\/embed\/DrV8sjnqrOI\" width=\"560\" height=\"315\" frameborder=\"0\" allowfullscreen=\"allowfullscreen\"><\/iframe><\/p>\n<p>Se avete un <a href=\"https:\/\/live-english.net\/it\/corsi-inglese-online\/colloquio-lavoro-inglese\/\">colloquio di lavoro in inglese<\/a> consigliamo un corso intensivo di preparazione per il colloquio di lavoro, per praticare con l&#8217;insegnante le domande tipiche tramite giochi di ruolo.<\/p>\n<div>\u00a0Un corso di inglese commerciale \u00e8 sempre un insieme di contenuti di inglese commerciale e <a href=\"https:\/\/live-english.net\/it\/corsi-inglese-online\/corsi-conversazione-inglese\/\">inglese generale<\/a>, in quanto, dovendo interagire in inglese per lavoro si toccano sempre anche temi non strettamente professionali.<\/div>\n<div><\/div>\n<p style=\"text-align: center;\"><strong>Avete bisogno d\u2019aiuto per scegliere il percorso giusto per voi?<\/strong><br \/>\n<a href=\"https:\/\/live-english.net\/free-evaluation\/\"><strong>Prenotate una consulenza gratuita<\/strong><\/a><strong> con uno degli insegnanti Live-English. <\/strong><\/p>\n<h2 style=\"text-align: left;\"><strong>Perch\u00e9 iscriversi a un corso online di Inglese Professionale e Commerciale?<\/strong><\/h2>\n<p style=\"text-align: left;\">Non \u00e8 sempre facile trovare il tempo per migliorare la propria padronanza dell\u2019inglese, anche quando parlare questa lingua franca internazionale \u00e8 indispensabile per la carriera o il successo nel mondo del lavoro. Frequentando il corso di Inglese Professionale e Commerciale con Live-English.net ci si concentra sulle tematiche pi\u00f9 importanti, soffermandosi sui punti pi\u00f9 deboli delle proprie capacit\u00e0 linguistiche, mentre si trattano argomenti importanti per la tua propria professionale.<\/p>\n<p style=\"text-align: left;\">Non si perde tempo per gli spostamenti, come accade per le lezioni in loco. Non si corre il rischio di trovarsi in una classe con un livello generale pi\u00f9 basso del proprio.<\/p>\n<p style=\"text-align: left;\">Le nostre lezioni si costruiscono intorno all&#8217;allievo: <strong>le sue<\/strong><strong> esigenze e i suoi obiettivi<\/strong>. Potrete scegliere la durata delle vostre lezioni:<strong> 30 o 45 minuti, da<\/strong> <strong>programmare in qualsiasi orario, 7 giorni su 7!<\/strong><\/p>\n<div><\/div>\n<p style=\"text-align: center;\"><strong>Prima di andare in ufficio, durante la pausa pranzo o a fine giornata: prenotate una lezione e iniziate subito a migliorare il vostro inglese professionale!<\/strong><\/p>\n<h2 style=\"text-align: left;\"><strong>Insegnanti di Inglese Professionale online <\/strong><\/h2>\n<p style=\"text-align: left;\">Iscrivendovi al nostro corso di Inglese Professionale e Commerciale online, avete accesso a lezioni individuali con insegnanti madrelingua, specializzati nel settore di vostro interesse. Tutti i nostri insegnanti nei vari percorsi del Corso hanno esperienza pluriennale nel campo specifico e possono non solo aiutarvi a migliorare la vostra padronanza dell\u2019inglese, ma anche contribuire notevolmente ad accrescere altri aspetti e competenze professionali.<\/p>\n<h2 style=\"text-align: left;\"><strong>La Formula Premium<\/strong><\/h2>\n<p>Se avete bisogno di lavorare direttamente su c<strong>ontenuti legati all vostra attivit\u00e0 professionale<\/strong>, come presentazioni, email, articoli e altre tipologie di materiali, vi consigliamo di iscrivervi alla <a href=\"https:\/\/live-english.net\/prices\/\">Formula Premium<\/a>.<\/p>\n<p>Tra i numerosi vantaggi della Formula Premium, c\u2019\u00e8 anche un <strong>Corso di Scrittura gratuito,<\/strong> un <strong>\u00a0Premium\u00a0 feedback \u00a0report<\/strong>, <strong>registrazioni audio delle lezioni, <\/strong>accesso completo allo <strong>Study Box,<\/strong> la nostra piattaforma di apprendimento, e l\u2019iscrizione gratuita alla nostra <strong>esclusiva Premium community<\/strong>.<\/p>\n<h2 style=\"text-align: left;\"><strong>Inglese Commerciale\u00a0<\/strong><\/h2>\n<p style=\"text-align: left;\">Vi consigliamo di dare un&#8217;occhiata al nostro <a href=\"https:\/\/live-english.net\/it\/category\/inglese-commerciale\/\">Blog di Business English<\/a>: si trattano diversi argomenti di Business English attraverso video e articoli. Risorse da notizie economiche, articoli e altri contenuti vi aiuteranno a migliorare il vostro vocabolario e la fluidit\u00e0 nell&#8217;usare l\u2019inglese commerciale.<\/p>\n<p style=\"text-align: left;\"><strong>Per fare un passo in pi\u00f9:<\/strong><\/p>\n<ul style=\"text-align: left;\">\n<li>Guardate i suggerimenti e i consigli sul nostro <a href=\"https:\/\/live-english.net\/blog\/\">blog per che studia l\u2019inglese<\/a> e scoprite come migliorare oggi il vostro inglese parlato!<\/li>\n<li>Perch\u00e9 usare <a href=\"https:\/\/live-english.net\/online-english-school\/english-video-conference-zoom\/\">Zoom per il vostro corso di inglese commerciale<\/a>?<\/li>\n<li>Per chi \u00e8 adatto un <a href=\"https:\/\/live-english.net\/online-english-school\/english-by-phone\/\">corso di inglese per telefono<\/a> ?<\/li>\n<li>Guarda le <a href=\"https:\/\/live-english.net\/testimonials-students\/\">testimonianze dei nostri studenti<\/a> da tutto il mondo.<\/li>\n<\/ul>\n<p style=\"text-align: left;\">\n <aside id=\"custom_html-66\" class=\"widget_text widget widget_custom_html amr_widget\"><div class=\"textwidget custom-html-widget\"><div>\r\n\t<br><br>\r\n<\/div>\r\n<!--EN-->\r\n <!--FR-->\r\n<aside id=\"custom_html-76\" class=\"widget_text widget widget_custom_html amr_widget\"><div class=\"textwidget custom-html-widget\"><div><a href=\"https:\/\/member.booknstart.com\/trial-registration?lg=it&amp;referred_by=CTA&amp;office_id=3\" title=\"Book a Free Trial Lesson\" target=\"_blank\" rel=\"noopener\"><img alt=\"Book your free English trial lesson\" src='https:\/\/live-english.net\/wp-content\/uploads\/2023\/02\/CTA-prova.jpg'><\/a>\t\r\n<\/div><\/div><\/aside><!--IT-->\r\n<!--DE-->\r\n <!--ES-->\r\n <!--HE-->\r\n <!--RU--><\/div><\/aside>","protected":false},"excerpt":{"rendered":"<p>Il nostro Corso di Inglese Professionale e Commerciale \u00e8 stato creato per rispondere alle necessit\u00e0 di una maggiore sicurezza nell&#8217;affrontare la comunicazione nei vari contesti commerciali, professionali o aziendali. Spesso il nostro successo nel mondo del lavoro dipende dalle nostre<\/p>\n","protected":false},"author":1,"featured_media":24939,"parent":367,"menu_order":0,"comment_status":"closed","ping_status":"closed","template":"","meta":{"_monsterinsights_skip_tracking":false,"_monsterinsights_sitenote_active":false,"_monsterinsights_sitenote_note":"","_monsterinsights_sitenote_category":0,"footnotes":""},"class_list":["post-370","page","type-page","status-publish","hentry"],"_links":{"self":[{"href":"https:\/\/live-english.net\/it\/wp-json\/wp\/v2\/pages\/370","targetHints":{"allow":["GET"]}}],"collection":[{"href":"https:\/\/live-english.net\/it\/wp-json\/wp\/v2\/pages"}],"about":[{"href":"https:\/\/live-english.net\/it\/wp-json\/wp\/v2\/types\/page"}],"author":[{"embeddable":true,"href":"https:\/\/live-english.net\/it\/wp-json\/wp\/v2\/users\/1"}],"replies":[{"embeddable":true,"href":"https:\/\/live-english.net\/it\/wp-json\/wp\/v2\/comments?post=370"}],"version-history":[{"count":7,"href":"https:\/\/live-english.net\/it\/wp-json\/wp\/v2\/pages\/370\/revisions"}],"predecessor-version":[{"id":43821,"href":"https:\/\/live-english.net\/it\/wp-json\/wp\/v2\/pages\/370\/revisions\/43821"}],"up":[{"embeddable":true,"href":"https:\/\/live-english.net\/it\/wp-json\/wp\/v2\/pages\/367"}],"wp:featuredmedia":[{"embeddable":true,"href":"https:\/\/live-english.net\/it\/wp-json\/wp\/v2\/media\/24939"}],"wp:attachment":[{"href":"https:\/\/live-english.net\/it\/wp-json\/wp\/v2\/media?parent=370"}],"curies":[{"name":"wp","href":"https:\/\/api.w.org\/{rel}","templated":true}]}}