{"id":373,"date":"2018-06-04T09:05:40","date_gmt":"2018-06-04T09:05:40","guid":{"rendered":"https:\/\/live-english.net\/?page_id=373"},"modified":"2023-09-18T08:22:01","modified_gmt":"2023-09-18T08:22:01","slug":"esami-inglese","status":"publish","type":"page","link":"https:\/\/live-english.net\/it\/corsi-inglese-online\/esami-inglese\/","title":{"rendered":"Esami di Inglese"},"content":{"rendered":"\t\t<div data-elementor-type=\"wp-page\" data-elementor-id=\"373\" class=\"elementor elementor-373 elementor-111\" data-elementor-post-type=\"page\">\n\t\t\t\t\t\t<section class=\"elementor-section elementor-top-section elementor-element elementor-element-5520cc31 elementor-section-boxed elementor-section-height-default elementor-section-height-default\" data-id=\"5520cc31\" data-element_type=\"section\">\n\t\t\t\t\t\t<div class=\"elementor-container elementor-column-gap-default\">\n\t\t\t\t\t<div class=\"elementor-column elementor-col-100 elementor-top-column elementor-element elementor-element-30fe5fcb\" data-id=\"30fe5fcb\" data-element_type=\"column\">\n\t\t\t<div class=\"elementor-widget-wrap elementor-element-populated\">\n\t\t\t\t\t\t<div class=\"elementor-element elementor-element-5f52ddd3 elementor-widget elementor-widget-text-editor\" data-id=\"5f52ddd3\" data-element_type=\"widget\" data-widget_type=\"text-editor.default\">\n\t\t\t\t<div class=\"elementor-widget-container\">\n\t\t\t\t\t\t\t\t\t<p>Hai un esame di inglese in arrivo? Preparati per il tuo esame di inglese con <strong>Live-English.net.<\/strong><\/p><p>Ci sono molti esami di inglese come lingua straniera richiesti per studi o per motivi professionali. Ogni esame di inglese ha le propri regole, metodo di votazione e risponde a bisogni specifici.<\/p><h2><strong>Quali sono gli esami di inglese pi\u00f9 popolari?<\/strong><\/h2><h6>Esame TOEIC<\/h6><p>\u00c8 un test standardizzato di conoscenza della lingua inglese. Gli addetti alla selezione del personale di tutto il mondo spesso richiedono questa certificazione quando valutano dei candidati per aziende internazionali. Alcune aziende richiedono addirittura che tutti i loro dipendenti sostengano l&#8217;esame TOEIC.<\/p><h6>TOEFL IBT<\/h6><p>Dovrai superare questo esame se vuoi essere ammesso in un&#8217;universit\u00e0 americana; questa certificazione \u00e8 inoltre accettata da alcune universit\u00e0 al di fuori degli Stati Uniti. Si articola in 4 sezioni (ascolto, lettura, conversazione e scrittura) e, di solito, gli studenti impiegano alcuni mesi per preparare questo esame.<\/p><h6>IELTS<\/h6><p>Per ottenere un visto di ingresso in un Paese anglofono, potrebbe essere necessario superare questo esame. Oltre 3 milioni di persone sostengono il <a title=\"Preparazione per l'esame IELTS\" href=\"https:\/\/live-english.net\/it\/corsi-inglese-online\/esami-inglese\/preparazione-esame-ielts\/\">test IELTS <\/a> ogni anno, il che lo rende l&#8217;esame di inglese pi\u00f9 popolare. I nostri insegnanti sono qualificati per fornirti la preparazione necessaria per superare ogni parte dell&#8217;esame; alcuni di loro sono addirittura esaminatori IELTS.<br \/><aside id=\"custom_html-81\" class=\"widget_text widget widget_custom_html amr_widget\"><div class=\"textwidget custom-html-widget\"><!--EN-->\r\n <!--FR-->\r\n<aside id=\"custom_html-83\" class=\"widget_text widget widget_custom_html amr_widget\"><div class=\"textwidget custom-html-widget\"><a href=\"https:\/\/member.booknstart.com\/trial-registration?lg=it&#038;referred_by=sCTA&#038;office_id=3\" title=\"Book a Free Trial Lesson\" target=\"_blank\" rel=\"noopener\"><img decoding=\"async\" src=\"https:\/\/live-english.net\/wp-content\/uploads\/2023\/02\/sCTA-it.jpg\" alt=\"Book your Free English Trial lesson\" \/><\/a><\/div><\/aside><!--IT-->\r\n<!--DE-->\r\n <!--ES-->\r\n <!--HE\r\n[do_widget id=custom_html-72] <!--RU-->\r\n<div>\r\n\t<br><br>\r\n<\/div><\/div><\/aside><\/p><h6>B2 First (in precedenza noto come Cambridge English First, FCE)<\/h6><p>Questo esame attesta che possiedi buone conoscenze dell&#8217;inglese ed \u00e8 accettato da migliaia di aziende e istituzioni educative in tutto il mondo.<\/p><h6>C1 Advanced (in precedenza noto come Cambridge English: Advanced, CAE)<\/h6><p>\u00c8 la qualifica approfondita e di livello elevato che attesta il possesso delle competenze linguistiche richieste da datori di lavoro e universit\u00e0.<\/p><h6>C2 Proficiency (in precedenza noto come Cambridge English: Proficiency, CPE)<\/h6><p>\u00c8 la qualifica di livello massimo, che attesta un&#8217;elevata padronanza della lingua inglese.<\/p>\t\t\t\t\t\t\t\t<\/div>\n\t\t\t\t<\/div>\n\t\t\t\t\t<\/div>\n\t\t<\/div>\n\t\t\t\t\t<\/div>\n\t\t<\/section>\n\t\t\t\t<section class=\"elementor-section elementor-top-section elementor-element elementor-element-0024feb elementor-section-boxed elementor-section-height-default elementor-section-height-default\" data-id=\"0024feb\" data-element_type=\"section\">\n\t\t\t\t\t\t<div class=\"elementor-container elementor-column-gap-default\">\n\t\t\t\t\t<div class=\"elementor-column elementor-col-100 elementor-top-column elementor-element elementor-element-a104b77\" data-id=\"a104b77\" data-element_type=\"column\">\n\t\t\t<div class=\"elementor-widget-wrap\">\n\t\t\t\t\t\t\t<\/div>\n\t\t<\/div>\n\t\t\t\t\t<\/div>\n\t\t<\/section>\n\t\t\t\t<section class=\"elementor-section elementor-top-section elementor-element elementor-element-b0a7f51 elementor-section-stretched elementor-section-boxed elementor-section-height-default elementor-section-height-default\" data-id=\"b0a7f51\" data-element_type=\"section\" data-settings=\"{&quot;stretch_section&quot;:&quot;section-stretched&quot;}\">\n\t\t\t\t\t\t<div class=\"elementor-container elementor-column-gap-default\">\n\t\t\t\t\t<div class=\"elementor-column elementor-col-25 elementor-top-column elementor-element elementor-element-17b55f7\" data-id=\"17b55f7\" data-element_type=\"column\">\n\t\t\t<div class=\"elementor-widget-wrap elementor-element-populated\">\n\t\t\t\t\t\t<div class=\"elementor-element elementor-element-df278cf elementor-cta--skin-classic elementor-animated-content elementor-bg-transform elementor-bg-transform-zoom-in elementor-widget elementor-widget-call-to-action\" data-id=\"df278cf\" data-element_type=\"widget\" data-widget_type=\"call-to-action.default\">\n\t\t\t\t<div class=\"elementor-widget-container\">\n\t\t\t\t\t\t\t<div class=\"elementor-cta\">\n\t\t\t\t\t<div class=\"elementor-cta__bg-wrapper\">\n\t\t\t\t<div class=\"elementor-cta__bg elementor-bg\" style=\"background-image: url(https:\/\/live-english.net\/wp-content\/uploads\/2023\/05\/Preparazione-per-lesame-IELTS-1024x576.jpg);\" role=\"img\" aria-label=\"Preparazione per l\u2019esame IELTS\"><\/div>\n\t\t\t\t<div class=\"elementor-cta__bg-overlay\"><\/div>\n\t\t\t<\/div>\n\t\t\t\t\t\t\t<div class=\"elementor-cta__content\">\n\t\t\t\t\n\t\t\t\t\t\t\t\t\t<h2 class=\"elementor-cta__title elementor-cta__content-item elementor-content-item\">\n\t\t\t\t\t\t<a title=\"Prepararsi all\u2019esame IELTS \" href=\"https:\/\/live-english.net\/it\/corsi-inglese-online\/esami-inglese\/preparazione-esame-ielts\/ \">Prepararsi all\u2019esame IELTS <\/a>\t\t\t\t\t<\/h2>\n\t\t\t\t\n\t\t\t\t\n\t\t\t\t\t\t\t\t\t<div class=\"elementor-cta__button-wrapper elementor-cta__content-item elementor-content-item \">\n\t\t\t\t\t<a class=\"elementor-cta__button elementor-button elementor-size-\" href=\"https:\/\/live-english.net\/it\/corsi-inglese-online\/esami-inglese\/preparazione-esame-ielts\/\" title=\"IELTS Preparation course\">\n\t\t\t\t\t\tSaperne di pi\u00f9\t\t\t\t\t<\/a>\n\t\t\t\t\t<\/div>\n\t\t\t\t\t\t\t<\/div>\n\t\t\t\t\t\t<\/div>\n\t\t\t\t\t\t<\/div>\n\t\t\t\t<\/div>\n\t\t\t\t\t<\/div>\n\t\t<\/div>\n\t\t\t\t<div class=\"elementor-column elementor-col-25 elementor-top-column elementor-element elementor-element-faee0a6\" data-id=\"faee0a6\" data-element_type=\"column\">\n\t\t\t<div class=\"elementor-widget-wrap elementor-element-populated\">\n\t\t\t\t\t\t<div class=\"elementor-element elementor-element-3ec9ce3 elementor-cta--skin-classic elementor-animated-content elementor-bg-transform elementor-bg-transform-zoom-in elementor-widget elementor-widget-call-to-action\" data-id=\"3ec9ce3\" data-element_type=\"widget\" data-widget_type=\"call-to-action.default\">\n\t\t\t\t<div class=\"elementor-widget-container\">\n\t\t\t\t\t\t\t<div class=\"elementor-cta\">\n\t\t\t\t\t<div class=\"elementor-cta__bg-wrapper\">\n\t\t\t\t<div class=\"elementor-cta__bg elementor-bg\" style=\"background-image: url(https:\/\/live-english.net\/wp-content\/uploads\/2023\/07\/Prepararsi-allesame-TOEIC-1024x576.jpg);\" role=\"img\" aria-label=\"Prepararsi all\u2019esame TOEIC\"><\/div>\n\t\t\t\t<div class=\"elementor-cta__bg-overlay\"><\/div>\n\t\t\t<\/div>\n\t\t\t\t\t\t\t<div class=\"elementor-cta__content\">\n\t\t\t\t\n\t\t\t\t\t\t\t\t\t<h2 class=\"elementor-cta__title elementor-cta__content-item elementor-content-item\">\n\t\t\t\t\t\t<a title=\"Prepararsi all\u2019esame TOEIC\" href=\"https:\/\/live-english.net\/english-courses\/english-exam-preparation\/english-exam-preparation-toeic\/\">Prepararsi all\u2019esame TOEIC  <\/a>\t\t\t\t\t<\/h2>\n\t\t\t\t\n\t\t\t\t\n\t\t\t\t\t\t\t\t\t<div class=\"elementor-cta__button-wrapper elementor-cta__content-item elementor-content-item \">\n\t\t\t\t\t<a class=\"elementor-cta__button elementor-button elementor-size-\" href=\"https:\/\/live-english.net\/english-courses\/english-exam-preparation\/english-exam-preparation-toeic\/\" title=\"TOEIC Preparation course\">\n\t\t\t\t\t\tSaperne di pi\u00f9\t\t\t\t\t<\/a>\n\t\t\t\t\t<\/div>\n\t\t\t\t\t\t\t<\/div>\n\t\t\t\t\t\t<\/div>\n\t\t\t\t\t\t<\/div>\n\t\t\t\t<\/div>\n\t\t\t\t\t<\/div>\n\t\t<\/div>\n\t\t\t\t<div class=\"elementor-column elementor-col-25 elementor-top-column elementor-element elementor-element-26e9abc\" data-id=\"26e9abc\" data-element_type=\"column\">\n\t\t\t<div class=\"elementor-widget-wrap elementor-element-populated\">\n\t\t\t\t\t\t<div class=\"elementor-element elementor-element-eac5b1e elementor-cta--skin-classic elementor-animated-content elementor-bg-transform elementor-bg-transform-zoom-in elementor-widget elementor-widget-call-to-action\" data-id=\"eac5b1e\" data-element_type=\"widget\" data-widget_type=\"call-to-action.default\">\n\t\t\t\t<div class=\"elementor-widget-container\">\n\t\t\t\t\t\t\t<div class=\"elementor-cta\">\n\t\t\t\t\t<div class=\"elementor-cta__bg-wrapper\">\n\t\t\t\t<div class=\"elementor-cta__bg elementor-bg\" style=\"background-image: url(https:\/\/live-english.net\/wp-content\/uploads\/2023\/07\/Prepararsi-allesame-TOEFL-1024x576.jpg);\" role=\"img\" aria-label=\"Prepararsi all\u2019esame TOEFL\"><\/div>\n\t\t\t\t<div class=\"elementor-cta__bg-overlay\"><\/div>\n\t\t\t<\/div>\n\t\t\t\t\t\t\t<div class=\"elementor-cta__content\">\n\t\t\t\t\n\t\t\t\t\t\t\t\t\t<h2 class=\"elementor-cta__title elementor-cta__content-item elementor-content-item\">\n\t\t\t\t\t\t<a title=\"Prepararsi all\u2019esame TOEFL \" href=\"https:\/\/live-english.net\/english-courses\/english-exam-preparation\/english-exam-preparation-toefl\/\">Prepararsi all\u2019esame TOEFL <\/a>\t\t\t\t\t<\/h2>\n\t\t\t\t\n\t\t\t\t\n\t\t\t\t\t\t\t\t\t<div class=\"elementor-cta__button-wrapper elementor-cta__content-item elementor-content-item \">\n\t\t\t\t\t<a class=\"elementor-cta__button elementor-button elementor-size-\" href=\"https:\/\/live-english.net\/english-courses\/english-exam-preparation\/english-exam-preparation-toefl\/\" title=\"TOEFL Preparation course\">\n\t\t\t\t\t\tSaperne di pi\u00f9\t\t\t\t\t<\/a>\n\t\t\t\t\t<\/div>\n\t\t\t\t\t\t\t<\/div>\n\t\t\t\t\t\t<\/div>\n\t\t\t\t\t\t<\/div>\n\t\t\t\t<\/div>\n\t\t\t\t\t<\/div>\n\t\t<\/div>\n\t\t\t\t<div class=\"elementor-column elementor-col-25 elementor-top-column elementor-element elementor-element-8d6a1c8\" data-id=\"8d6a1c8\" data-element_type=\"column\">\n\t\t\t<div class=\"elementor-widget-wrap elementor-element-populated\">\n\t\t\t\t\t\t<div class=\"elementor-element elementor-element-dcff017 elementor-cta--skin-classic elementor-animated-content elementor-bg-transform elementor-bg-transform-zoom-in elementor-widget elementor-widget-call-to-action\" data-id=\"dcff017\" data-element_type=\"widget\" data-widget_type=\"call-to-action.default\">\n\t\t\t\t<div class=\"elementor-widget-container\">\n\t\t\t\t\t\t\t<div class=\"elementor-cta\">\n\t\t\t\t\t<div class=\"elementor-cta__bg-wrapper\">\n\t\t\t\t<div class=\"elementor-cta__bg elementor-bg\" style=\"background-image: url(https:\/\/live-english.net\/wp-content\/uploads\/2023\/07\/Prepararsi-per-esami-Cambridge-1024x576.jpg);\" role=\"img\" aria-label=\"Prepararsi per esami Cambridge\"><\/div>\n\t\t\t\t<div class=\"elementor-cta__bg-overlay\"><\/div>\n\t\t\t<\/div>\n\t\t\t\t\t\t\t<div class=\"elementor-cta__content\">\n\t\t\t\t\n\t\t\t\t\t\t\t\t\t<h2 class=\"elementor-cta__title elementor-cta__content-item elementor-content-item\">\n\t\t\t\t\t\t<a title='Prepararsi per esami Cambridge '>Prepararsi per esami Cambridge<\/a>\t\t\t\t\t<\/h2>\n\t\t\t\t\n\t\t\t\t\n\t\t\t\t\t\t\t\t\t<div class=\"elementor-cta__button-wrapper elementor-cta__content-item elementor-content-item \">\n\t\t\t\t\t<a class=\"elementor-cta__button elementor-button elementor-size-\" href=\"https:\/\/live-english.net\/english-courses\/english-exam-preparation\/english-exam-preparation-cambridge\/\" title=\"Cambridge Exams\">\n\t\t\t\t\t\tSaperne di pi\u00f9\t\t\t\t\t<\/a>\n\t\t\t\t\t<\/div>\n\t\t\t\t\t\t\t<\/div>\n\t\t\t\t\t\t<\/div>\n\t\t\t\t\t\t<\/div>\n\t\t\t\t<\/div>\n\t\t\t\t\t<\/div>\n\t\t<\/div>\n\t\t\t\t\t<\/div>\n\t\t<\/section>\n\t\t\t\t<section class=\"elementor-section elementor-top-section elementor-element elementor-element-e687236 elementor-section-boxed elementor-section-height-default elementor-section-height-default\" data-id=\"e687236\" data-element_type=\"section\">\n\t\t\t\t\t\t<div class=\"elementor-container elementor-column-gap-default\">\n\t\t\t\t\t<div class=\"elementor-column elementor-col-100 elementor-top-column elementor-element elementor-element-9793d98\" data-id=\"9793d98\" data-element_type=\"column\">\n\t\t\t<div class=\"elementor-widget-wrap elementor-element-populated\">\n\t\t\t\t\t\t<div class=\"elementor-element elementor-element-167444c elementor-widget elementor-widget-text-editor\" data-id=\"167444c\" data-element_type=\"widget\" data-widget_type=\"text-editor.default\">\n\t\t\t\t<div class=\"elementor-widget-container\">\n\t\t\t\t\t\t\t\t\t<p>Per ognuno di questi esami ESL, il nostro team di insegnanti dedicati pu\u00f2 aiutarti a ottenere il massimo dei voti. Jeremy \u00e8 un insegnante di Live-English.net di grande esperienza, che conosce tutte le peculiarit\u00e0 degli esami di inglese pi\u00f9 noti. Sai gi\u00e0 quale esame di inglese intendi sostenere? Jeremy ha qualche consiglio da darti:\u00a0<\/p>\t\t\t\t\t\t\t\t<\/div>\n\t\t\t\t<\/div>\n\t\t\t\t<div class=\"elementor-element elementor-element-95c3414 elementor-widget elementor-widget-video\" data-id=\"95c3414\" data-element_type=\"widget\" data-settings=\"{&quot;youtube_url&quot;:&quot;https:\\\/\\\/www.youtube.com\\\/watch?v=fkmIR_YJLOs&quot;,&quot;video_type&quot;:&quot;youtube&quot;,&quot;controls&quot;:&quot;yes&quot;}\" data-widget_type=\"video.default\">\n\t\t\t\t<div class=\"elementor-widget-container\">\n\t\t\t\t\t\t\t<div class=\"elementor-wrapper elementor-open-inline\">\n\t\t\t<div class=\"elementor-video\"><\/div>\t\t<\/div>\n\t\t\t\t\t\t<\/div>\n\t\t\t\t<\/div>\n\t\t\t\t\t<\/div>\n\t\t<\/div>\n\t\t\t\t\t<\/div>\n\t\t<\/section>\n\t\t\t\t<section class=\"elementor-section elementor-top-section elementor-element elementor-element-6ae3b9c elementor-section-boxed elementor-section-height-default elementor-section-height-default\" data-id=\"6ae3b9c\" data-element_type=\"section\">\n\t\t\t\t\t\t<div class=\"elementor-container elementor-column-gap-default\">\n\t\t\t\t\t<div class=\"elementor-column elementor-col-100 elementor-top-column elementor-element elementor-element-e7829dd\" data-id=\"e7829dd\" data-element_type=\"column\">\n\t\t\t<div class=\"elementor-widget-wrap elementor-element-populated\">\n\t\t\t\t\t\t<div class=\"elementor-element elementor-element-fd349ae elementor-widget elementor-widget-text-editor\" data-id=\"fd349ae\" data-element_type=\"widget\" data-widget_type=\"text-editor.default\">\n\t\t\t\t<div class=\"elementor-widget-container\">\n\t\t\t\t\t\t\t\t\t<h2><strong>Blog sugli esami di inglese:<\/strong><\/h2>\n<p>Dai un&#8217;occhiata al nostro blog in inglese e scopri alcuni suggerimenti per superare l&#8217;esame di inglese. Possiamo anche aiutarti a preparare qualsiasi esame di inglese orale che potrebbe essere richiesto per l&#8217;ammissione a un&#8217;universit\u00e0.&nbsp;<\/p>\n<h2><strong>Come possiamo aiutarti a superare l&#8217;esame di inglese?<\/strong><\/h2>\n<p><strong>Se il superamento dell&#8217;esame di inglese \u00e8 una priorit\u00e0, devi prepararti in modo serio.<\/strong> Il mancato ottenimento del voto di cui hai bisogno potrebbe avere ripercussioni sul tuo futuro. Sono diversi i motivi per i quali preparare il tuo esame di inglese con Live-English.net \u00e8 la scelta giusta:<br>\nAbbiamo l&#8217;esperienza necessaria per aiutarti ad avere successo: dal 2007 abbiamo preparato innumerevoli studenti per tutti i tipi di esami di inglese, anche quelli non elencati qui. Qualora non conoscessimo l&#8217;esame specifico che devi sostenere, probabilmente sar\u00e0 simile ad altri esami che conosciamo bene; svolgiamo inoltre diverse ricerche per acquisire informazioni su tale esame.<\/p>\n<h2><strong>Perch\u00e9, per molte persone, \u00e8 cos\u00ec difficile prepararsi per gli esami di lingua inglese?<\/strong><\/h2>\n<p>La prova orale \u00e8 una componente fissa di tutti gli esami di inglese. Sebbene a ogni modulo venga attribuito lo stesso punteggio, per la maggior parte dei candidati la prova orale \u00e8 la pi\u00f9 difficile da superare. Ecco perch\u00e9 la preparazione \u00e8 cos\u00ec importante. Dopo aver acquisito dimestichezza con i requisiti valutati dagli esaminatori, troverai pi\u00f9 semplice prepararti e raggiungere la padronanza che ti aiuter\u00e0 a superare l&#8217;esame.<\/p>\n<p><strong>Ci concentriamo nello specifico sull&#8217;espressione orale:<\/strong> la modalit\u00e0 di svolgimento individuale delle nostre lezioni ti consente di fare pratica su come presentarti in inglese e sul formato dell&#8217;esame. Aiutiamo i nostri studenti anche in tutte le altre aree che vengono testate, come la comprensione scritta, la produzione scritta e la comprensione orale.<\/p>\n<h2><strong>Chi ti insegner\u00e0 a prepararti per gli esami di inglese online su Live-English?<\/strong><\/h2>\n<p><strong>Mettiamo a tua disposizione diversi insegnanti con cui imparare:<\/strong> siamo fermamente convinti che avere 2 o 3 insegnanti che ti aiutino a preparare l&#8217;esame sia un effettivo vantaggio, dal momento che potrai abituarti a diversi accenti (soprattutto quello britannico e americano), beneficerai di un approccio complementare e godrai di una maggiore flessibilit\u00e0 nella programmazione delle tue lezioni.<\/p>\n<p><strong>Puoi seguire un corso intensivo, se necessario:<\/strong> puoi dare un ritmo alle tue lezioni in base alle tue esigenze. Ad esempio, puoi prendere 2 lezioni alla settimana per un paio di mesi e quando ti avvicini alla data dell&#8217;esame, puoi optare per un corso intensivo.<br>\nUna buona preparazione all&#8217;esame di inglese rafforzer\u00e0 la tua sicurezza e ti permetter\u00e0 di accedere all&#8217;esame con molto meno stress.<\/p>\n<p>Registrati per una <a href=\"https:\/\/live-english.net\/it\/inglese-lezione-prova\/\">lezione di prova gratuita<\/a> per consultarti con uno dei nostri insegnanti.<\/p>\t\t\t\t\t\t\t\t<\/div>\n\t\t\t\t<\/div>\n\t\t\t\t\t<\/div>\n\t\t<\/div>\n\t\t\t\t\t<\/div>\n\t\t<\/section>\n\t\t\t\t<\/div>\n\t\t <aside id=\"custom_html-66\" class=\"widget_text widget widget_custom_html amr_widget\"><div class=\"textwidget custom-html-widget\"><div>\r\n\t<br><br>\r\n<\/div>\r\n<!--EN-->\r\n <!--FR-->\r\n<aside id=\"custom_html-76\" class=\"widget_text widget widget_custom_html amr_widget\"><div class=\"textwidget custom-html-widget\"><div><a href=\"https:\/\/member.booknstart.com\/trial-registration?lg=it&amp;referred_by=CTA&amp;office_id=3\" title=\"Book a Free Trial Lesson\" target=\"_blank\" rel=\"noopener\"><img alt=\"Book your free English trial lesson\" src='https:\/\/live-english.net\/wp-content\/uploads\/2023\/02\/CTA-prova.jpg'><\/a>\t\r\n<\/div><\/div><\/aside><!--IT-->\r\n<!--DE-->\r\n <!--ES-->\r\n <!--HE-->\r\n <!--RU--><\/div><\/aside>","protected":false},"excerpt":{"rendered":"<p>Hai un esame di inglese in arrivo? Preparati per il tuo esame di inglese con Live-English.net. Ci sono molti esami di inglese come lingua straniera richiesti per studi o per motivi professionali. Ogni esame di inglese ha le propri regole,<\/p>\n","protected":false},"author":1,"featured_media":32726,"parent":367,"menu_order":0,"comment_status":"closed","ping_status":"closed","template":"","meta":{"_monsterinsights_skip_tracking":false,"_monsterinsights_sitenote_active":false,"_monsterinsights_sitenote_note":"","_monsterinsights_sitenote_category":0,"footnotes":""},"class_list":["post-373","page","type-page","status-publish","hentry"],"_links":{"self":[{"href":"https:\/\/live-english.net\/it\/wp-json\/wp\/v2\/pages\/373","targetHints":{"allow":["GET"]}}],"collection":[{"href":"https:\/\/live-english.net\/it\/wp-json\/wp\/v2\/pages"}],"about":[{"href":"https:\/\/live-english.net\/it\/wp-json\/wp\/v2\/types\/page"}],"author":[{"embeddable":true,"href":"https:\/\/live-english.net\/it\/wp-json\/wp\/v2\/users\/1"}],"replies":[{"embeddable":true,"href":"https:\/\/live-english.net\/it\/wp-json\/wp\/v2\/comments?post=373"}],"version-history":[{"count":16,"href":"https:\/\/live-english.net\/it\/wp-json\/wp\/v2\/pages\/373\/revisions"}],"predecessor-version":[{"id":33068,"href":"https:\/\/live-english.net\/it\/wp-json\/wp\/v2\/pages\/373\/revisions\/33068"}],"up":[{"embeddable":true,"href":"https:\/\/live-english.net\/it\/wp-json\/wp\/v2\/pages\/367"}],"wp:featuredmedia":[{"embeddable":true,"href":"https:\/\/live-english.net\/it\/wp-json\/wp\/v2\/media\/32726"}],"wp:attachment":[{"href":"https:\/\/live-english.net\/it\/wp-json\/wp\/v2\/media?parent=373"}],"curies":[{"name":"wp","href":"https:\/\/api.w.org\/{rel}","templated":true}]}}