{"id":379,"date":"2018-06-04T09:07:14","date_gmt":"2018-06-04T09:07:14","guid":{"rendered":"https:\/\/live-english.net\/?page_id=379"},"modified":"2025-11-12T13:13:42","modified_gmt":"2025-11-12T13:13:42","slug":"corsi-conversazione-inglese","status":"publish","type":"page","link":"https:\/\/live-english.net\/it\/corsi-inglese-online\/corsi-conversazione-inglese\/","title":{"rendered":"Corsi di conversazione inglese"},"content":{"rendered":"\t\t<div data-elementor-type=\"wp-page\" data-elementor-id=\"379\" class=\"elementor elementor-379 elementor-105\" data-elementor-post-type=\"page\">\n\t\t\t\t\t\t<section class=\"elementor-section elementor-top-section elementor-element elementor-element-7e490de elementor-section-boxed elementor-section-height-default elementor-section-height-default\" data-id=\"7e490de\" data-element_type=\"section\">\n\t\t\t\t\t\t<div class=\"elementor-container elementor-column-gap-default\">\n\t\t\t\t\t<div class=\"elementor-column elementor-col-100 elementor-top-column elementor-element elementor-element-ef445b9\" data-id=\"ef445b9\" data-element_type=\"column\">\n\t\t\t<div class=\"elementor-widget-wrap\">\n\t\t\t\t\t\t\t<\/div>\n\t\t<\/div>\n\t\t\t\t\t<\/div>\n\t\t<\/section>\n\t\t\t\t<section class=\"elementor-section elementor-top-section elementor-element elementor-element-a4e8d8e elementor-section-boxed elementor-section-height-default elementor-section-height-default\" data-id=\"a4e8d8e\" data-element_type=\"section\">\n\t\t\t\t\t\t<div class=\"elementor-container elementor-column-gap-default\">\n\t\t\t\t\t<div class=\"elementor-column elementor-col-100 elementor-top-column elementor-element elementor-element-03f9cd0\" data-id=\"03f9cd0\" data-element_type=\"column\">\n\t\t\t<div class=\"elementor-widget-wrap elementor-element-populated\">\n\t\t\t\t\t\t<div class=\"elementor-element elementor-element-f8bfd4b elementor-widget elementor-widget-heading\" data-id=\"f8bfd4b\" data-element_type=\"widget\" data-widget_type=\"heading.default\">\n\t\t\t\t<div class=\"elementor-widget-container\">\n\t\t\t\t\t<h2 class=\"elementor-heading-title elementor-size-default\">Corso di inglese <span style=\"color:#023E8A\">conversazionale<\/span><\/h2>\t\t\t\t<\/div>\n\t\t\t\t<\/div>\n\t\t\t\t<div class=\"elementor-element elementor-element-f447a61 elementor-widget elementor-widget-text-editor\" data-id=\"f447a61\" data-element_type=\"widget\" data-widget_type=\"text-editor.default\">\n\t\t\t\t<div class=\"elementor-widget-container\">\n\t\t\t\t\t\t\t\t\t<p>Corso di inglese conversazionale \u00e8 un corso personalizzato per migliorare la vostra fluenza nell&#8217;inglese parlato, trattando argomenti di conversazione generale. Per prepararvi a una lezione, scegliete un articolo dalla Study Box, la nostra piattaforma di apprendimento, e discutete di attualit\u00e0, cultura, tecnologia e molti altri argomenti con il vostro insegnante. Ogni articolo propone un vocabolario essenziale al quale prestare attenzione e provare a utilizzarlo in varie circostanze.\u00a0<\/p>\t\t\t\t\t\t\t\t<\/div>\n\t\t\t\t<\/div>\n\t\t\t\t\t<\/div>\n\t\t<\/div>\n\t\t\t\t\t<\/div>\n\t\t<\/section>\n\t\t\t\t<section class=\"elementor-section elementor-top-section elementor-element elementor-element-c782bc8 elementor-section-stretched elementor-section-boxed elementor-section-height-default elementor-section-height-default\" data-id=\"c782bc8\" data-element_type=\"section\" data-settings=\"{&quot;stretch_section&quot;:&quot;section-stretched&quot;}\">\n\t\t\t\t\t\t<div class=\"elementor-container elementor-column-gap-default\">\n\t\t\t\t\t<div class=\"elementor-column elementor-col-25 elementor-top-column elementor-element elementor-element-5d75802\" data-id=\"5d75802\" data-element_type=\"column\">\n\t\t\t<div class=\"elementor-widget-wrap elementor-element-populated\">\n\t\t\t\t\t\t<div class=\"elementor-element elementor-element-c3e718b elementor-cta--skin-classic elementor-animated-content elementor-bg-transform elementor-bg-transform-zoom-in elementor-widget elementor-widget-call-to-action\" data-id=\"c3e718b\" data-element_type=\"widget\" data-widget_type=\"call-to-action.default\">\n\t\t\t\t<div class=\"elementor-widget-container\">\n\t\t\t\t\t\t\t<div class=\"elementor-cta\">\n\t\t\t\t\t<div class=\"elementor-cta__bg-wrapper\">\n\t\t\t\t<div class=\"elementor-cta__bg elementor-bg\" style=\"background-image: url(https:\/\/live-english.net\/wp-content\/uploads\/2023\/06\/Accento-Americano-1024x576.jpg);\" role=\"img\" aria-label=\"Accento Americano\"><\/div>\n\t\t\t\t<div class=\"elementor-cta__bg-overlay\"><\/div>\n\t\t\t<\/div>\n\t\t\t\t\t\t\t<div class=\"elementor-cta__content\">\n\t\t\t\t\n\t\t\t\t\t\t\t\t\t<h2 class=\"elementor-cta__title elementor-cta__content-item elementor-content-item\">\n\t\t\t\t\t\t<a title='Accento Americano' href='https:\/\/live-english.net\/it\/corsi-inglese-online\/corsi-conversazione-inglese\/corso-di-conversazione-inglese-accento-americano\/'>Accento Americano<\/a>\t\t\t\t\t<\/h2>\n\t\t\t\t\n\t\t\t\t\n\t\t\t\t\t\t\t\t\t<div class=\"elementor-cta__button-wrapper elementor-cta__content-item elementor-content-item \">\n\t\t\t\t\t<a class=\"elementor-cta__button elementor-button elementor-size-\" href=\"https:\/\/live-english.net\/it\/corsi-inglese-online\/corsi-conversazione-inglese\/corso-di-conversazione-inglese-accento-americano\/\" title=\"American English Course\">\n\t\t\t\t\t\tSaperne di pi\u00f9\t\t\t\t\t<\/a>\n\t\t\t\t\t<\/div>\n\t\t\t\t\t\t\t<\/div>\n\t\t\t\t\t\t<\/div>\n\t\t\t\t\t\t<\/div>\n\t\t\t\t<\/div>\n\t\t\t\t\t<\/div>\n\t\t<\/div>\n\t\t\t\t<div class=\"elementor-column elementor-col-25 elementor-top-column elementor-element elementor-element-494f9ba\" data-id=\"494f9ba\" data-element_type=\"column\">\n\t\t\t<div class=\"elementor-widget-wrap elementor-element-populated\">\n\t\t\t\t\t\t<div class=\"elementor-element elementor-element-f6cd86f elementor-cta--skin-classic elementor-animated-content elementor-bg-transform elementor-bg-transform-zoom-in elementor-widget elementor-widget-call-to-action\" data-id=\"f6cd86f\" data-element_type=\"widget\" data-widget_type=\"call-to-action.default\">\n\t\t\t\t<div class=\"elementor-widget-container\">\n\t\t\t\t\t\t\t<div class=\"elementor-cta\">\n\t\t\t\t\t<div class=\"elementor-cta__bg-wrapper\">\n\t\t\t\t<div class=\"elementor-cta__bg elementor-bg\" style=\"background-image: url(https:\/\/live-english.net\/wp-content\/uploads\/2023\/06\/Live-English-website-Banner-5-1024x576.jpg);\" role=\"img\" aria-label=\"accento britannico\"><\/div>\n\t\t\t\t<div class=\"elementor-cta__bg-overlay\"><\/div>\n\t\t\t<\/div>\n\t\t\t\t\t\t\t<div class=\"elementor-cta__content\">\n\t\t\t\t\n\t\t\t\t\t\t\t\t\t<h2 class=\"elementor-cta__title elementor-cta__content-item elementor-content-item\">\n\t\t\t\t\t\t<a title='Accento Britannico' href='https:\/\/live-english.net\/it\/corsi-inglese-online\/corsi-conversazione-inglese\/corso-inglese-britannico\/'>Accento Britannico<\/a>\t\t\t\t\t<\/h2>\n\t\t\t\t\n\t\t\t\t\t\t\t\t\t<div class=\"elementor-cta__description elementor-cta__content-item elementor-content-item\">\n\t\t\t\t\t\t<!--your English classes are provided by British teachers who will help you learn and speak British English and get more familiar with the British culture-->\t\t\t\t\t<\/div>\n\t\t\t\t\n\t\t\t\t\t\t\t\t\t<div class=\"elementor-cta__button-wrapper elementor-cta__content-item elementor-content-item \">\n\t\t\t\t\t<a class=\"elementor-cta__button elementor-button elementor-size-\" href=\"https:\/\/live-english.net\/it\/corsi-inglese-online\/corsi-conversazione-inglese\/corso-inglese-britannico\/\" title=\"British English Course\">\n\t\t\t\t\t\tSaperne di pi\u00f9\t\t\t\t\t<\/a>\n\t\t\t\t\t<\/div>\n\t\t\t\t\t\t\t<\/div>\n\t\t\t\t\t\t<\/div>\n\t\t\t\t\t\t<\/div>\n\t\t\t\t<\/div>\n\t\t\t\t\t<\/div>\n\t\t<\/div>\n\t\t\t\t<div class=\"elementor-column elementor-col-25 elementor-top-column elementor-element elementor-element-8a66946\" data-id=\"8a66946\" data-element_type=\"column\">\n\t\t\t<div class=\"elementor-widget-wrap elementor-element-populated\">\n\t\t\t\t\t\t<div class=\"elementor-element elementor-element-f82b510 elementor-cta--skin-classic elementor-animated-content elementor-bg-transform elementor-bg-transform-zoom-in elementor-widget elementor-widget-call-to-action\" data-id=\"f82b510\" data-element_type=\"widget\" data-widget_type=\"call-to-action.default\">\n\t\t\t\t<div class=\"elementor-widget-container\">\n\t\t\t\t\t\t\t<div class=\"elementor-cta\">\n\t\t\t\t\t<div class=\"elementor-cta__bg-wrapper\">\n\t\t\t\t<div class=\"elementor-cta__bg elementor-bg\" style=\"background-image: url(https:\/\/live-english.net\/wp-content\/uploads\/2023\/06\/Live-English-website-Banner-15-1024x576.jpg);\" role=\"img\" aria-label=\"Mix di Accenti\"><\/div>\n\t\t\t\t<div class=\"elementor-cta__bg-overlay\"><\/div>\n\t\t\t<\/div>\n\t\t\t\t\t\t\t<div class=\"elementor-cta__content\">\n\t\t\t\t\n\t\t\t\t\t\t\t\t\t<h2 class=\"elementor-cta__title elementor-cta__content-item elementor-content-item\">\n\t\t\t\t\t\t<a title='Mix di Accenti' href='https:\/\/live-english.net\/it\/corsi-inglese-online\/corsi-conversazione-inglese\/mix-accenti\/'>Mix di Accenti<\/a>\t\t\t\t\t<\/h2>\n\t\t\t\t\n\t\t\t\t\t\t\t\t\t<div class=\"elementor-cta__description elementor-cta__content-item elementor-content-item\">\n\t\t\t\t\t\t<!--your English classes are provided by a mix of teachers from different nationalities like American, British, South African, Australian, etc. who will help you understand the differences between different English-speaking countries and get a broad understanding of the Anglo-Saxon culture-->\t\t\t\t\t<\/div>\n\t\t\t\t\n\t\t\t\t\t\t\t\t\t<div class=\"elementor-cta__button-wrapper elementor-cta__content-item elementor-content-item \">\n\t\t\t\t\t<a class=\"elementor-cta__button elementor-button elementor-size-\" href=\"https:\/\/live-english.net\/it\/corsi-inglese-online\/corsi-conversazione-inglese\/mix-accenti\/\" title=\"Mix of English Accents\">\n\t\t\t\t\t\tSaperne di pi\u00f9\t\t\t\t\t<\/a>\n\t\t\t\t\t<\/div>\n\t\t\t\t\t\t\t<\/div>\n\t\t\t\t\t\t<\/div>\n\t\t\t\t\t\t<\/div>\n\t\t\t\t<\/div>\n\t\t\t\t\t<\/div>\n\t\t<\/div>\n\t\t\t\t<div class=\"elementor-column elementor-col-25 elementor-top-column elementor-element elementor-element-8ee723f\" data-id=\"8ee723f\" data-element_type=\"column\">\n\t\t\t<div class=\"elementor-widget-wrap elementor-element-populated\">\n\t\t\t\t\t\t<div class=\"elementor-element elementor-element-1d85e2d elementor-cta--skin-classic elementor-animated-content elementor-bg-transform elementor-bg-transform-zoom-in elementor-widget elementor-widget-call-to-action\" data-id=\"1d85e2d\" data-element_type=\"widget\" data-widget_type=\"call-to-action.default\">\n\t\t\t\t<div class=\"elementor-widget-container\">\n\t\t\t\t\t\t\t<div class=\"elementor-cta\">\n\t\t\t\t\t<div class=\"elementor-cta__bg-wrapper\">\n\t\t\t\t<div class=\"elementor-cta__bg elementor-bg\" style=\"background-image: url(https:\/\/live-english.net\/wp-content\/uploads\/2023\/06\/Live-English-website-Banner-4-2-1024x576.jpg);\" role=\"img\" aria-label=\"inglese per livello elementare\"><\/div>\n\t\t\t\t<div class=\"elementor-cta__bg-overlay\"><\/div>\n\t\t\t<\/div>\n\t\t\t\t\t\t\t<div class=\"elementor-cta__content\">\n\t\t\t\t\n\t\t\t\t\t\t\t\t\t<h2 class=\"elementor-cta__title elementor-cta__content-item elementor-content-item\">\n\t\t\t\t\t\t<a title='Inglese generale per livelli iniziali -' href='https:\/\/live-english.net\/it\/corsi-inglese-online\/corsi-conversazione-inglese\/conversazione-inglese-elementare\/'>Inglese generale per livelli iniziali <\/a>\t\t\t\t\t<\/h2>\n\t\t\t\t\n\t\t\t\t\t\t\t\t\t<div class=\"elementor-cta__description elementor-cta__content-item elementor-content-item\">\n\t\t\t\t\t\t<!--the classes we offer are suitable for people who have at least a lower-intermediate level. If you have not had a chance to learn English at a high level, it\u2019s not too late! We have teachers who have experience and a specific methodology to help you reach the next level-->\t\t\t\t\t<\/div>\n\t\t\t\t\n\t\t\t\t\t\t\t\t\t<div class=\"elementor-cta__button-wrapper elementor-cta__content-item elementor-content-item \">\n\t\t\t\t\t<a class=\"elementor-cta__button elementor-button elementor-size-\" href=\"https:\/\/live-english.net\/it\/corsi-inglese-online\/corsi-conversazione-inglese\/conversazione-inglese-elementare\/\" title=\"Elementary Levels English Course\">\n\t\t\t\t\t\tSaperne di pi\u00f9\t\t\t\t\t<\/a>\n\t\t\t\t\t<\/div>\n\t\t\t\t\t\t\t<\/div>\n\t\t\t\t\t\t<\/div>\n\t\t\t\t\t\t<\/div>\n\t\t\t\t<\/div>\n\t\t\t\t\t<\/div>\n\t\t<\/div>\n\t\t\t\t\t<\/div>\n\t\t<\/section>\n\t\t\t\t<section class=\"elementor-section elementor-top-section elementor-element elementor-element-8c7dc69 elementor-section-boxed elementor-section-height-default elementor-section-height-default\" data-id=\"8c7dc69\" data-element_type=\"section\">\n\t\t\t\t\t\t<div class=\"elementor-container elementor-column-gap-default\">\n\t\t\t\t\t<div class=\"elementor-column elementor-col-100 elementor-top-column elementor-element elementor-element-1876d22\" data-id=\"1876d22\" data-element_type=\"column\">\n\t\t\t<div class=\"elementor-widget-wrap elementor-element-populated\">\n\t\t\t\t\t\t<div class=\"elementor-element elementor-element-820ef1e elementor-widget elementor-widget-shortcode\" data-id=\"820ef1e\" data-element_type=\"widget\" data-widget_type=\"shortcode.default\">\n\t\t\t\t<div class=\"elementor-widget-container\">\n\t\t\t\t\t\t\t<div class=\"elementor-shortcode\"><aside id=\"custom_html-81\" class=\"widget_text widget widget_custom_html amr_widget\"><div class=\"textwidget custom-html-widget\"><!--EN-->\r\n <!--FR-->\r\n<aside id=\"custom_html-83\" class=\"widget_text widget widget_custom_html amr_widget\"><div class=\"textwidget custom-html-widget\"><a href=\"https:\/\/member.booknstart.com\/trial-registration?lg=it&amp;referred_by=sCTA&amp;office_id=3\" title=\"Book a Free Trial Lesson\" target=\"_blank\" rel=\"noopener\"><img decoding=\"async\" src=\"https:\/\/live-english.net\/wp-content\/uploads\/2023\/02\/sCTA-it.jpg\" alt=\"Book your Free English Trial lesson\" \/><\/a><\/div><\/aside><!--IT-->\r\n<!--DE-->\r\n <!--ES-->\r\n <!--HE\r\n[do_widget id=custom_html-72] <!--RU-->\r\n<div>\r\n\t<br><br>\r\n<\/div><\/div><\/aside><\/div>\n\t\t\t\t\t\t<\/div>\n\t\t\t\t<\/div>\n\t\t\t\t<div class=\"elementor-element elementor-element-822d640 elementor-widget elementor-widget-spacer\" data-id=\"822d640\" data-element_type=\"widget\" data-widget_type=\"spacer.default\">\n\t\t\t\t<div class=\"elementor-widget-container\">\n\t\t\t\t\t\t\t<div class=\"elementor-spacer\">\n\t\t\t<div class=\"elementor-spacer-inner\"><\/div>\n\t\t<\/div>\n\t\t\t\t\t\t<\/div>\n\t\t\t\t<\/div>\n\t\t\t\t\t<\/div>\n\t\t<\/div>\n\t\t\t\t\t<\/div>\n\t\t<\/section>\n\t\t\t\t<section class=\"elementor-section elementor-top-section elementor-element elementor-element-ae9e37c elementor-section-full_width elementor-section-stretched elementor-section-height-default elementor-section-height-default\" data-id=\"ae9e37c\" data-element_type=\"section\" data-settings=\"{&quot;stretch_section&quot;:&quot;section-stretched&quot;,&quot;background_background&quot;:&quot;classic&quot;}\">\n\t\t\t\t\t\t<div class=\"elementor-container elementor-column-gap-default\">\n\t\t\t\t\t<div class=\"elementor-column elementor-col-100 elementor-top-column elementor-element elementor-element-1cb23b8\" data-id=\"1cb23b8\" data-element_type=\"column\">\n\t\t\t<div class=\"elementor-widget-wrap elementor-element-populated\">\n\t\t\t\t\t\t<section class=\"elementor-section elementor-inner-section elementor-element elementor-element-de5b281 elementor-section-boxed elementor-section-height-default elementor-section-height-default\" data-id=\"de5b281\" data-element_type=\"section\">\n\t\t\t\t\t\t<div class=\"elementor-container elementor-column-gap-default\">\n\t\t\t\t\t<div class=\"elementor-column elementor-col-100 elementor-inner-column elementor-element elementor-element-bea7b5d\" data-id=\"bea7b5d\" data-element_type=\"column\">\n\t\t\t<div class=\"elementor-widget-wrap elementor-element-populated\">\n\t\t\t\t\t\t<div class=\"elementor-element elementor-element-14ee82ae elementor-widget elementor-widget-text-editor\" data-id=\"14ee82ae\" data-element_type=\"widget\" data-widget_type=\"text-editor.default\">\n\t\t\t\t<div class=\"elementor-widget-container\">\n\t\t\t\t\t\t\t\t\t<p>Con Live-English.net migliorerai in fretta il tuo inglese parlato, prendendo regolarmente lezioni con i nostri insegnanti di madrelingua inglese. Le nostre lezioni di Conversazione Inglese, disponibili via Zoom, Google Meet o telefono, sono sempre personalizzate in base alle tue esigenze. Concentrandoti su argomenti che ti interessano, farai progressi pi\u00f9 velocemente e con maggiore entusiasmo.<\/p><h2>Corso di inglese parlato online<\/h2><p>Ecco i vantaggi delle nostre lezioni di Conversazione Inglese online:<\/p><ul><li>Puoi dedicarti a certi argomenti in base alle esigenze, ai tuoi obiettivi e soprattutto ai tuoi interessi.<\/li><li>Puoi scegliere l&#8217;accento del tuo insegnante.<\/li><li>Puoi studiare con pi\u00f9 insegnanti ed esporti a pi\u00f9 di metodi di insegnamento.<\/li><li>Sar\u00e0 nostra cura fornirti il materiale per le lezioni.<\/li><\/ul><h2>Quale corso di inglese online \u00e8 la soluzione migliore per me?<\/h2><ul><li><u><a href=\"https:\/\/live-english.net\/it\/english-courses\/spoken-english-course\/english-conversation-course-american-accent\/\">Accento Americano<\/a><\/u>: un&#8217;esperienza full-immersion di lingua e cultura americana, con madrelingua dai vari stati degli USA.<\/li><li><u><a href=\"https:\/\/live-english.net\/it\/english-courses\/spoken-english-course\/english-conversation-course-british-accent\/\">Accento Britannico<\/a><\/u>: un ottimo modo per lavorare sul tuo accento britannico e per conoscere da vicino l&#8217;affascinante cultura che lo ha generato.<\/li><li><u><a href=\"https:\/\/live-english.net\/it\/english-courses\/spoken-english-course\/english-conversation-course-mix-accents\/\">Accenti misti:<\/a><\/u> un&#8217;esperienza che ti porta in viaggio intorno al globo, ti aiuta a capire persone madrelingua provenienti da vari paesi di lingua inglese e a praticare il tuo inglese con una variet\u00e0 di insegnanti.<\/li><li><u><a href=\"https:\/\/live-english.net\/it\/english-courses\/spoken-english-course\/english-conversation-course-teenagers\/\">Giovani<\/a><\/u>: un programma creato per adolescenti che desiderano migliorare le proprie competenze linguistiche con insegnanti specializzati.<\/li><li><u><a href=\"https:\/\/live-english.net\/it\/english-courses\/spoken-english-course\/english-conversation-course-elementary-levels\/\">Alle prime armi (A2)<\/a><\/u>: l&#8217;inizio \u00e8 la parte pi\u00f9 difficile. Ecco perch\u00e9 i tuoi primi passi dovrebbero essere guidati da insegnanti professionali, specializzati in inglese per studenti adulti alle prime armi.<\/li><\/ul><h2>Fluenti nel parlare l&#8217;inglese<\/h2><p>Sentiti sicuro di parlare inglese con i famigliari, gli amici, in viaggio o con i colleghi di lavoro. Scegli se prendere lezioni su Zoom o via telefono per migliorare le tue abilit\u00e0 orali, senza uscire da casa o dall&#8217;ufficio.<\/p><h2>Per chi sono le lezioni di conversazione inglese online?<\/h2><p>Anche se hai solo un livello base di inglese, otterrai grandi risultati con il nostro corso di inglese parlato. Le lezioni sono al 100% in inglese: \u00e8 il modo migliore per migliorare il tuo inglese! Gli argomenti delle lezioni sono definiti in base al tuo livello, ai tuoi obiettivi e ai tuoi interessi. \u00c8 la soluzione perfetta se vuoi parlare fluentemente l&#8217;inglese e poter fissarle con l&#8217;insegnante di tua scelta nell&#8217;orario a te comodo.<\/p><p>I nostri insegnanti sono tutti qualificati e di madrelingua inglese. Studiando con loro si impara di pi\u00f9 anche sulle diverse culture del mondo anglofono. Provengono tutti da ambiti ed esperienze diverse. Scopri i <u><a href=\"https:\/\/live-english.net\/it\/online-english-school\/english-teachers\/\">migliori insegnanti di inglese<\/a><\/u> che abbiamo selezionato per te!<\/p><h2>Cosa devo aspettarmi da un corso di inglese parlato?<\/h2><p>Per iniziare con il tuo corso di inglese parlato online, devi prenotare una lezione tramite l&#8217;area membri. Quando \u00e8 il momento della tua lezione, l&#8217;insegnante ti chiama su Zoom o sul tuo telefono, a seconda di cosa hai scelto. Ti consigliamo di collegarti qualche minuto prima dell&#8217;orario della lezione per evitare ritardi.<\/p><p>Se \u00e8 la tua prima lezione, devi presentarti e discutere i tuoi obiettivi e interessi con il tuo insegnante. Di solito puoi farlo durante la <u><a href=\"https:\/\/live-english.net\/it\/free-evaluation\/\">valutazione gratuita<\/a><\/u>.<\/p><p>Si parla di una vasta gamma di argomenti. Le lezioni si basano spesso su un articolo dalla Study Box, scelto prima della lezione. L&#8217;obiettivo principale \u00e8 quello di incoraggiarti a migliorare il tuo inglese intorno ad argomenti che ritieni interessanti, in modo da poter espandere il tuo vocabolario inglese, migliorare la tua grammatica e acquisire fluidit\u00e0 e sicurezza.<\/p><p><strong>Se ti eserciti regolarmente, le tue abilit\u00e0 orali miglioreranno rapidamente.<\/strong><\/p><p>Una sessione a settimana ti aiuter\u00e0 a mantenere il tuo livello. \u00c8 una buona scelta per le persone che hanno gi\u00e0 raggiunto un livello avanzato e hanno bisogno di mantenerlo.<br \/>Due sessioni da 45 minuti o tre sessioni di 30 minuti alla settimana sono l&#8217;impegno pi\u00f9 adeguato per far progressi.<\/p><h2>Perch\u00e9 scegliere Live-English.net per imparare l&#8217;inglese parlato?<\/h2><p>Con Live-English.net scegli esperienza e qualit\u00e0. Da oltre un decennio migliaia di studenti in tutto il mondo si fidano di noi per aiutarli a parlare correntemente l&#8217;inglese. Siamo specializzati nell&#8217;insegnamento dell&#8217;inglese come lingua straniera. I nostri insegnanti sono qualificati e seguiti con formule di formazione continua. Sono tutti madrelingua inglese e oltre alle loro capacit\u00e0 di insegnamento hanno diversi background che vanno dalla finanza alla scienza e alle arti.<\/p><p><strong>Ancora pi\u00f9 importante, su Live-English.net non sarai mai solo un numero.<\/strong><\/p><p>Otterrai attenzione personale, le tue esigenze e i tuoi obiettivi saranno discussi e valutati e il tuo cammino verso una fluenza in inglese sar\u00e0 reso pi\u00f9 leggero da insegnanti attenti e da personale professionale.<\/p><h2>Nostre lezioni di Conversazione Inglese<\/h2><p><iframe src=\"https:\/\/www.youtube.com\/embed\/9pGlJsJvj94\" width=\"560\" height=\"315\" frameborder=\"0\" allowfullscreen=\"allowfullscreen\"><\/iframe><\/p><p><iframe src=\"https:\/\/www.youtube.com\/embed\/AN6dM8PWQMY\" width=\"560\" height=\"315\" frameborder=\"0\" allowfullscreen=\"allowfullscreen\"><\/iframe><\/p><p><strong>Per fare un passo in pi\u00f9:<\/strong><\/p><ul><li>Guarda i suggerimenti e i consigli sul nostro <u><a href=\"https:\/\/live-english.net\/it\/blog\/\">blog per gli studenti di inglese<\/a><\/u> e scopri come migliorare oggi il tuo inglese parlato!<\/li><li>Perch\u00e9 usare <u><a href=\"https:\/\/live-english.net\/it\/online-english-school\/english-video-conference-zoom\/\">Zoom per il tuo corso di inglese<\/a><\/u> parlato?<\/li><li>A chi \u00e8 <u><a href=\"https:\/\/live-english.net\/it\/online-english-school\/english-by-phone\/\">adatto un corso di inglese parlato per telefono<\/a><\/u> ?<\/li><li>Guarda le <u><a href=\"https:\/\/live-english.net\/it\/testimonials-students\/\">testimonianze dei nostri studenti<\/a><\/u> da tutto il mondo<\/li><\/ul><hr \/>\t\t\t\t\t\t\t\t<\/div>\n\t\t\t\t<\/div>\n\t\t\t\t\t<\/div>\n\t\t<\/div>\n\t\t\t\t\t<\/div>\n\t\t<\/section>\n\t\t\t\t\t<\/div>\n\t\t<\/div>\n\t\t\t\t\t<\/div>\n\t\t<\/section>\n\t\t\t\t<section class=\"elementor-section elementor-top-section elementor-element elementor-element-43521a58 elementor-section-boxed elementor-section-height-default elementor-section-height-default\" data-id=\"43521a58\" data-element_type=\"section\">\n\t\t\t\t\t\t<div class=\"elementor-container elementor-column-gap-default\">\n\t\t\t\t\t<div class=\"elementor-column elementor-col-100 elementor-top-column elementor-element elementor-element-2ecf47c8\" data-id=\"2ecf47c8\" data-element_type=\"column\">\n\t\t\t<div class=\"elementor-widget-wrap\">\n\t\t\t\t\t\t\t<\/div>\n\t\t<\/div>\n\t\t\t\t\t<\/div>\n\t\t<\/section>\n\t\t\t\t<\/div>\n\t\t <aside id=\"custom_html-66\" class=\"widget_text widget widget_custom_html amr_widget\"><div class=\"textwidget custom-html-widget\"><div>\r\n\t<br><br>\r\n<\/div>\r\n<!--EN-->\r\n <!--FR-->\r\n<aside id=\"custom_html-76\" class=\"widget_text widget widget_custom_html amr_widget\"><div class=\"textwidget custom-html-widget\"><div><a href=\"https:\/\/member.booknstart.com\/trial-registration?lg=it&amp;referred_by=CTA&amp;office_id=3\" title=\"Book a Free Trial Lesson\" target=\"_blank\" rel=\"noopener\"><img alt=\"Book your free English trial lesson\" src='https:\/\/live-english.net\/wp-content\/uploads\/2023\/02\/CTA-prova.jpg'><\/a>\t\r\n<\/div><\/div><\/aside><!--IT-->\r\n<!--DE-->\r\n <!--ES-->\r\n <!--HE-->\r\n <!--RU--><\/div><\/aside>","protected":false},"excerpt":{"rendered":"<p>Corso di inglese conversazionale Corso di inglese conversazionale \u00e8 un corso personalizzato per migliorare la vostra fluenza nell&#8217;inglese parlato, trattando argomenti di conversazione generale. Per prepararvi a una lezione, scegliete un articolo dalla Study Box, la nostra piattaforma di apprendimento,<\/p>\n","protected":false},"author":1,"featured_media":10179,"parent":367,"menu_order":0,"comment_status":"closed","ping_status":"closed","template":"elementor_header_footer","meta":{"_monsterinsights_skip_tracking":false,"_monsterinsights_sitenote_active":false,"_monsterinsights_sitenote_note":"","_monsterinsights_sitenote_category":0,"footnotes":""},"class_list":["post-379","page","type-page","status-publish","hentry"],"_links":{"self":[{"href":"https:\/\/live-english.net\/it\/wp-json\/wp\/v2\/pages\/379","targetHints":{"allow":["GET"]}}],"collection":[{"href":"https:\/\/live-english.net\/it\/wp-json\/wp\/v2\/pages"}],"about":[{"href":"https:\/\/live-english.net\/it\/wp-json\/wp\/v2\/types\/page"}],"author":[{"embeddable":true,"href":"https:\/\/live-english.net\/it\/wp-json\/wp\/v2\/users\/1"}],"replies":[{"embeddable":true,"href":"https:\/\/live-english.net\/it\/wp-json\/wp\/v2\/comments?post=379"}],"version-history":[{"count":10,"href":"https:\/\/live-english.net\/it\/wp-json\/wp\/v2\/pages\/379\/revisions"}],"predecessor-version":[{"id":43757,"href":"https:\/\/live-english.net\/it\/wp-json\/wp\/v2\/pages\/379\/revisions\/43757"}],"up":[{"embeddable":true,"href":"https:\/\/live-english.net\/it\/wp-json\/wp\/v2\/pages\/367"}],"wp:featuredmedia":[{"embeddable":true,"href":"https:\/\/live-english.net\/it\/wp-json\/wp\/v2\/media\/10179"}],"wp:attachment":[{"href":"https:\/\/live-english.net\/it\/wp-json\/wp\/v2\/media?parent=379"}],"curies":[{"name":"wp","href":"https:\/\/api.w.org\/{rel}","templated":true}]}}