{"id":385,"date":"2018-06-04T09:08:51","date_gmt":"2018-06-04T09:08:51","guid":{"rendered":"https:\/\/live-english.net\/?page_id=385"},"modified":"2025-11-03T11:41:21","modified_gmt":"2025-11-03T11:41:21","slug":"lezioni-inglese-telefono","status":"publish","type":"page","link":"https:\/\/live-english.net\/it\/scuola-inglese-online\/lezioni-inglese-telefono\/","title":{"rendered":"Lezioni di inglese via Telefono"},"content":{"rendered":"<p>Impara l&#8217;inglese al telefono con un insegnante di madrelingua inglese. E&#8217; molto comodo e basta un telefono fisso o cellulare per iniziare. Se vuoi beneficiare della flessibilit\u00e0 di imparare l&#8217;inglese da qualsiasi luogo, o se la tua connessione internet \u00e8 lenta, puoi apprendere l&#8217;inglese tramite telefono o cellulare. \u00c8 una soluzione comoda e semplice per migliorare le tue capacit\u00e0 di conversazione in inglese.<\/p>\n<h2>Le lezioni di inglese al telefono sono adatte a me?<\/h2>\n<p>Con Live-English.net si ha la possibilit\u00e0\u00a0 di scegliere tra <a title=\"lezioni di inglese da Zoom\" href=\"https:\/\/live-english.net\/it\/scuola-inglese-online\/lezioni-inglese-video-zoom\/\">lezioni di inglese su Zoom, su Google Meet<\/a>\u00a0e lezioni di inglese per telefono.<\/p>\n<p>Le <strong>lezioni di inglese per telefono<\/strong> sono di solito consigliate a persone con un buon livello di inglese- tra l&#8217;intermedio e l&#8217;avanzato. Se il tuo livello \u00e8\u00a0 pi\u00f9 basso, ti consigliamo le lezioni di inglese su\u00a0 Google Meet o Zoom per un&#8217;esperienza pi\u00f9 interattiva.<\/p>\n<aside id=\"custom_html-81\" class=\"widget_text widget widget_custom_html amr_widget\"><div class=\"textwidget custom-html-widget\"><!--EN-->\r\n <!--FR-->\r\n<aside id=\"custom_html-83\" class=\"widget_text widget widget_custom_html amr_widget\"><div class=\"textwidget custom-html-widget\"><a href=\"https:\/\/member.booknstart.com\/trial-registration?lg=it&amp;referred_by=sCTA&amp;office_id=3\" title=\"Book a Free Trial Lesson\" target=\"_blank\" rel=\"noopener\"><img decoding=\"async\" src=\"https:\/\/live-english.net\/wp-content\/uploads\/2023\/02\/sCTA-it.jpg\" alt=\"Book your Free English Trial lesson\" \/><\/a><\/div><\/aside><!--IT-->\r\n<!--DE-->\r\n <!--ES-->\r\n <!--HE\r\n[do_widget id=custom_html-72] <!--RU-->\r\n<div>\r\n\t<br><br>\r\n<\/div><\/div><\/aside>\n<h2>Inglese commerciale al telefono<\/h2>\n<p>Molti professionisti scelgono le lezioni di inglese al telefono per il semplice fatto che offrono flessibilit\u00e0, si inseriscono facilmente in un&#8217;agenda piena di impegni e li aiutano a prepararsi alle telefonate di lavoro.<\/p>\n<p>Anche se prediligi le comunicazioni scritte, prima o poi arriver\u00e0 il momento in cui dovrai ricorrere al telefono per una comunicazione aziendale in inglese: un&#8217;esperienza che pu\u00f2 incutere timore. Imparare l&#8217;inglese al telefono ti aiuter\u00e0 ad aumentare il tuo grado di sicurezza e a comunicare in modo efficace in inglese con i tuoi colleghi o clienti.<\/p>\n<p>Il nostro <a title=\"Corso di Inglese Professionale e Commerciale\" href=\"https:\/\/live-english.net\/it\/corsi-inglese-online\/inglese-professionale-commerciale-online\/\">Corso di Inglese Professionale e Commerciale online<\/a> ti aiuter\u00e0 ad acquistare maggiore fiducia nelle situazioni lavorative, migliorando le tue capacit\u00e0 di comunicazione in inglese.<\/p>\n<p>Dai un&#8217;occhiata al nostro tariffario delle lezioni di inglese al telefono e cogli l&#8217;occasione di frequentare un corso di inglese che si inserisce facilmente nella tua agenda.<\/p>\n<h2>Imparare l&#8217;inglese al telefono<\/h2>\n<p>&#8211; Un ottimo modo per <strong>prepararsi a una telefonata in inglese<\/strong> o a una teleconferenza.<\/p>\n<p>&#8211; Ti forniremo un recapito locale fisso e il codice d&#8217;accesso dell&#8217;insegnante.<\/p>\n<p>&#8211; Le lezioni di inglese via telefono durano <strong>30 minuti<\/strong>, perci\u00f2 si pu\u00f2 sempre ritagliare uno spazio anche in un&#8217;agenda molto fitta.<\/p>\n<p>&#8211; Avrai accesso a Study Box, una piattaforma che raccoglie materiali didattici, tra cui scegliere quelli pi\u00f9 inerenti ai vostri interessi.<\/p>\n<p>&#8211;\u00a0 Ora \u00e8 possibile imparare l&#8217;inglese <strong>a casa, in viaggio, in ufficio o in qualsiasi luogo nel mondo<\/strong>!<\/p>\n<h2>Inizia le tue lezioni di inglese al telefono<\/h2>\n<p>Non sprecare tempo e soldi per una scuola di inglese tradizionale. Inizia a imparare l&#8217;inglese al telefono: dai un&#8217;occhiata alle nostre <a href=\"https:\/\/live-english.net\/it\/corsi-inglese-online\/\">offerte per le lezioni di inglese via Telefono<\/a>.<\/p>\n<p>I nostri <a title=\"insegnanti di inglese online\" href=\"https:\/\/live-english.net\/it\/scuola-inglese-online\/insegnanti-inglese-on-line\/\">insegnanti di inglese online<\/a> sono preparati e professionali e sono qui per aiutarti a imparare l&#8217;inglese per telefono nel modo pi\u00f9 veloce ed efficace.<\/p>\n<p><a title=\"Registrati ora\" href=\"https:\/\/live-english.net\/it\/consulenza-gratuita\/\">Registrati ora<\/a> per imparare l&#8217;inglese al telefono.<\/p>\n<h2>Per fare un passo in pi\u00f9:<\/h2>\n<p><iframe src=\"https:\/\/www.youtube.com\/embed\/CrqLxw32rdc?rel=0&amp;controls=0\" width=\"560\" height=\"315\" frameborder=\"0\" allowfullscreen=\"allowfullscreen\"><\/iframe><\/p>\n <aside id=\"custom_html-66\" class=\"widget_text widget widget_custom_html amr_widget\"><div class=\"textwidget custom-html-widget\"><div>\r\n\t<br><br>\r\n<\/div>\r\n<!--EN-->\r\n <!--FR-->\r\n<aside id=\"custom_html-76\" class=\"widget_text widget widget_custom_html amr_widget\"><div class=\"textwidget custom-html-widget\"><div><a href=\"https:\/\/member.booknstart.com\/trial-registration?lg=it&amp;referred_by=CTA&amp;office_id=3\" title=\"Book a Free Trial Lesson\" target=\"_blank\" rel=\"noopener\"><img alt=\"Book your free English trial lesson\" src='https:\/\/live-english.net\/wp-content\/uploads\/2023\/02\/CTA-prova.jpg'><\/a>\t\r\n<\/div><\/div><\/aside><!--IT-->\r\n<!--DE-->\r\n <!--ES-->\r\n <!--HE-->\r\n <!--RU--><\/div><\/aside>","protected":false},"excerpt":{"rendered":"<p>Impara l&#8217;inglese al telefono con un insegnante di madrelingua inglese. E&#8217; molto comodo e basta un telefono fisso o cellulare per iniziare. Se vuoi beneficiare della flessibilit\u00e0 di imparare l&#8217;inglese da qualsiasi luogo, o se la tua connessione internet \u00e8<\/p>\n","protected":false},"author":1,"featured_media":25099,"parent":382,"menu_order":0,"comment_status":"closed","ping_status":"closed","template":"","meta":{"_monsterinsights_skip_tracking":false,"_monsterinsights_sitenote_active":false,"_monsterinsights_sitenote_note":"","_monsterinsights_sitenote_category":0,"footnotes":""},"class_list":["post-385","page","type-page","status-publish","hentry"],"_links":{"self":[{"href":"https:\/\/live-english.net\/it\/wp-json\/wp\/v2\/pages\/385","targetHints":{"allow":["GET"]}}],"collection":[{"href":"https:\/\/live-english.net\/it\/wp-json\/wp\/v2\/pages"}],"about":[{"href":"https:\/\/live-english.net\/it\/wp-json\/wp\/v2\/types\/page"}],"author":[{"embeddable":true,"href":"https:\/\/live-english.net\/it\/wp-json\/wp\/v2\/users\/1"}],"replies":[{"embeddable":true,"href":"https:\/\/live-english.net\/it\/wp-json\/wp\/v2\/comments?post=385"}],"version-history":[{"count":6,"href":"https:\/\/live-english.net\/it\/wp-json\/wp\/v2\/pages\/385\/revisions"}],"predecessor-version":[{"id":43676,"href":"https:\/\/live-english.net\/it\/wp-json\/wp\/v2\/pages\/385\/revisions\/43676"}],"up":[{"embeddable":true,"href":"https:\/\/live-english.net\/it\/wp-json\/wp\/v2\/pages\/382"}],"wp:featuredmedia":[{"embeddable":true,"href":"https:\/\/live-english.net\/it\/wp-json\/wp\/v2\/media\/25099"}],"wp:attachment":[{"href":"https:\/\/live-english.net\/it\/wp-json\/wp\/v2\/media?parent=385"}],"curies":[{"name":"wp","href":"https:\/\/api.w.org\/{rel}","templated":true}]}}