{"id":9823,"date":"2020-02-25T12:43:32","date_gmt":"2020-02-25T12:43:32","guid":{"rendered":"https:\/\/live-english.net\/?page_id=9823"},"modified":"2023-06-21T08:56:27","modified_gmt":"2023-06-21T08:56:27","slug":"corso-inglese-sales-marketing","status":"publish","type":"page","link":"https:\/\/live-english.net\/it\/corsi-inglese-online\/inglese-professionale-commerciale-online\/corso-inglese-sales-marketing\/","title":{"rendered":"Corso di Inglese Commerciale: Vendite e Marketing"},"content":{"rendered":"<h2>Perch\u00e9 seguire un corso di inglese commerciale dedicato alle vendite e al marketing?<\/h2>\n<p>I professionisti nel campo delle vendite e del marketing sono spesso costretti ad abbandonare la propria <em>comfort zone<\/em> e usare la lingua inglese intervenendo a riunioni, parlando con clienti o promuovendo prodotti. Un <strong>corso di inglese commerciale online\u00a0 per marketing e vendite <\/strong>ha il compito di aiutarli. Infatti, permette di\u00a0 migliorare notevolmente la sicurezza e di aumentare la capacit\u00e0 di affrontare situazioni professionali complesse che richiedono una buona padronanza dell&#8217;inglese.<br \/>\n<aside id=\"custom_html-81\" class=\"widget_text widget widget_custom_html amr_widget\"><div class=\"textwidget custom-html-widget\"><!--EN-->\r\n <!--FR-->\r\n<aside id=\"custom_html-83\" class=\"widget_text widget widget_custom_html amr_widget\"><div class=\"textwidget custom-html-widget\"><a href=\"https:\/\/member.booknstart.com\/trial-registration?lg=it&amp;referred_by=sCTA&amp;office_id=3\" title=\"Book a Free Trial Lesson\" target=\"_blank\" rel=\"noopener\"><img decoding=\"async\" src=\"https:\/\/live-english.net\/wp-content\/uploads\/2023\/02\/sCTA-it.jpg\" alt=\"Book your Free English Trial lesson\" \/><\/a><\/div><\/aside><!--IT-->\r\n<!--DE-->\r\n <!--ES-->\r\n <!--HE\r\n[do_widget id=custom_html-72] <!--RU-->\r\n<div>\r\n\t<br><br>\r\n<\/div><\/div><\/aside><\/p>\n<h2>Cosa troverete nel corso di inglese per vendite e marketing?<\/h2>\n<p>Poich\u00e9 questo campo \u00e8 sempre in evoluzione e sta cambiando continuamente, \u00e8 indispensabile che i professionisti che lavorano nel campo abbiano familiarit\u00e0 con la <strong>terminologia aggiornata e siano a proprio agio nell&#8217;affrontare argomenti professionali specifici<\/strong>. Questo sar\u00e0 il focus del corso.<\/p>\n<p><strong>Ti interessa l&#8217;inglese commerciale generale? Dai un&#8217;occhiata al nostro <\/strong><a href=\"https:\/\/live-english.net\/english-courses\/business-english-course\/general-business-english\/\"><strong>Corso di Inglese Commerciale. <\/strong><br \/>\n<\/a><\/p>\n<p>Inoltre, il settore delle vendite e del marketing utilizza un inglese meno formale rispetto\u00a0ad altri settori di attivit\u00e0, pertanto il corso mira ad aiutare gli studenti ad acquisire gli strumenti per comprendere i vari modi di dire e il linguaggio colloquiale che i colleghi o i clienti di lingua inglese potrebbero usare.<\/p>\n<h2>Per chi \u00e8 indicato il corso di inglese commerciale e marketing?<\/h2>\n<p>Chiunque si occupi professionalmente di:<\/p>\n<ul>\n<li>Vendite<\/li>\n<li>Marketing<\/li>\n<li>Servizio clienti<\/li>\n<li>Pubblicit\u00e0<\/li>\n<li>Pubbliche relazioni<\/li>\n<li>Servizio di assistenza<\/li>\n<li>Terziario<\/li>\n<li>Lancio di prodotti<\/li>\n<li>Ricerche di mercato<\/li>\n<\/ul>\n<p>Ognuno trover\u00e0 il corso estremamente utile.<\/p>\n<p>Gli studenti che sono interessati a questo percorso di solito lavorano nelle vendite dirette, nelle vendite al dettaglio, nel marketing, nel marketing online, nel servizio clienti o nel reparto PR.<\/p>\n<h2>Terminologia inglese di vendita e marketing<\/h2>\n<p><strong>La soddisfazione del cliente (spesso abbreviata in CSAT, pi\u00f9 correttamente CSat) <\/strong>\u00e8 un termine spesso utilizzato nel marketing. \u00c8 una misura del modo in cui prodotti e servizi forniti da un&#8217;azienda soddisfano o superano le aspettative dei clienti.<\/p>\n<p><strong>Il marketing digitale <\/strong>\u00e8 il marketing di prodotti o servizi che utilizzano tecnologie digitali, principalmente su Internet, ma includono anche telefoni cellulari, pubblicit\u00e0 o qualsiasi altro supporto digitale.<\/p>\n<p><strong>Indirect marketing <\/strong>\u00e8 una forma di pubblicit\u00e0 in cui le organizzazioni comunicano direttamente con i clienti attraverso una variet\u00e0 di media tra cui messaggi di testo sui telefoni cellulari, e-mail, siti Web, pubblicit\u00e0 online, marketing di database, volantini, distribuzione di cataloghi, lettere promozionali, televisione mirata, giornali, pubblicit\u00e0 su riviste.<\/p>\n<p><em><strong>Elevator pitch<\/strong><\/em><em>\u00a0<\/em>\u00e8 una breve descrizione di un&#8217;idea, un prodotto o un&#8217;azienda che spiega il concetto in modo tale che qualsiasi ascoltatore possa comprenderlo in tempo molto breve.<\/p>\n<p><strong>Marketing automation<\/strong> \u00e8 un software mirato ad automatizzate messaggi o azioni di promozione. Molti dipartimenti di marketing devono automatizzare attivit\u00e0 ripetitive come e-mail, social media e altre azioni del sito web.<\/p>\n<p><strong>KPI<\/strong> del<strong> marketing (Key Performance Indicators) <\/strong>sono specifici indicatori numerici di marketing che le organizzazioni seguono per misurare i loro progressi verso un obiettivo definito all&#8217;interno dei canali di marketing.<\/p>\n<p>Gli insegnanti di madrelingua inglese selezionati per questo percorso hanno esperienza professionale in ambiti di inglese commerciale e del marketing, inglese commerciale per le vendite, conversazioni in inglese per vendite e marketing,<\/p>\n<p>&nbsp;<\/p>\n<p><strong>Il<\/strong> <strong>corso Business e marketing aziendale \u00e8 disponibile nelle formule PRO e PREMIUM.<\/strong><\/p>\n<h2>Per fare un passo in pi\u00f9:<\/h2>\n<ul>\n<li>Controlla i\u00a0<a href=\"https:\/\/live-english.net\/prices\/\">prezzi e le nostre formule<\/a> e iscriviti al corso per iniziare la tua formazione.<\/li>\n<li>Ti interessa saperne di pi\u00f9? Consulta la nostra <a href=\"https:\/\/live-english.net\/it\/category\/inglese-commerciale\/\">sezione blog di inglese commerciale<\/a><\/li>\n<\/ul>\n<p>&nbsp;<\/p>\n <aside id=\"custom_html-66\" class=\"widget_text widget widget_custom_html amr_widget\"><div class=\"textwidget custom-html-widget\"><div>\r\n\t<br><br>\r\n<\/div>\r\n<!--EN-->\r\n <!--FR-->\r\n<aside id=\"custom_html-76\" class=\"widget_text widget widget_custom_html amr_widget\"><div class=\"textwidget custom-html-widget\"><div><a href=\"https:\/\/member.booknstart.com\/trial-registration?lg=it&amp;referred_by=CTA&amp;office_id=3\" title=\"Book a Free Trial Lesson\" target=\"_blank\" rel=\"noopener\"><img alt=\"Book your free English trial lesson\" src='https:\/\/live-english.net\/wp-content\/uploads\/2023\/02\/CTA-prova.jpg'><\/a>\t\r\n<\/div><\/div><\/aside><!--IT-->\r\n<!--DE-->\r\n <!--ES-->\r\n <!--HE-->\r\n <!--RU--><\/div><\/aside>","protected":false},"excerpt":{"rendered":"<p>Perch\u00e9 seguire un corso di inglese commerciale dedicato alle vendite e al marketing? I professionisti nel campo delle vendite e del marketing sono spesso costretti ad abbandonare la propria comfort zone e usare la lingua inglese intervenendo a riunioni, parlando<\/p>\n","protected":false},"author":4,"featured_media":29410,"parent":370,"menu_order":0,"comment_status":"closed","ping_status":"closed","template":"","meta":{"_monsterinsights_skip_tracking":false,"_monsterinsights_sitenote_active":false,"_monsterinsights_sitenote_note":"","_monsterinsights_sitenote_category":0,"footnotes":""},"class_list":["post-9823","page","type-page","status-publish","hentry"],"_links":{"self":[{"href":"https:\/\/live-english.net\/it\/wp-json\/wp\/v2\/pages\/9823","targetHints":{"allow":["GET"]}}],"collection":[{"href":"https:\/\/live-english.net\/it\/wp-json\/wp\/v2\/pages"}],"about":[{"href":"https:\/\/live-english.net\/it\/wp-json\/wp\/v2\/types\/page"}],"author":[{"embeddable":true,"href":"https:\/\/live-english.net\/it\/wp-json\/wp\/v2\/users\/4"}],"replies":[{"embeddable":true,"href":"https:\/\/live-english.net\/it\/wp-json\/wp\/v2\/comments?post=9823"}],"version-history":[{"count":4,"href":"https:\/\/live-english.net\/it\/wp-json\/wp\/v2\/pages\/9823\/revisions"}],"predecessor-version":[{"id":29418,"href":"https:\/\/live-english.net\/it\/wp-json\/wp\/v2\/pages\/9823\/revisions\/29418"}],"up":[{"embeddable":true,"href":"https:\/\/live-english.net\/it\/wp-json\/wp\/v2\/pages\/370"}],"wp:featuredmedia":[{"embeddable":true,"href":"https:\/\/live-english.net\/it\/wp-json\/wp\/v2\/media\/29410"}],"wp:attachment":[{"href":"https:\/\/live-english.net\/it\/wp-json\/wp\/v2\/media?parent=9823"}],"curies":[{"name":"wp","href":"https:\/\/api.w.org\/{rel}","templated":true}]}}