{"id":9994,"date":"2020-03-17T13:48:10","date_gmt":"2020-03-17T13:48:10","guid":{"rendered":"https:\/\/live-english.net\/?page_id=9994"},"modified":"2025-11-29T13:17:45","modified_gmt":"2025-11-29T13:17:45","slug":"corso-inglese-finanza-contabilita","status":"publish","type":"page","link":"https:\/\/live-english.net\/it\/corsi-inglese-online\/inglese-professionale-commerciale-online\/corso-inglese-finanza-contabilita\/","title":{"rendered":"Corso di Inglese commerciale: Finanza e Contabilit\u00e0"},"content":{"rendered":"<p>Professionisti a livello internazionale hanno sempre pi\u00f9 bisogno di essere in grado di comunicare in inglese per lavoro. Al giorno d&#8217;oggi \u00e8 un prerequisito per molti lavori in finanza e contabilit\u00e0 \u00e8 un inglese professionale fluente.<\/p>\n<p>Se il tuo obiettivo \u00e8 essere in grado di parlare di argomenti finanziari in inglese con colleghi, clienti o partner commerciali, questo corso \u00e8 per te.<\/p>\n<p>Studierai con insegnanti madrelingua che hanno conoscenze approfondite in questo campo, nonch\u00e9 un&#8217;effettiva esperienza professionale in finanza o contabilit\u00e0.<\/p>\n<h2>Perch\u00e9 concentrarsi sull&#8217;inglese commerciale per la finanza e la contabilit\u00e0?<\/h2>\n<p>Vi \u00e8 una crescente domanda di inglese fluente nei settori della finanza e della contabilit\u00e0. I manager e i dipendenti si trovano in situazioni in cui l&#8217;inglese \u00e8 indispensabile: devono partecipare a riunioni e conferenze, scrivere e-mail e report e interagire con colleghi in inglese.<br \/>\n<aside id=\"custom_html-81\" class=\"widget_text widget widget_custom_html amr_widget\"><div class=\"textwidget custom-html-widget\"><!--EN-->\r\n <!--FR-->\r\n<aside id=\"custom_html-83\" class=\"widget_text widget widget_custom_html amr_widget\"><div class=\"textwidget custom-html-widget\"><a href=\"https:\/\/member.booknstart.com\/trial-registration?lg=it&amp;referred_by=sCTA&amp;office_id=3\" title=\"Book a Free Trial Lesson\" target=\"_blank\" rel=\"noopener\"><img decoding=\"async\" src=\"https:\/\/live-english.net\/wp-content\/uploads\/2023\/02\/sCTA-it.jpg\" alt=\"Book your Free English Trial lesson\" \/><\/a><\/div><\/aside><!--IT-->\r\n<!--DE-->\r\n <!--ES-->\r\n <!--HE\r\n[do_widget id=custom_html-72] <!--RU-->\r\n<div>\r\n\t<br><br>\r\n<\/div><\/div><\/aside><\/p>\n<h2>Cosa \u00e8 incluso nel corso?<\/h2>\n<p>Il corso di inglese commerciale per contabilit\u00e0 e finanza ti permetter\u00e0 di arricchire il tuo vocabolario economico e finanziario, in modo da aumentare la tua competitivit\u00e0 e promuovere la tua carriera. Sia i termini finanziari britannici che quelli americani saranno trattati durante le lezioni. Scoprirai pi\u00f9 facilmente la comprensione del linguaggio colloquiale utilizzato dai tuoi colleghi e clienti esteri, in particolare dei modi di dire tipici del settore.<\/p>\n<h2>A chi \u00e8 rivolto?<\/h2>\n<p>Il nostro corso di inglese commerciale per la finanza e la contabilit\u00e0 \u00e8 rivolto a tutti coloro che hanno bisogno di migliorare il proprio inglese per motivi professionali o per chi \u00e8\u00a0 interessato al settore bancario, azionario, finanziario, contabile o assicurativo. Queste industrie sono molto competitive e al giorno d&#8217;oggi ed \u00e8 essenziale che i dipendenti comunichino in inglese per avere successo nel mercato globale.<\/p>\n<h2>Come si svolge il corso di inglese commerciale per la finanza e la contabilit\u00e0?<\/h2>\n<p>Scegliendo le lezioni di inglese per contabilit\u00e0 e finanza puoi accedere a una vasta gamma di risorse sulla nostra piattaforma <strong>Study Box,<\/strong> dedicate alla finanza e alla contabilit\u00e0.\u00a0 Gli insegnanti madrelingua che impartiscono le lezioni online tramite Zoom, Google Meet o telefono, sono stati selezionati non solo per le loro conoscenze ed esperienza professionale nel settore, ma sono anche stati preparati per offrirti la migliore esperienza di apprendimento on-line.<\/p>\n<p>Una sessione alla settimana \u00e8 un&#8217;ottima soluzione per le persone che hanno gi\u00e0 una buona padronanza dell&#8217;inglese commerciale, anche in ambito finanziario e contabile, e il cui l&#8217;obiettivo \u00e8 principalmente quello di mantenere il loro livello.<\/p>\n<p>Se il tuo obiettivo \u00e8 di crescere e migliorare rapidamente, consigliamo 2-3 lezioni settimanali. \u00c8 anche buona norma studiare con 2 insegnanti, in modo da essere esposti a pi\u00f9 accenti e conoscenze pi\u00f9 diversificate.<\/p>\n<p>Offriamo anche altri corsi di\u00a0 <a href=\"https:\/\/live-english.net\/english-courses\/business-english-course\/\">inglese commerciale<\/a>.<\/p>\n<p>Vuoi saperne di pi\u00f9 sul nostro corso di inglese commerciale per la finanza e la contabilit\u00e0? Registrati ora per una <a href=\"https:\/\/live-english.net\/free-trial\/\">lezione di prova gratuita<\/a> e discuti le tue esigenze e i tuoi obiettivi con uno dei nostri insegnanti.<\/p>\n<p>&nbsp;<\/p>\n <aside id=\"custom_html-66\" class=\"widget_text widget widget_custom_html amr_widget\"><div class=\"textwidget custom-html-widget\"><div>\r\n\t<br><br>\r\n<\/div>\r\n<!--EN-->\r\n <!--FR-->\r\n<aside id=\"custom_html-76\" class=\"widget_text widget widget_custom_html amr_widget\"><div class=\"textwidget custom-html-widget\"><div><a href=\"https:\/\/member.booknstart.com\/trial-registration?lg=it&amp;referred_by=CTA&amp;office_id=3\" title=\"Book a Free Trial Lesson\" target=\"_blank\" rel=\"noopener\"><img alt=\"Book your free English trial lesson\" src='https:\/\/live-english.net\/wp-content\/uploads\/2023\/02\/CTA-prova.jpg'><\/a>\t\r\n<\/div><\/div><\/aside><!--IT-->\r\n<!--DE-->\r\n <!--ES-->\r\n <!--HE-->\r\n <!--RU--><\/div><\/aside>","protected":false},"excerpt":{"rendered":"<p>Professionisti a livello internazionale hanno sempre pi\u00f9 bisogno di essere in grado di comunicare in inglese per lavoro. Al giorno d&#8217;oggi \u00e8 un prerequisito per molti lavori in finanza e contabilit\u00e0 \u00e8 un inglese professionale fluente. Se il tuo obiettivo<\/p>\n","protected":false},"author":4,"featured_media":29187,"parent":370,"menu_order":0,"comment_status":"closed","ping_status":"closed","template":"","meta":{"_monsterinsights_skip_tracking":false,"_monsterinsights_sitenote_active":false,"_monsterinsights_sitenote_note":"","_monsterinsights_sitenote_category":0,"footnotes":""},"class_list":["post-9994","page","type-page","status-publish","hentry"],"_links":{"self":[{"href":"https:\/\/live-english.net\/it\/wp-json\/wp\/v2\/pages\/9994","targetHints":{"allow":["GET"]}}],"collection":[{"href":"https:\/\/live-english.net\/it\/wp-json\/wp\/v2\/pages"}],"about":[{"href":"https:\/\/live-english.net\/it\/wp-json\/wp\/v2\/types\/page"}],"author":[{"embeddable":true,"href":"https:\/\/live-english.net\/it\/wp-json\/wp\/v2\/users\/4"}],"replies":[{"embeddable":true,"href":"https:\/\/live-english.net\/it\/wp-json\/wp\/v2\/comments?post=9994"}],"version-history":[{"count":6,"href":"https:\/\/live-english.net\/it\/wp-json\/wp\/v2\/pages\/9994\/revisions"}],"predecessor-version":[{"id":43939,"href":"https:\/\/live-english.net\/it\/wp-json\/wp\/v2\/pages\/9994\/revisions\/43939"}],"up":[{"embeddable":true,"href":"https:\/\/live-english.net\/it\/wp-json\/wp\/v2\/pages\/370"}],"wp:featuredmedia":[{"embeddable":true,"href":"https:\/\/live-english.net\/it\/wp-json\/wp\/v2\/media\/29187"}],"wp:attachment":[{"href":"https:\/\/live-english.net\/it\/wp-json\/wp\/v2\/media?parent=9994"}],"curies":[{"name":"wp","href":"https:\/\/api.w.org\/{rel}","templated":true}]}}